{"id":6986,"date":"2024-01-19T14:01:56","date_gmt":"2024-01-19T13:01:56","guid":{"rendered":"https:\/\/robfreshraffraichisseur.fr\/index.php\/produit\/carte-cadeau\/"},"modified":"2025-09-12T13:33:52","modified_gmt":"2025-09-12T11:33:52","slug":"carte-cadeau-decouverte","status":"publish","type":"product","link":"https:\/\/robfreshraffraichisseur.fr\/index.php\/produit\/carte-cadeau-decouverte\/","title":{"rendered":"Carte Cadeau D\u00e9couverte"},"content":{"rendered":"<p>Offrez de l&rsquo;originalit\u00e9 , de la fra\u00eecheur et de l&rsquo;artisanat avec la Carte Cadeau Rob&rsquo;Fresh ! Cr\u00e9e en Provence et \u00e9coresponsable, <a href=\"https:\/\/robfreshraffraichisseur.fr\/index.php\/categorie-produit\/sac-isoherme-miam\/rob-fresh-rafraichisseur-a-bouteilles-tchin\/\"><strong>le rafra\u00eechisseur \u00e0 bouteilles Tchin<\/strong><\/a> ou <a href=\"https:\/\/robfreshraffraichisseur.fr\/index.php\/categorie-produit\/sac-isoherme-miam\/\"><strong>le sac isotherme Miam<\/strong><\/a> allient \u00e9l\u00e9gance et fonctionnalit\u00e9. Parfait pour tous les \u00e9v\u00e9nements tels que anniversaires, f\u00e9licitations, f\u00eates de fin d&rsquo;ann\u00e9e, et bien plus encore. Nos cartes cadeaux sont le moyen id\u00e9al de faire d\u00e9couvrir ce produit original et fabriqu\u00e9 avec amour. Offrez \u00e0 vos proches la libert\u00e9 de choisir leur cadeau, symbolisant l&rsquo;authenticit\u00e9 et la qualit\u00e9 artisanale de la Provence. Un cadeau qui r\u00e9chauffe les c\u0153urs tout en pr\u00e9servant la fra\u00eecheur de tous vos aliments et boissons dans ces moments sp\u00e9ciaux.<\/p>\n","protected":false},"excerpt":{"rendered":"<p>Artisanal et original ! Je fais d\u00e9couvrir Rob&rsquo;fresh pour tous les \u00e9v\u00e9nements joyeux, anniversaires, f\u00e9licitations, f\u00eates de fin d&rsquo;ann\u00e9e et plus encore !<\/p>\n","protected":false},"featured_media":8711,"comment_status":"open","ping_status":"closed","template":"","meta":{"_uag_custom_page_level_css":"","_monsterinsights_skip_tracking":false,"_monsterinsights_sitenote_active":false,"_monsterinsights_sitenote_note":"","_monsterinsights_sitenote_category":0,"site-sidebar-layout":"default","site-content-layout":"","ast-site-content-layout":"default","site-content-style":"default","site-sidebar-style":"default","ast-global-header-display":"","ast-banner-title-visibility":"","ast-main-header-display":"","ast-hfb-above-header-display":"","ast-hfb-below-header-display":"","ast-hfb-mobile-header-display":"","site-post-title":"","ast-breadcrumbs-content":"","ast-featured-img":"","footer-sml-layout":"","theme-transparent-header-meta":"default","adv-header-id-meta":"","stick-header-meta":"","header-above-stick-meta":"","header-main-stick-meta":"","header-below-stick-meta":"","astra-migrate-meta-layouts":"set","ast-page-background-enabled":"default","ast-page-background-meta":{"desktop":{"background-color":"","background-image":"","background-repeat":"repeat","background-position":"center center","background-size":"auto","background-attachment":"scroll","background-type":"","background-media":"","overlay-type":"","overlay-color":"","overlay-opacity":"","overlay-gradient":""},"tablet":{"background-color":"","background-image":"","background-repeat":"repeat","background-position":"center center","background-size":"auto","background-attachment":"scroll","background-type":"","background-media":"","overlay-type":"","overlay-color":"","overlay-opacity":"","overlay-gradient":""},"mobile":{"background-color":"","background-image":"","background-repeat":"repeat","background-position":"center center","background-size":"auto","background-attachment":"scroll","background-type":"","background-media":"","overlay-type":"","overlay-color":"","overlay-opacity":"","overlay-gradient":""}},"ast-content-background-meta":{"desktop":{"background-color":"var(--ast-global-color-5)","background-image":"","background-repeat":"repeat","background-position":"center center","background-size":"auto","background-attachment":"scroll","background-type":"","background-media":"","overlay-type":"","overlay-color":"","overlay-opacity":"","overlay-gradient":""},"tablet":{"background-color":"var(--ast-global-color-5)","background-image":"","background-repeat":"repeat","background-position":"center center","background-size":"auto","background-attachment":"scroll","background-type":"","background-media":"","overlay-type":"","overlay-color":"","overlay-opacity":"","overlay-gradient":""},"mobile":{"background-color":"var(--ast-global-color-5)","background-image":"","background-repeat":"repeat","background-position":"center center","background-size":"auto","background-attachment":"scroll","background-type":"","background-media":"","overlay-type":"","overlay-color":"","overlay-opacity":"","overlay-gradient":""}}},"product_brand":[],"product_cat":[81],"product_tag":[],"class_list":{"0":"post-6986","1":"product","2":"type-product","3":"status-publish","4":"has-post-thumbnail","6":"product_cat-cartes-cadeaux","7":"desktop-align-left","8":"tablet-align-center","9":"mobile-align-center","11":"first","12":"instock","13":"purchasable","14":"product-type-pw-gift-card"},"yoast_head":"<!-- This site is optimized with the Yoast SEO plugin v27.5 - https:\/\/yoast.com\/product\/yoast-seo-wordpress\/ -->\n<title>Carte Cadeau D\u00e9couverte - ROB&#039;FRESH | Sac isotherme artisanal et 100% fran\u00e7ais<\/title>\n<meta name=\"robots\" content=\"index, follow, max-snippet:-1, max-image-preview:large, max-video-preview:-1\" \/>\n<link rel=\"canonical\" href=\"https:\/\/robfreshraffraichisseur.fr\/index.php\/produit\/carte-cadeau-decouverte\/\" \/>\n<meta property=\"og:locale\" content=\"fr_FR\" \/>\n<meta property=\"og:type\" content=\"article\" \/>\n<meta property=\"og:title\" content=\"Carte Cadeau D\u00e9couverte - ROB&#039;FRESH | Sac isotherme artisanal et 100% fran\u00e7ais\" \/>\n<meta property=\"og:description\" content=\"Artisanal et original ! Je fais d\u00e9couvrir Rob&#039;fresh pour tous les \u00e9v\u00e9nements joyeux, anniversaires, f\u00e9licitations, f\u00eates de fin d&#039;ann\u00e9e et plus encore !\" \/>\n<meta property=\"og:url\" content=\"https:\/\/robfreshraffraichisseur.fr\/index.php\/produit\/carte-cadeau-decouverte\/\" \/>\n<meta property=\"og:site_name\" content=\"ROB&#039;FRESH | Sac isotherme artisanal et 100% fran\u00e7ais\" \/>\n<meta property=\"article:publisher\" content=\"https:\/\/www.facebook.com\/profile.php?id=100089611600112\" \/>\n<meta property=\"article:modified_time\" content=\"2025-09-12T11:33:52+00:00\" \/>\n<meta property=\"og:image\" content=\"http:\/\/robfreshraffraichisseur.fr\/wp-content\/uploads\/2024\/01\/carte-cadeau_robfresh.webp\" \/>\n\t<meta property=\"og:image:width\" content=\"600\" \/>\n\t<meta property=\"og:image:height\" content=\"600\" \/>\n\t<meta property=\"og:image:type\" content=\"image\/webp\" \/>\n<meta name=\"twitter:card\" content=\"summary_large_image\" \/>\n<meta name=\"twitter:label1\" content=\"Dur\u00e9e de lecture estim\u00e9e\" \/>\n\t<meta name=\"twitter:data1\" content=\"1 minute\" \/>\n<script type=\"application\/ld+json\" class=\"yoast-schema-graph\">{\"@context\":\"https:\\\/\\\/schema.org\",\"@graph\":[{\"@type\":\"WebPage\",\"@id\":\"https:\\\/\\\/robfreshraffraichisseur.fr\\\/index.php\\\/produit\\\/carte-cadeau-decouverte\\\/\",\"url\":\"https:\\\/\\\/robfreshraffraichisseur.fr\\\/index.php\\\/produit\\\/carte-cadeau-decouverte\\\/\",\"name\":\"Carte Cadeau D\u00e9couverte - ROB&#039;FRESH | Sac isotherme artisanal et 100% fran\u00e7ais\",\"isPartOf\":{\"@id\":\"https:\\\/\\\/robfreshraffraichisseur.fr\\\/#website\"},\"primaryImageOfPage\":{\"@id\":\"https:\\\/\\\/robfreshraffraichisseur.fr\\\/index.php\\\/produit\\\/carte-cadeau-decouverte\\\/#primaryimage\"},\"image\":{\"@id\":\"https:\\\/\\\/robfreshraffraichisseur.fr\\\/index.php\\\/produit\\\/carte-cadeau-decouverte\\\/#primaryimage\"},\"thumbnailUrl\":\"https:\\\/\\\/robfreshraffraichisseur.fr\\\/wp-content\\\/uploads\\\/2024\\\/01\\\/carte-cadeau_robfresh.webp\",\"datePublished\":\"2024-01-19T13:01:56+00:00\",\"dateModified\":\"2025-09-12T11:33:52+00:00\",\"breadcrumb\":{\"@id\":\"https:\\\/\\\/robfreshraffraichisseur.fr\\\/index.php\\\/produit\\\/carte-cadeau-decouverte\\\/#breadcrumb\"},\"inLanguage\":\"fr-FR\",\"potentialAction\":[{\"@type\":\"ReadAction\",\"target\":[\"https:\\\/\\\/robfreshraffraichisseur.fr\\\/index.php\\\/produit\\\/carte-cadeau-decouverte\\\/\"]}]},{\"@type\":\"ImageObject\",\"inLanguage\":\"fr-FR\",\"@id\":\"https:\\\/\\\/robfreshraffraichisseur.fr\\\/index.php\\\/produit\\\/carte-cadeau-decouverte\\\/#primaryimage\",\"url\":\"https:\\\/\\\/robfreshraffraichisseur.fr\\\/wp-content\\\/uploads\\\/2024\\\/01\\\/carte-cadeau_robfresh.webp\",\"contentUrl\":\"https:\\\/\\\/robfreshraffraichisseur.fr\\\/wp-content\\\/uploads\\\/2024\\\/01\\\/carte-cadeau_robfresh.webp\",\"width\":600,\"height\":600,\"caption\":\"carte-cadeau_robfresh\"},{\"@type\":\"BreadcrumbList\",\"@id\":\"https:\\\/\\\/robfreshraffraichisseur.fr\\\/index.php\\\/produit\\\/carte-cadeau-decouverte\\\/#breadcrumb\",\"itemListElement\":[{\"@type\":\"ListItem\",\"position\":1,\"name\":\"Accueil\",\"item\":\"https:\\\/\\\/robfreshraffraichisseur.fr\\\/\"},{\"@type\":\"ListItem\",\"position\":2,\"name\":\"Ma boutique\",\"item\":\"https:\\\/\\\/robfreshraffraichisseur.fr\\\/index.php\\\/ma-boutique\\\/\"},{\"@type\":\"ListItem\",\"position\":3,\"name\":\"Carte Cadeau D\u00e9couverte\"}]},{\"@type\":\"WebSite\",\"@id\":\"https:\\\/\\\/robfreshraffraichisseur.fr\\\/#website\",\"url\":\"https:\\\/\\\/robfreshraffraichisseur.fr\\\/\",\"name\":\"ROB'FRESH | Sac isotherme artisanal et 100% fran\u00e7ais\",\"description\":\"Rob&#039;Fresh un rafraichisseur \u00e0 bouteilles , original et chic\",\"publisher\":{\"@id\":\"https:\\\/\\\/robfreshraffraichisseur.fr\\\/#organization\"},\"alternateName\":\"Rob'Fresh\",\"potentialAction\":[{\"@type\":\"SearchAction\",\"target\":{\"@type\":\"EntryPoint\",\"urlTemplate\":\"https:\\\/\\\/robfreshraffraichisseur.fr\\\/?s={search_term_string}\"},\"query-input\":{\"@type\":\"PropertyValueSpecification\",\"valueRequired\":true,\"valueName\":\"search_term_string\"}}],\"inLanguage\":\"fr-FR\"},{\"@type\":\"Organization\",\"@id\":\"https:\\\/\\\/robfreshraffraichisseur.fr\\\/#organization\",\"name\":\"ROB'FRESH | Sac isotherme artisanal et 100% fran\u00e7ais\",\"url\":\"https:\\\/\\\/robfreshraffraichisseur.fr\\\/\",\"logo\":{\"@type\":\"ImageObject\",\"inLanguage\":\"fr-FR\",\"@id\":\"https:\\\/\\\/robfreshraffraichisseur.fr\\\/#\\\/schema\\\/logo\\\/image\\\/\",\"url\":\"https:\\\/\\\/robfreshraffraichisseur.fr\\\/wp-content\\\/uploads\\\/2023\\\/05\\\/cropped-logo-Rob-Fresh-1-scaled.jpg\",\"contentUrl\":\"https:\\\/\\\/robfreshraffraichisseur.fr\\\/wp-content\\\/uploads\\\/2023\\\/05\\\/cropped-logo-Rob-Fresh-1-scaled.jpg\",\"width\":1500,\"height\":500,\"caption\":\"ROB'FRESH | Sac isotherme artisanal et 100% fran\u00e7ais\"},\"image\":{\"@id\":\"https:\\\/\\\/robfreshraffraichisseur.fr\\\/#\\\/schema\\\/logo\\\/image\\\/\"},\"sameAs\":[\"https:\\\/\\\/www.facebook.com\\\/profile.php?id=100089611600112\",\"https:\\\/\\\/www.instagram.com\\\/stories\\\/fka_creations_rob_fresh\\\/3128058353593416974\\\/\"]}]}<\/script>\n<!-- \/ Yoast SEO plugin. -->","yoast_head_json":{"title":"Carte Cadeau D\u00e9couverte - ROB&#039;FRESH | Sac isotherme artisanal et 100% fran\u00e7ais","robots":{"index":"index","follow":"follow","max-snippet":"max-snippet:-1","max-image-preview":"max-image-preview:large","max-video-preview":"max-video-preview:-1"},"canonical":"https:\/\/robfreshraffraichisseur.fr\/index.php\/produit\/carte-cadeau-decouverte\/","og_locale":"fr_FR","og_type":"article","og_title":"Carte Cadeau D\u00e9couverte - ROB&#039;FRESH | Sac isotherme artisanal et 100% fran\u00e7ais","og_description":"Artisanal et original ! Je fais d\u00e9couvrir Rob'fresh pour tous les \u00e9v\u00e9nements joyeux, anniversaires, f\u00e9licitations, f\u00eates de fin d'ann\u00e9e et plus encore !","og_url":"https:\/\/robfreshraffraichisseur.fr\/index.php\/produit\/carte-cadeau-decouverte\/","og_site_name":"ROB&#039;FRESH | Sac isotherme artisanal et 100% fran\u00e7ais","article_publisher":"https:\/\/www.facebook.com\/profile.php?id=100089611600112","article_modified_time":"2025-09-12T11:33:52+00:00","og_image":[{"width":600,"height":600,"url":"http:\/\/robfreshraffraichisseur.fr\/wp-content\/uploads\/2024\/01\/carte-cadeau_robfresh.webp","type":"image\/webp"}],"twitter_card":"summary_large_image","twitter_misc":{"Dur\u00e9e de lecture estim\u00e9e":"1 minute"},"schema":{"@context":"https:\/\/schema.org","@graph":[{"@type":"WebPage","@id":"https:\/\/robfreshraffraichisseur.fr\/index.php\/produit\/carte-cadeau-decouverte\/","url":"https:\/\/robfreshraffraichisseur.fr\/index.php\/produit\/carte-cadeau-decouverte\/","name":"Carte Cadeau D\u00e9couverte - ROB&#039;FRESH | Sac isotherme artisanal et 100% fran\u00e7ais","isPartOf":{"@id":"https:\/\/robfreshraffraichisseur.fr\/#website"},"primaryImageOfPage":{"@id":"https:\/\/robfreshraffraichisseur.fr\/index.php\/produit\/carte-cadeau-decouverte\/#primaryimage"},"image":{"@id":"https:\/\/robfreshraffraichisseur.fr\/index.php\/produit\/carte-cadeau-decouverte\/#primaryimage"},"thumbnailUrl":"https:\/\/robfreshraffraichisseur.fr\/wp-content\/uploads\/2024\/01\/carte-cadeau_robfresh.webp","datePublished":"2024-01-19T13:01:56+00:00","dateModified":"2025-09-12T11:33:52+00:00","breadcrumb":{"@id":"https:\/\/robfreshraffraichisseur.fr\/index.php\/produit\/carte-cadeau-decouverte\/#breadcrumb"},"inLanguage":"fr-FR","potentialAction":[{"@type":"ReadAction","target":["https:\/\/robfreshraffraichisseur.fr\/index.php\/produit\/carte-cadeau-decouverte\/"]}]},{"@type":"ImageObject","inLanguage":"fr-FR","@id":"https:\/\/robfreshraffraichisseur.fr\/index.php\/produit\/carte-cadeau-decouverte\/#primaryimage","url":"https:\/\/robfreshraffraichisseur.fr\/wp-content\/uploads\/2024\/01\/carte-cadeau_robfresh.webp","contentUrl":"https:\/\/robfreshraffraichisseur.fr\/wp-content\/uploads\/2024\/01\/carte-cadeau_robfresh.webp","width":600,"height":600,"caption":"carte-cadeau_robfresh"},{"@type":"BreadcrumbList","@id":"https:\/\/robfreshraffraichisseur.fr\/index.php\/produit\/carte-cadeau-decouverte\/#breadcrumb","itemListElement":[{"@type":"ListItem","position":1,"name":"Accueil","item":"https:\/\/robfreshraffraichisseur.fr\/"},{"@type":"ListItem","position":2,"name":"Ma boutique","item":"https:\/\/robfreshraffraichisseur.fr\/index.php\/ma-boutique\/"},{"@type":"ListItem","position":3,"name":"Carte Cadeau D\u00e9couverte"}]},{"@type":"WebSite","@id":"https:\/\/robfreshraffraichisseur.fr\/#website","url":"https:\/\/robfreshraffraichisseur.fr\/","name":"ROB'FRESH | Sac isotherme artisanal et 100% fran\u00e7ais","description":"Rob&#039;Fresh un rafraichisseur \u00e0 bouteilles , original et chic","publisher":{"@id":"https:\/\/robfreshraffraichisseur.fr\/#organization"},"alternateName":"Rob'Fresh","potentialAction":[{"@type":"SearchAction","target":{"@type":"EntryPoint","urlTemplate":"https:\/\/robfreshraffraichisseur.fr\/?s={search_term_string}"},"query-input":{"@type":"PropertyValueSpecification","valueRequired":true,"valueName":"search_term_string"}}],"inLanguage":"fr-FR"},{"@type":"Organization","@id":"https:\/\/robfreshraffraichisseur.fr\/#organization","name":"ROB'FRESH | Sac isotherme artisanal et 100% fran\u00e7ais","url":"https:\/\/robfreshraffraichisseur.fr\/","logo":{"@type":"ImageObject","inLanguage":"fr-FR","@id":"https:\/\/robfreshraffraichisseur.fr\/#\/schema\/logo\/image\/","url":"https:\/\/robfreshraffraichisseur.fr\/wp-content\/uploads\/2023\/05\/cropped-logo-Rob-Fresh-1-scaled.jpg","contentUrl":"https:\/\/robfreshraffraichisseur.fr\/wp-content\/uploads\/2023\/05\/cropped-logo-Rob-Fresh-1-scaled.jpg","width":1500,"height":500,"caption":"ROB'FRESH | Sac isotherme artisanal et 100% fran\u00e7ais"},"image":{"@id":"https:\/\/robfreshraffraichisseur.fr\/#\/schema\/logo\/image\/"},"sameAs":["https:\/\/www.facebook.com\/profile.php?id=100089611600112","https:\/\/www.instagram.com\/stories\/fka_creations_rob_fresh\/3128058353593416974\/"]}]}},"uagb_featured_image_src":{"full":["https:\/\/robfreshraffraichisseur.fr\/wp-content\/uploads\/2024\/01\/carte-cadeau_robfresh.webp",600,600,false],"thumbnail":["https:\/\/robfreshraffraichisseur.fr\/wp-content\/uploads\/2024\/01\/carte-cadeau_robfresh-150x150.webp",150,150,true],"medium":["https:\/\/robfreshraffraichisseur.fr\/wp-content\/uploads\/2024\/01\/carte-cadeau_robfresh-300x300.webp",300,300,true],"medium_large":["https:\/\/robfreshraffraichisseur.fr\/wp-content\/uploads\/2024\/01\/carte-cadeau_robfresh.webp",600,600,false],"large":["https:\/\/robfreshraffraichisseur.fr\/wp-content\/uploads\/2024\/01\/carte-cadeau_robfresh.webp",600,600,false],"1536x1536":["https:\/\/robfreshraffraichisseur.fr\/wp-content\/uploads\/2024\/01\/carte-cadeau_robfresh.webp",600,600,false],"2048x2048":["https:\/\/robfreshraffraichisseur.fr\/wp-content\/uploads\/2024\/01\/carte-cadeau_robfresh.webp",600,600,false],"woocommerce_thumbnail":["https:\/\/robfreshraffraichisseur.fr\/wp-content\/uploads\/2024\/01\/carte-cadeau_robfresh-300x300.webp",300,300,true],"woocommerce_single":["https:\/\/robfreshraffraichisseur.fr\/wp-content\/uploads\/2024\/01\/carte-cadeau_robfresh.webp",600,600,false],"woocommerce_gallery_thumbnail":["https:\/\/robfreshraffraichisseur.fr\/wp-content\/uploads\/2024\/01\/carte-cadeau_robfresh-100x100.webp",100,100,true],"variation_swatches_image_size":["https:\/\/robfreshraffraichisseur.fr\/wp-content\/uploads\/2024\/01\/carte-cadeau_robfresh-50x50.webp",50,50,true],"variation_swatches_tooltip_size":["https:\/\/robfreshraffraichisseur.fr\/wp-content\/uploads\/2024\/01\/carte-cadeau_robfresh-100x100.webp",100,100,true]},"uagb_author_info":{"display_name":"84.robfresh@gmail.com","author_link":"https:\/\/robfreshraffraichisseur.fr\/index.php\/author\/"},"uagb_comment_info":0,"uagb_excerpt":"Artisanal et original ! Je fais d\u00e9couvrir Rob'fresh pour tous les \u00e9v\u00e9nements joyeux, anniversaires, f\u00e9licitations, f\u00eates de fin d'ann\u00e9e et plus encore !","_links":{"self":[{"href":"https:\/\/robfreshraffraichisseur.fr\/index.php\/wp-json\/wp\/v2\/product\/6986","targetHints":{"allow":["GET"]}}],"collection":[{"href":"https:\/\/robfreshraffraichisseur.fr\/index.php\/wp-json\/wp\/v2\/product"}],"about":[{"href":"https:\/\/robfreshraffraichisseur.fr\/index.php\/wp-json\/wp\/v2\/types\/product"}],"replies":[{"embeddable":true,"href":"https:\/\/robfreshraffraichisseur.fr\/index.php\/wp-json\/wp\/v2\/comments?post=6986"}],"wp:featuredmedia":[{"embeddable":true,"href":"https:\/\/robfreshraffraichisseur.fr\/index.php\/wp-json\/wp\/v2\/media\/8711"}],"wp:attachment":[{"href":"https:\/\/robfreshraffraichisseur.fr\/index.php\/wp-json\/wp\/v2\/media?parent=6986"}],"wp:term":[{"taxonomy":"product_brand","embeddable":true,"href":"https:\/\/robfreshraffraichisseur.fr\/index.php\/wp-json\/wp\/v2\/product_brand?post=6986"},{"taxonomy":"product_cat","embeddable":true,"href":"https:\/\/robfreshraffraichisseur.fr\/index.php\/wp-json\/wp\/v2\/product_cat?post=6986"},{"taxonomy":"product_tag","embeddable":true,"href":"https:\/\/robfreshraffraichisseur.fr\/index.php\/wp-json\/wp\/v2\/product_tag?post=6986"}],"curies":[{"name":"wp","href":"https:\/\/api.w.org\/{rel}","templated":true}]}}