{"id":7123,"date":"2024-01-21T19:37:08","date_gmt":"2024-01-21T18:37:08","guid":{"rendered":"https:\/\/robfreshraffraichisseur.fr\/?post_type=product&#038;p=7123"},"modified":"2025-11-07T22:34:06","modified_gmt":"2025-11-07T21:34:06","slug":"robfresh-miam-cocorico-bleu","status":"publish","type":"product","link":"https:\/\/robfreshraffraichisseur.fr\/index.php\/produit\/robfresh-miam-cocorico-bleu\/","title":{"rendered":"Rob&rsquo;Fresh Miam Cocorico Bleu"},"content":{"rendered":"<h3 data-start=\"972\" data-end=\"998\"><strong data-start=\"976\" data-end=\"996\">Sac isotherme artisanal, \u00e9l\u00e9gant et \u00e9co-responsables<\/strong><\/h3>\n<p data-start=\"257\" data-end=\"525\">Le sac isotherme <strong data-start=\"274\" data-end=\"306\">Rob\u2019Fresh MIAM Cocorico Bleu<\/strong> est l\u2019alli\u00e9 id\u00e9al pour transporter vos repas, go\u00fbters, pique-niques ou ap\u00e9ritifs en toute originalit\u00e9. Inspir\u00e9 de la maroquinerie, il associe \u00e9l\u00e9gance et praticit\u00e9 pour accompagner vos pauses gourmandes au quotidien.<\/p>\n<p data-start=\"527\" data-end=\"828\">Confectionn\u00e9 \u00e0 partir de tissus <strong data-start=\"559\" data-end=\"582\">labellis\u00e9s OEKO-TEX<\/strong>, il est lavable \u00e0 30 \u00b0C et durable. Il est livr\u00e9 avec un <strong data-start=\"640\" data-end=\"681\">gel pack \u00e9cologique en kraft de 200 g<\/strong>, biod\u00e9gradable et fabriqu\u00e9 en France. Une fois congel\u00e9, ce gel pack assure jusqu\u2019\u00e0 <strong data-start=\"765\" data-end=\"790\">6 heures de fra\u00eecheur<\/strong>, tout en \u00e9tant r\u00e9sistant aux chocs.<\/p>\n<p data-start=\"830\" data-end=\"983\">Gr\u00e2ce \u00e0 ses <strong data-start=\"842\" data-end=\"867\">pressions magn\u00e9tiques<\/strong>, l\u2019ouverture est simple et ludique. L\u00e9ger et robuste, ce sac peut supporter une charge allant jusqu\u2019\u00e0 <strong data-start=\"970\" data-end=\"980\">2,8 kg<\/strong>.<\/p>\n<h3 data-start=\"972\" data-end=\"998\"><strong data-start=\"976\" data-end=\"996\">Caract\u00e9ristiques<\/strong><\/h3>\n<ul>\n<li data-start=\"1001\" data-end=\"1035\">Dimensions :\u00a0<strong data-start=\"1014\" data-end=\"1033\">37 \u00d7 25 \u00d7 10 cm<\/strong><\/li>\n<li data-start=\"1001\" data-end=\"1035\">Poids :\u00a0<strong data-start=\"1046\" data-end=\"1055\">300 g<\/strong><\/li>\n<li data-start=\"1060\" data-end=\"1090\">Charge maximale :\u00a0<strong data-start=\"1078\" data-end=\"1088\">2,8 kg<\/strong><\/li>\n<li data-start=\"1060\" data-end=\"1090\">Fermeture par\u00a0<strong data-start=\"1107\" data-end=\"1136\">pressions magn\u00e9tiques (3)<\/strong><\/li>\n<\/ul>\n<h3 data-start=\"1145\" data-end=\"1164\"><strong data-start=\"1149\" data-end=\"1162\">Mat\u00e9riaux<\/strong><\/h3>\n<ul>\n<li data-start=\"1167\" data-end=\"1193\">Tissu coton\u00a0<strong data-start=\"1179\" data-end=\"1191\">OEKO-TEX<\/strong><\/li>\n<li data-start=\"1167\" data-end=\"1193\">Film thermique isotherme (r\u00e9flecteur aluminium + poly\u00e9thyl\u00e8ne)<\/li>\n<li data-start=\"1167\" data-end=\"1193\">Sangles r\u00e9sistantes en polypropyl\u00e8ne (28 cm)<\/li>\n<li data-start=\"1167\" data-end=\"1193\">Coton serg\u00e9<\/li>\n<li data-start=\"1328\" data-end=\"1379\"><strong data-start=\"1328\" data-end=\"1351\">Gel pack \u00e9cologique<\/strong>\u00a0et biod\u00e9gradable de 200 g<\/li>\n<li data-start=\"1328\" data-end=\"1379\">Fabrication artisanale, en partie r\u00e9alis\u00e9e dans un atelier d\u2019insertion<\/li>\n<\/ul>\n<h3 data-start=\"1461\" data-end=\"1499\"><strong data-start=\"1465\" data-end=\"1497\">Pourquoi choisir Rob\u2019Fresh ?<\/strong><\/h3>\n<p><img decoding=\"async\" class=\"emoji\" role=\"img\" draggable=\"false\" src=\"https:\/\/s.w.org\/images\/core\/emoji\/16.0.1\/svg\/2705.svg\" alt=\"\u2705\" \/>\u00a0<strong data-start=\"1504\" data-end=\"1523\">\u00c9co-responsable<\/strong>\u00a0: mat\u00e9riaux certifi\u00e9s, biod\u00e9gradables et recyclables<br \/>\n<img decoding=\"async\" class=\"emoji\" role=\"img\" draggable=\"false\" src=\"https:\/\/s.w.org\/images\/core\/emoji\/16.0.1\/svg\/2705.svg\" alt=\"\u2705\" \/>\u00a0<strong data-start=\"1583\" data-end=\"1621\">Fabrication artisanale en Provence<\/strong>\u00a0avec souci du d\u00e9tail<br \/>\n<img decoding=\"async\" class=\"emoji\" role=\"img\" draggable=\"false\" src=\"https:\/\/s.w.org\/images\/core\/emoji\/16.0.1\/svg\/2705.svg\" alt=\"\u2705\" \/>\u00a0<strong data-start=\"1649\" data-end=\"1672\">Pratique et durable<\/strong>\u00a0: jusqu\u2019\u00e0 6h de fra\u00eecheur, lavable, r\u00e9sistant<br \/>\n<img decoding=\"async\" class=\"emoji\" role=\"img\" draggable=\"false\" src=\"https:\/\/s.w.org\/images\/core\/emoji\/16.0.1\/svg\/2705.svg\" alt=\"\u2705\" \/>\u00a0<strong data-start=\"1725\" data-end=\"1748\">\u00c9l\u00e9gant et original<\/strong>\u00a0: design inspir\u00e9 de la maroquinerie<\/p>\n","protected":false},"excerpt":{"rendered":"<p style=\"text-align: left;\">Emmenez partout ce <strong>sac isotherme<\/strong> <em>Rob\u2019Fresh Miam <\/em>Cocorico Bleu, de la maison au bureau&#8230;du bureau au sport \u2026 du sport \u00e0 la plage&#8230;de la plage \u00e0 la montagne et partout o\u00f9 vous voulez ! En toutes circonstances et pour toutes vos escapades !<br \/>\nCe<strong> sac<\/strong> <strong>isotherme\u00a0<\/strong>rafra\u00eechisseur de boissons deviendra : <em>Votre alli\u00e9 fra\u00eecheur<strong> !<\/strong><\/em><\/p>\n","protected":false},"featured_media":8634,"comment_status":"open","ping_status":"closed","template":"","meta":{"_uag_custom_page_level_css":"","_monsterinsights_skip_tracking":false,"_monsterinsights_sitenote_active":false,"_monsterinsights_sitenote_note":"","_monsterinsights_sitenote_category":0,"site-sidebar-layout":"default","site-content-layout":"","ast-site-content-layout":"default","site-content-style":"default","site-sidebar-style":"default","ast-global-header-display":"","ast-banner-title-visibility":"","ast-main-header-display":"","ast-hfb-above-header-display":"","ast-hfb-below-header-display":"","ast-hfb-mobile-header-display":"","site-post-title":"","ast-breadcrumbs-content":"","ast-featured-img":"","footer-sml-layout":"","theme-transparent-header-meta":"default","adv-header-id-meta":"","stick-header-meta":"","header-above-stick-meta":"","header-main-stick-meta":"","header-below-stick-meta":"","astra-migrate-meta-layouts":"set","ast-page-background-enabled":"default","ast-page-background-meta":{"desktop":{"background-color":"","background-image":"","background-repeat":"repeat","background-position":"center center","background-size":"auto","background-attachment":"scroll","background-type":"","background-media":"","overlay-type":"","overlay-color":"","overlay-opacity":"","overlay-gradient":""},"tablet":{"background-color":"","background-image":"","background-repeat":"repeat","background-position":"center center","background-size":"auto","background-attachment":"scroll","background-type":"","background-media":"","overlay-type":"","overlay-color":"","overlay-opacity":"","overlay-gradient":""},"mobile":{"background-color":"","background-image":"","background-repeat":"repeat","background-position":"center center","background-size":"auto","background-attachment":"scroll","background-type":"","background-media":"","overlay-type":"","overlay-color":"","overlay-opacity":"","overlay-gradient":""}},"ast-content-background-meta":{"desktop":{"background-color":"var(--ast-global-color-5)","background-image":"","background-repeat":"repeat","background-position":"center center","background-size":"auto","background-attachment":"scroll","background-type":"","background-media":"","overlay-type":"","overlay-color":"","overlay-opacity":"","overlay-gradient":""},"tablet":{"background-color":"var(--ast-global-color-5)","background-image":"","background-repeat":"repeat","background-position":"center center","background-size":"auto","background-attachment":"scroll","background-type":"","background-media":"","overlay-type":"","overlay-color":"","overlay-opacity":"","overlay-gradient":""},"mobile":{"background-color":"var(--ast-global-color-5)","background-image":"","background-repeat":"repeat","background-position":"center center","background-size":"auto","background-attachment":"scroll","background-type":"","background-media":"","overlay-type":"","overlay-color":"","overlay-opacity":"","overlay-gradient":""}}},"product_brand":[],"product_cat":[55],"product_tag":[],"class_list":{"0":"post-7123","1":"product","2":"type-product","3":"status-publish","4":"has-post-thumbnail","6":"product_cat-sac-isotherme-miam","7":"desktop-align-left","8":"tablet-align-center","9":"mobile-align-center","11":"first","12":"outofstock","13":"taxable","14":"shipping-taxable","15":"purchasable","16":"product-type-simple"},"yoast_head":"<!-- This site is optimized with the Yoast SEO plugin v27.5 - https:\/\/yoast.com\/product\/yoast-seo-wordpress\/ -->\n<title>Rob&#039;Fresh Miam Cocorico Bleu - ROB&#039;FRESH | Sac isotherme artisanal et 100% fran\u00e7ais<\/title>\n<meta name=\"robots\" content=\"index, follow, max-snippet:-1, max-image-preview:large, max-video-preview:-1\" \/>\n<link rel=\"canonical\" href=\"https:\/\/robfreshraffraichisseur.fr\/index.php\/produit\/robfresh-miam-cocorico-bleu\/\" \/>\n<meta property=\"og:locale\" content=\"fr_FR\" \/>\n<meta property=\"og:type\" content=\"article\" \/>\n<meta property=\"og:title\" content=\"Rob&#039;Fresh Miam Cocorico Bleu - ROB&#039;FRESH | Sac isotherme artisanal et 100% fran\u00e7ais\" \/>\n<meta property=\"og:description\" content=\"Emmenez partout ce sac isotherme Rob\u2019Fresh Miam Cocorico Bleu, de la maison au bureau...du bureau au sport \u2026 du sport \u00e0 la plage...de la plage \u00e0 la montagne et partout o\u00f9 vous voulez ! En toutes circonstances et pour toutes vos escapades ! Ce sac isotherme\u00a0rafra\u00eechisseur de boissons deviendra : Votre alli\u00e9 fra\u00eecheur !\" \/>\n<meta property=\"og:url\" content=\"https:\/\/robfreshraffraichisseur.fr\/index.php\/produit\/robfresh-miam-cocorico-bleu\/\" \/>\n<meta property=\"og:site_name\" content=\"ROB&#039;FRESH | Sac isotherme artisanal et 100% fran\u00e7ais\" \/>\n<meta property=\"article:publisher\" content=\"https:\/\/www.facebook.com\/profile.php?id=100089611600112\" \/>\n<meta property=\"article:modified_time\" content=\"2025-11-07T21:34:06+00:00\" \/>\n<meta property=\"og:image\" content=\"http:\/\/robfreshraffraichisseur.fr\/wp-content\/uploads\/2024\/01\/sac-isotherme-miam-cocorico-bleu.webp\" \/>\n\t<meta property=\"og:image:width\" content=\"600\" \/>\n\t<meta property=\"og:image:height\" content=\"600\" \/>\n\t<meta property=\"og:image:type\" content=\"image\/webp\" \/>\n<meta name=\"twitter:card\" content=\"summary_large_image\" \/>\n<meta name=\"twitter:label1\" content=\"Dur\u00e9e de lecture estim\u00e9e\" \/>\n\t<meta name=\"twitter:data1\" content=\"3 minutes\" \/>\n<script type=\"application\/ld+json\" class=\"yoast-schema-graph\">{\"@context\":\"https:\\\/\\\/schema.org\",\"@graph\":[{\"@type\":\"WebPage\",\"@id\":\"https:\\\/\\\/robfreshraffraichisseur.fr\\\/index.php\\\/produit\\\/robfresh-miam-cocorico-bleu\\\/\",\"url\":\"https:\\\/\\\/robfreshraffraichisseur.fr\\\/index.php\\\/produit\\\/robfresh-miam-cocorico-bleu\\\/\",\"name\":\"Rob'Fresh Miam Cocorico Bleu - ROB&#039;FRESH | Sac isotherme artisanal et 100% fran\u00e7ais\",\"isPartOf\":{\"@id\":\"https:\\\/\\\/robfreshraffraichisseur.fr\\\/#website\"},\"primaryImageOfPage\":{\"@id\":\"https:\\\/\\\/robfreshraffraichisseur.fr\\\/index.php\\\/produit\\\/robfresh-miam-cocorico-bleu\\\/#primaryimage\"},\"image\":{\"@id\":\"https:\\\/\\\/robfreshraffraichisseur.fr\\\/index.php\\\/produit\\\/robfresh-miam-cocorico-bleu\\\/#primaryimage\"},\"thumbnailUrl\":\"https:\\\/\\\/robfreshraffraichisseur.fr\\\/wp-content\\\/uploads\\\/2024\\\/01\\\/sac-isotherme-miam-cocorico-bleu.webp\",\"datePublished\":\"2024-01-21T18:37:08+00:00\",\"dateModified\":\"2025-11-07T21:34:06+00:00\",\"breadcrumb\":{\"@id\":\"https:\\\/\\\/robfreshraffraichisseur.fr\\\/index.php\\\/produit\\\/robfresh-miam-cocorico-bleu\\\/#breadcrumb\"},\"inLanguage\":\"fr-FR\",\"potentialAction\":[{\"@type\":\"ReadAction\",\"target\":[\"https:\\\/\\\/robfreshraffraichisseur.fr\\\/index.php\\\/produit\\\/robfresh-miam-cocorico-bleu\\\/\"]}]},{\"@type\":\"ImageObject\",\"inLanguage\":\"fr-FR\",\"@id\":\"https:\\\/\\\/robfreshraffraichisseur.fr\\\/index.php\\\/produit\\\/robfresh-miam-cocorico-bleu\\\/#primaryimage\",\"url\":\"https:\\\/\\\/robfreshraffraichisseur.fr\\\/wp-content\\\/uploads\\\/2024\\\/01\\\/sac-isotherme-miam-cocorico-bleu.webp\",\"contentUrl\":\"https:\\\/\\\/robfreshraffraichisseur.fr\\\/wp-content\\\/uploads\\\/2024\\\/01\\\/sac-isotherme-miam-cocorico-bleu.webp\",\"width\":600,\"height\":600,\"caption\":\"sac-isotherme-Miam-Cocorico-Bleu\"},{\"@type\":\"BreadcrumbList\",\"@id\":\"https:\\\/\\\/robfreshraffraichisseur.fr\\\/index.php\\\/produit\\\/robfresh-miam-cocorico-bleu\\\/#breadcrumb\",\"itemListElement\":[{\"@type\":\"ListItem\",\"position\":1,\"name\":\"Accueil\",\"item\":\"https:\\\/\\\/robfreshraffraichisseur.fr\\\/\"},{\"@type\":\"ListItem\",\"position\":2,\"name\":\"Ma boutique\",\"item\":\"https:\\\/\\\/robfreshraffraichisseur.fr\\\/index.php\\\/ma-boutique\\\/\"},{\"@type\":\"ListItem\",\"position\":3,\"name\":\"Rob&rsquo;Fresh Miam Cocorico Bleu\"}]},{\"@type\":\"WebSite\",\"@id\":\"https:\\\/\\\/robfreshraffraichisseur.fr\\\/#website\",\"url\":\"https:\\\/\\\/robfreshraffraichisseur.fr\\\/\",\"name\":\"ROB'FRESH | Sac isotherme artisanal et 100% fran\u00e7ais\",\"description\":\"Rob&#039;Fresh un rafraichisseur \u00e0 bouteilles , original et chic\",\"publisher\":{\"@id\":\"https:\\\/\\\/robfreshraffraichisseur.fr\\\/#organization\"},\"alternateName\":\"Rob'Fresh\",\"potentialAction\":[{\"@type\":\"SearchAction\",\"target\":{\"@type\":\"EntryPoint\",\"urlTemplate\":\"https:\\\/\\\/robfreshraffraichisseur.fr\\\/?s={search_term_string}\"},\"query-input\":{\"@type\":\"PropertyValueSpecification\",\"valueRequired\":true,\"valueName\":\"search_term_string\"}}],\"inLanguage\":\"fr-FR\"},{\"@type\":\"Organization\",\"@id\":\"https:\\\/\\\/robfreshraffraichisseur.fr\\\/#organization\",\"name\":\"ROB'FRESH | Sac isotherme artisanal et 100% fran\u00e7ais\",\"url\":\"https:\\\/\\\/robfreshraffraichisseur.fr\\\/\",\"logo\":{\"@type\":\"ImageObject\",\"inLanguage\":\"fr-FR\",\"@id\":\"https:\\\/\\\/robfreshraffraichisseur.fr\\\/#\\\/schema\\\/logo\\\/image\\\/\",\"url\":\"https:\\\/\\\/robfreshraffraichisseur.fr\\\/wp-content\\\/uploads\\\/2023\\\/05\\\/cropped-logo-Rob-Fresh-1-scaled.jpg\",\"contentUrl\":\"https:\\\/\\\/robfreshraffraichisseur.fr\\\/wp-content\\\/uploads\\\/2023\\\/05\\\/cropped-logo-Rob-Fresh-1-scaled.jpg\",\"width\":1500,\"height\":500,\"caption\":\"ROB'FRESH | Sac isotherme artisanal et 100% fran\u00e7ais\"},\"image\":{\"@id\":\"https:\\\/\\\/robfreshraffraichisseur.fr\\\/#\\\/schema\\\/logo\\\/image\\\/\"},\"sameAs\":[\"https:\\\/\\\/www.facebook.com\\\/profile.php?id=100089611600112\",\"https:\\\/\\\/www.instagram.com\\\/stories\\\/fka_creations_rob_fresh\\\/3128058353593416974\\\/\"]}]}<\/script>\n<!-- \/ Yoast SEO plugin. -->","yoast_head_json":{"title":"Rob'Fresh Miam Cocorico Bleu - ROB&#039;FRESH | Sac isotherme artisanal et 100% fran\u00e7ais","robots":{"index":"index","follow":"follow","max-snippet":"max-snippet:-1","max-image-preview":"max-image-preview:large","max-video-preview":"max-video-preview:-1"},"canonical":"https:\/\/robfreshraffraichisseur.fr\/index.php\/produit\/robfresh-miam-cocorico-bleu\/","og_locale":"fr_FR","og_type":"article","og_title":"Rob'Fresh Miam Cocorico Bleu - ROB&#039;FRESH | Sac isotherme artisanal et 100% fran\u00e7ais","og_description":"Emmenez partout ce sac isotherme Rob\u2019Fresh Miam Cocorico Bleu, de la maison au bureau...du bureau au sport \u2026 du sport \u00e0 la plage...de la plage \u00e0 la montagne et partout o\u00f9 vous voulez ! En toutes circonstances et pour toutes vos escapades ! Ce sac isotherme\u00a0rafra\u00eechisseur de boissons deviendra : Votre alli\u00e9 fra\u00eecheur !","og_url":"https:\/\/robfreshraffraichisseur.fr\/index.php\/produit\/robfresh-miam-cocorico-bleu\/","og_site_name":"ROB&#039;FRESH | Sac isotherme artisanal et 100% fran\u00e7ais","article_publisher":"https:\/\/www.facebook.com\/profile.php?id=100089611600112","article_modified_time":"2025-11-07T21:34:06+00:00","og_image":[{"width":600,"height":600,"url":"http:\/\/robfreshraffraichisseur.fr\/wp-content\/uploads\/2024\/01\/sac-isotherme-miam-cocorico-bleu.webp","type":"image\/webp"}],"twitter_card":"summary_large_image","twitter_misc":{"Dur\u00e9e de lecture estim\u00e9e":"3 minutes"},"schema":{"@context":"https:\/\/schema.org","@graph":[{"@type":"WebPage","@id":"https:\/\/robfreshraffraichisseur.fr\/index.php\/produit\/robfresh-miam-cocorico-bleu\/","url":"https:\/\/robfreshraffraichisseur.fr\/index.php\/produit\/robfresh-miam-cocorico-bleu\/","name":"Rob'Fresh Miam Cocorico Bleu - ROB&#039;FRESH | Sac isotherme artisanal et 100% fran\u00e7ais","isPartOf":{"@id":"https:\/\/robfreshraffraichisseur.fr\/#website"},"primaryImageOfPage":{"@id":"https:\/\/robfreshraffraichisseur.fr\/index.php\/produit\/robfresh-miam-cocorico-bleu\/#primaryimage"},"image":{"@id":"https:\/\/robfreshraffraichisseur.fr\/index.php\/produit\/robfresh-miam-cocorico-bleu\/#primaryimage"},"thumbnailUrl":"https:\/\/robfreshraffraichisseur.fr\/wp-content\/uploads\/2024\/01\/sac-isotherme-miam-cocorico-bleu.webp","datePublished":"2024-01-21T18:37:08+00:00","dateModified":"2025-11-07T21:34:06+00:00","breadcrumb":{"@id":"https:\/\/robfreshraffraichisseur.fr\/index.php\/produit\/robfresh-miam-cocorico-bleu\/#breadcrumb"},"inLanguage":"fr-FR","potentialAction":[{"@type":"ReadAction","target":["https:\/\/robfreshraffraichisseur.fr\/index.php\/produit\/robfresh-miam-cocorico-bleu\/"]}]},{"@type":"ImageObject","inLanguage":"fr-FR","@id":"https:\/\/robfreshraffraichisseur.fr\/index.php\/produit\/robfresh-miam-cocorico-bleu\/#primaryimage","url":"https:\/\/robfreshraffraichisseur.fr\/wp-content\/uploads\/2024\/01\/sac-isotherme-miam-cocorico-bleu.webp","contentUrl":"https:\/\/robfreshraffraichisseur.fr\/wp-content\/uploads\/2024\/01\/sac-isotherme-miam-cocorico-bleu.webp","width":600,"height":600,"caption":"sac-isotherme-Miam-Cocorico-Bleu"},{"@type":"BreadcrumbList","@id":"https:\/\/robfreshraffraichisseur.fr\/index.php\/produit\/robfresh-miam-cocorico-bleu\/#breadcrumb","itemListElement":[{"@type":"ListItem","position":1,"name":"Accueil","item":"https:\/\/robfreshraffraichisseur.fr\/"},{"@type":"ListItem","position":2,"name":"Ma boutique","item":"https:\/\/robfreshraffraichisseur.fr\/index.php\/ma-boutique\/"},{"@type":"ListItem","position":3,"name":"Rob&rsquo;Fresh Miam Cocorico Bleu"}]},{"@type":"WebSite","@id":"https:\/\/robfreshraffraichisseur.fr\/#website","url":"https:\/\/robfreshraffraichisseur.fr\/","name":"ROB'FRESH | Sac isotherme artisanal et 100% fran\u00e7ais","description":"Rob&#039;Fresh un rafraichisseur \u00e0 bouteilles , original et chic","publisher":{"@id":"https:\/\/robfreshraffraichisseur.fr\/#organization"},"alternateName":"Rob'Fresh","potentialAction":[{"@type":"SearchAction","target":{"@type":"EntryPoint","urlTemplate":"https:\/\/robfreshraffraichisseur.fr\/?s={search_term_string}"},"query-input":{"@type":"PropertyValueSpecification","valueRequired":true,"valueName":"search_term_string"}}],"inLanguage":"fr-FR"},{"@type":"Organization","@id":"https:\/\/robfreshraffraichisseur.fr\/#organization","name":"ROB'FRESH | Sac isotherme artisanal et 100% fran\u00e7ais","url":"https:\/\/robfreshraffraichisseur.fr\/","logo":{"@type":"ImageObject","inLanguage":"fr-FR","@id":"https:\/\/robfreshraffraichisseur.fr\/#\/schema\/logo\/image\/","url":"https:\/\/robfreshraffraichisseur.fr\/wp-content\/uploads\/2023\/05\/cropped-logo-Rob-Fresh-1-scaled.jpg","contentUrl":"https:\/\/robfreshraffraichisseur.fr\/wp-content\/uploads\/2023\/05\/cropped-logo-Rob-Fresh-1-scaled.jpg","width":1500,"height":500,"caption":"ROB'FRESH | Sac isotherme artisanal et 100% fran\u00e7ais"},"image":{"@id":"https:\/\/robfreshraffraichisseur.fr\/#\/schema\/logo\/image\/"},"sameAs":["https:\/\/www.facebook.com\/profile.php?id=100089611600112","https:\/\/www.instagram.com\/stories\/fka_creations_rob_fresh\/3128058353593416974\/"]}]}},"uagb_featured_image_src":{"full":["https:\/\/robfreshraffraichisseur.fr\/wp-content\/uploads\/2024\/01\/sac-isotherme-miam-cocorico-bleu.webp",600,600,false],"thumbnail":["https:\/\/robfreshraffraichisseur.fr\/wp-content\/uploads\/2024\/01\/sac-isotherme-miam-cocorico-bleu-150x150.webp",150,150,true],"medium":["https:\/\/robfreshraffraichisseur.fr\/wp-content\/uploads\/2024\/01\/sac-isotherme-miam-cocorico-bleu-300x300.webp",300,300,true],"medium_large":["https:\/\/robfreshraffraichisseur.fr\/wp-content\/uploads\/2024\/01\/sac-isotherme-miam-cocorico-bleu.webp",600,600,false],"large":["https:\/\/robfreshraffraichisseur.fr\/wp-content\/uploads\/2024\/01\/sac-isotherme-miam-cocorico-bleu.webp",600,600,false],"1536x1536":["https:\/\/robfreshraffraichisseur.fr\/wp-content\/uploads\/2024\/01\/sac-isotherme-miam-cocorico-bleu.webp",600,600,false],"2048x2048":["https:\/\/robfreshraffraichisseur.fr\/wp-content\/uploads\/2024\/01\/sac-isotherme-miam-cocorico-bleu.webp",600,600,false],"woocommerce_thumbnail":["https:\/\/robfreshraffraichisseur.fr\/wp-content\/uploads\/2024\/01\/sac-isotherme-miam-cocorico-bleu-300x300.webp",300,300,true],"woocommerce_single":["https:\/\/robfreshraffraichisseur.fr\/wp-content\/uploads\/2024\/01\/sac-isotherme-miam-cocorico-bleu.webp",600,600,false],"woocommerce_gallery_thumbnail":["https:\/\/robfreshraffraichisseur.fr\/wp-content\/uploads\/2024\/01\/sac-isotherme-miam-cocorico-bleu-100x100.webp",100,100,true],"variation_swatches_image_size":["https:\/\/robfreshraffraichisseur.fr\/wp-content\/uploads\/2024\/01\/sac-isotherme-miam-cocorico-bleu-50x50.webp",50,50,true],"variation_swatches_tooltip_size":["https:\/\/robfreshraffraichisseur.fr\/wp-content\/uploads\/2024\/01\/sac-isotherme-miam-cocorico-bleu-100x100.webp",100,100,true]},"uagb_author_info":{"display_name":"84.robfresh@gmail.com","author_link":"https:\/\/robfreshraffraichisseur.fr\/index.php\/author\/"},"uagb_comment_info":0,"uagb_excerpt":"Emmenez partout ce sac isotherme Rob\u2019Fresh Miam Cocorico Bleu, de la maison au bureau...du bureau au sport \u2026 du sport \u00e0 la plage...de la plage \u00e0 la montagne et partout o\u00f9 vous voulez ! En toutes circonstances et pour toutes vos escapades ! Ce sac isotherme\u00a0rafra\u00eechisseur de boissons deviendra : Votre alli\u00e9 fra\u00eecheur !","_links":{"self":[{"href":"https:\/\/robfreshraffraichisseur.fr\/index.php\/wp-json\/wp\/v2\/product\/7123","targetHints":{"allow":["GET"]}}],"collection":[{"href":"https:\/\/robfreshraffraichisseur.fr\/index.php\/wp-json\/wp\/v2\/product"}],"about":[{"href":"https:\/\/robfreshraffraichisseur.fr\/index.php\/wp-json\/wp\/v2\/types\/product"}],"replies":[{"embeddable":true,"href":"https:\/\/robfreshraffraichisseur.fr\/index.php\/wp-json\/wp\/v2\/comments?post=7123"}],"wp:featuredmedia":[{"embeddable":true,"href":"https:\/\/robfreshraffraichisseur.fr\/index.php\/wp-json\/wp\/v2\/media\/8634"}],"wp:attachment":[{"href":"https:\/\/robfreshraffraichisseur.fr\/index.php\/wp-json\/wp\/v2\/media?parent=7123"}],"wp:term":[{"taxonomy":"product_brand","embeddable":true,"href":"https:\/\/robfreshraffraichisseur.fr\/index.php\/wp-json\/wp\/v2\/product_brand?post=7123"},{"taxonomy":"product_cat","embeddable":true,"href":"https:\/\/robfreshraffraichisseur.fr\/index.php\/wp-json\/wp\/v2\/product_cat?post=7123"},{"taxonomy":"product_tag","embeddable":true,"href":"https:\/\/robfreshraffraichisseur.fr\/index.php\/wp-json\/wp\/v2\/product_tag?post=7123"}],"curies":[{"name":"wp","href":"https:\/\/api.w.org\/{rel}","templated":true}]}}