{"id":7244,"date":"2024-01-22T15:32:14","date_gmt":"2024-01-22T14:32:14","guid":{"rendered":"https:\/\/robfreshraffraichisseur.fr\/?post_type=product&#038;p=7244"},"modified":"2025-09-12T13:24:54","modified_gmt":"2025-09-12T11:24:54","slug":"lodyssee-dune-hirondelle","status":"publish","type":"product","link":"https:\/\/robfreshraffraichisseur.fr\/index.php\/produit\/lodyssee-dune-hirondelle\/","title":{"rendered":"L&rsquo;odyss\u00e9e d&rsquo;une hirondelle"},"content":{"rendered":"<p data-start=\"276\" data-end=\"581\">Plongez dans le r\u00e9cit \u00e9mouvant et inspirant de Francesca Provenzano, n\u00e9e en Sicile et arriv\u00e9e en France \u00e0 l\u2019\u00e2ge de huit ans. A\u00een\u00e9e d\u2019une fratrie de huit enfants, elle a grandi dans un environnement marqu\u00e9 par deux r\u00e8gles d\u2019or : <em data-start=\"504\" data-end=\"532\">\u00ab Ne pas faire de vagues \u00bb<\/em> et <em data-start=\"536\" data-end=\"578\">\u00ab Respecter le pays qui nous accueille \u00bb<\/em>.<\/p>\n<p data-start=\"583\" data-end=\"799\">\u00c0 travers ce livre, l\u2019auteure partage son histoire familiale, ses racines, son parcours riche en exp\u00e9riences humaines et professionnelles, mais aussi ses r\u00e9flexions sur l\u2019int\u00e9gration, la transmission et la m\u00e9moire.<\/p>\n<p data-start=\"801\" data-end=\"1170\">Maman de deux enfants, passionn\u00e9e, intuitive et autodidacte, Francesca raconte avec sinc\u00e9rit\u00e9 les joies, les \u00e9preuves et les le\u00e7ons tir\u00e9es de sa vie entre la Sicile et la Provence. Son t\u00e9moignage r\u00e9sonne comme une passerelle entre les g\u00e9n\u00e9rations, adress\u00e9 aussi bien \u00e0 ses enfants et petits-enfants qu\u2019\u00e0 toutes celles et ceux qui s\u2019interrogent sur leur propre chemin.<\/p>\n<p data-start=\"1172\" data-end=\"1303\">Un r\u00e9cit vibrant qui nous touche, nous fait sourire, mais surtout nous invite \u00e0 r\u00e9fl\u00e9chir sur des th\u00e9matiques toujours actuelles.<\/p>\n","protected":false},"excerpt":{"rendered":"<p style=\"text-align: left;\">D\u00e9couvrez mon autobiographie \u00e9dit\u00e9e \u00e0 compte d&rsquo;auteur, imprim\u00e9e en France et en Imprim&rsquo;Vert. Ecrite \u00e0 partir de mars 2020, suite \u00e0 un accident domestique et immobilis\u00e9e des deux pieds. Et bien s\u00fbr pour nous tous le premier confinement.<\/p>\n<p style=\"text-align: left;\">Native de Sicile, je suis arriv\u00e9e en France \u00e0 l&rsquo;\u00e2ge de 8 ans. A\u00een\u00e9e d&rsquo;une fratrie de 8 enfants, j&rsquo;ai \u00e9t\u00e9 responsabilis\u00e9e tr\u00e8s t\u00f4t, ce qui m&rsquo;a donn\u00e9 ce caract\u00e8re et cette d\u00e9termination.<\/p>\n<p style=\"text-align: left;\">C&rsquo;est mon t\u00e9moignage de cette France des ann\u00e9es 1960 \u00e0 nos jours.<\/p>\n","protected":false},"featured_media":8709,"comment_status":"open","ping_status":"closed","template":"","meta":{"_uag_custom_page_level_css":"","_monsterinsights_skip_tracking":false,"_monsterinsights_sitenote_active":false,"_monsterinsights_sitenote_note":"","_monsterinsights_sitenote_category":0,"site-sidebar-layout":"default","site-content-layout":"","ast-site-content-layout":"default","site-content-style":"default","site-sidebar-style":"default","ast-global-header-display":"","ast-banner-title-visibility":"","ast-main-header-display":"","ast-hfb-above-header-display":"","ast-hfb-below-header-display":"","ast-hfb-mobile-header-display":"","site-post-title":"","ast-breadcrumbs-content":"","ast-featured-img":"","footer-sml-layout":"","theme-transparent-header-meta":"default","adv-header-id-meta":"","stick-header-meta":"","header-above-stick-meta":"","header-main-stick-meta":"","header-below-stick-meta":"","astra-migrate-meta-layouts":"set","ast-page-background-enabled":"default","ast-page-background-meta":{"desktop":{"background-color":"","background-image":"","background-repeat":"repeat","background-position":"center center","background-size":"auto","background-attachment":"scroll","background-type":"","background-media":"","overlay-type":"","overlay-color":"","overlay-opacity":"","overlay-gradient":""},"tablet":{"background-color":"","background-image":"","background-repeat":"repeat","background-position":"center center","background-size":"auto","background-attachment":"scroll","background-type":"","background-media":"","overlay-type":"","overlay-color":"","overlay-opacity":"","overlay-gradient":""},"mobile":{"background-color":"","background-image":"","background-repeat":"repeat","background-position":"center center","background-size":"auto","background-attachment":"scroll","background-type":"","background-media":"","overlay-type":"","overlay-color":"","overlay-opacity":"","overlay-gradient":""}},"ast-content-background-meta":{"desktop":{"background-color":"var(--ast-global-color-5)","background-image":"","background-repeat":"repeat","background-position":"center center","background-size":"auto","background-attachment":"scroll","background-type":"","background-media":"","overlay-type":"","overlay-color":"","overlay-opacity":"","overlay-gradient":""},"tablet":{"background-color":"var(--ast-global-color-5)","background-image":"","background-repeat":"repeat","background-position":"center center","background-size":"auto","background-attachment":"scroll","background-type":"","background-media":"","overlay-type":"","overlay-color":"","overlay-opacity":"","overlay-gradient":""},"mobile":{"background-color":"var(--ast-global-color-5)","background-image":"","background-repeat":"repeat","background-position":"center center","background-size":"auto","background-attachment":"scroll","background-type":"","background-media":"","overlay-type":"","overlay-color":"","overlay-opacity":"","overlay-gradient":""}}},"product_brand":[],"product_cat":[87],"product_tag":[],"class_list":{"0":"post-7244","1":"product","2":"type-product","3":"status-publish","4":"has-post-thumbnail","6":"product_cat-autobiographie","7":"desktop-align-left","8":"tablet-align-center","9":"mobile-align-center","11":"first","12":"instock","13":"purchasable","14":"product-type-simple"},"yoast_head":"<!-- This site is optimized with the Yoast SEO plugin v27.4 - https:\/\/yoast.com\/product\/yoast-seo-wordpress\/ -->\n<title>L&#039;odyss\u00e9e d&#039;une hirondelle - ROB&#039;FRESH | Sac isotherme artisanal et 100% fran\u00e7ais<\/title>\n<meta name=\"robots\" content=\"index, follow, max-snippet:-1, max-image-preview:large, max-video-preview:-1\" \/>\n<link rel=\"canonical\" href=\"https:\/\/robfreshraffraichisseur.fr\/index.php\/produit\/lodyssee-dune-hirondelle\/\" \/>\n<meta property=\"og:locale\" content=\"fr_FR\" \/>\n<meta property=\"og:type\" content=\"article\" \/>\n<meta property=\"og:title\" content=\"L&#039;odyss\u00e9e d&#039;une hirondelle - ROB&#039;FRESH | Sac isotherme artisanal et 100% fran\u00e7ais\" \/>\n<meta property=\"og:description\" content=\"D\u00e9couvrez mon autobiographie \u00e9dit\u00e9e \u00e0 compte d&#039;auteur, imprim\u00e9e en France et en Imprim&#039;Vert. Ecrite \u00e0 partir de mars 2020, suite \u00e0 un accident domestique et immobilis\u00e9e des deux pieds. Et bien s\u00fbr pour nous tous le premier confinement. Native de Sicile, je suis arriv\u00e9e en France \u00e0 l&#039;\u00e2ge de 8 ans. A\u00een\u00e9e d&#039;une fratrie de 8 enfants, j&#039;ai \u00e9t\u00e9 responsabilis\u00e9e tr\u00e8s t\u00f4t, ce qui m&#039;a donn\u00e9 ce caract\u00e8re et cette d\u00e9termination. C&#039;est mon t\u00e9moignage de cette France des ann\u00e9es 1960 \u00e0 nos jours.\" \/>\n<meta property=\"og:url\" content=\"https:\/\/robfreshraffraichisseur.fr\/index.php\/produit\/lodyssee-dune-hirondelle\/\" \/>\n<meta property=\"og:site_name\" content=\"ROB&#039;FRESH | Sac isotherme artisanal et 100% fran\u00e7ais\" \/>\n<meta property=\"article:publisher\" content=\"https:\/\/www.facebook.com\/profile.php?id=100089611600112\" \/>\n<meta property=\"article:modified_time\" content=\"2025-09-12T11:24:54+00:00\" \/>\n<meta property=\"og:image\" content=\"http:\/\/robfreshraffraichisseur.fr\/wp-content\/uploads\/2024\/01\/l-odyssee-d-une-hirondelle-miniature.webp\" \/>\n\t<meta property=\"og:image:width\" content=\"600\" \/>\n\t<meta property=\"og:image:height\" content=\"600\" \/>\n\t<meta property=\"og:image:type\" content=\"image\/webp\" \/>\n<meta name=\"twitter:card\" content=\"summary_large_image\" \/>\n<meta name=\"twitter:label1\" content=\"Dur\u00e9e de lecture estim\u00e9e\" \/>\n\t<meta name=\"twitter:data1\" content=\"2 minutes\" \/>\n<script type=\"application\/ld+json\" class=\"yoast-schema-graph\">{\"@context\":\"https:\\\/\\\/schema.org\",\"@graph\":[{\"@type\":\"WebPage\",\"@id\":\"https:\\\/\\\/robfreshraffraichisseur.fr\\\/index.php\\\/produit\\\/lodyssee-dune-hirondelle\\\/\",\"url\":\"https:\\\/\\\/robfreshraffraichisseur.fr\\\/index.php\\\/produit\\\/lodyssee-dune-hirondelle\\\/\",\"name\":\"L'odyss\u00e9e d'une hirondelle - ROB&#039;FRESH | Sac isotherme artisanal et 100% fran\u00e7ais\",\"isPartOf\":{\"@id\":\"https:\\\/\\\/robfreshraffraichisseur.fr\\\/#website\"},\"primaryImageOfPage\":{\"@id\":\"https:\\\/\\\/robfreshraffraichisseur.fr\\\/index.php\\\/produit\\\/lodyssee-dune-hirondelle\\\/#primaryimage\"},\"image\":{\"@id\":\"https:\\\/\\\/robfreshraffraichisseur.fr\\\/index.php\\\/produit\\\/lodyssee-dune-hirondelle\\\/#primaryimage\"},\"thumbnailUrl\":\"https:\\\/\\\/robfreshraffraichisseur.fr\\\/wp-content\\\/uploads\\\/2024\\\/01\\\/l-odyssee-d-une-hirondelle-miniature.webp\",\"datePublished\":\"2024-01-22T14:32:14+00:00\",\"dateModified\":\"2025-09-12T11:24:54+00:00\",\"breadcrumb\":{\"@id\":\"https:\\\/\\\/robfreshraffraichisseur.fr\\\/index.php\\\/produit\\\/lodyssee-dune-hirondelle\\\/#breadcrumb\"},\"inLanguage\":\"fr-FR\",\"potentialAction\":[{\"@type\":\"ReadAction\",\"target\":[\"https:\\\/\\\/robfreshraffraichisseur.fr\\\/index.php\\\/produit\\\/lodyssee-dune-hirondelle\\\/\"]}]},{\"@type\":\"ImageObject\",\"inLanguage\":\"fr-FR\",\"@id\":\"https:\\\/\\\/robfreshraffraichisseur.fr\\\/index.php\\\/produit\\\/lodyssee-dune-hirondelle\\\/#primaryimage\",\"url\":\"https:\\\/\\\/robfreshraffraichisseur.fr\\\/wp-content\\\/uploads\\\/2024\\\/01\\\/l-odyssee-d-une-hirondelle-miniature.webp\",\"contentUrl\":\"https:\\\/\\\/robfreshraffraichisseur.fr\\\/wp-content\\\/uploads\\\/2024\\\/01\\\/l-odyssee-d-une-hirondelle-miniature.webp\",\"width\":600,\"height\":600,\"caption\":\"L'odyss\u00e9e-d'une-hirondelle-miniature\"},{\"@type\":\"BreadcrumbList\",\"@id\":\"https:\\\/\\\/robfreshraffraichisseur.fr\\\/index.php\\\/produit\\\/lodyssee-dune-hirondelle\\\/#breadcrumb\",\"itemListElement\":[{\"@type\":\"ListItem\",\"position\":1,\"name\":\"Accueil\",\"item\":\"https:\\\/\\\/robfreshraffraichisseur.fr\\\/\"},{\"@type\":\"ListItem\",\"position\":2,\"name\":\"Ma boutique\",\"item\":\"https:\\\/\\\/robfreshraffraichisseur.fr\\\/index.php\\\/ma-boutique\\\/\"},{\"@type\":\"ListItem\",\"position\":3,\"name\":\"L&rsquo;odyss\u00e9e d&rsquo;une hirondelle\"}]},{\"@type\":\"WebSite\",\"@id\":\"https:\\\/\\\/robfreshraffraichisseur.fr\\\/#website\",\"url\":\"https:\\\/\\\/robfreshraffraichisseur.fr\\\/\",\"name\":\"ROB'FRESH | Sac isotherme artisanal et 100% fran\u00e7ais\",\"description\":\"Rob&#039;Fresh un rafraichisseur \u00e0 bouteilles , original et chic\",\"publisher\":{\"@id\":\"https:\\\/\\\/robfreshraffraichisseur.fr\\\/#organization\"},\"alternateName\":\"Rob'Fresh\",\"potentialAction\":[{\"@type\":\"SearchAction\",\"target\":{\"@type\":\"EntryPoint\",\"urlTemplate\":\"https:\\\/\\\/robfreshraffraichisseur.fr\\\/?s={search_term_string}\"},\"query-input\":{\"@type\":\"PropertyValueSpecification\",\"valueRequired\":true,\"valueName\":\"search_term_string\"}}],\"inLanguage\":\"fr-FR\"},{\"@type\":\"Organization\",\"@id\":\"https:\\\/\\\/robfreshraffraichisseur.fr\\\/#organization\",\"name\":\"ROB'FRESH | Sac isotherme artisanal et 100% fran\u00e7ais\",\"url\":\"https:\\\/\\\/robfreshraffraichisseur.fr\\\/\",\"logo\":{\"@type\":\"ImageObject\",\"inLanguage\":\"fr-FR\",\"@id\":\"https:\\\/\\\/robfreshraffraichisseur.fr\\\/#\\\/schema\\\/logo\\\/image\\\/\",\"url\":\"https:\\\/\\\/robfreshraffraichisseur.fr\\\/wp-content\\\/uploads\\\/2023\\\/05\\\/cropped-logo-Rob-Fresh-1-scaled.jpg\",\"contentUrl\":\"https:\\\/\\\/robfreshraffraichisseur.fr\\\/wp-content\\\/uploads\\\/2023\\\/05\\\/cropped-logo-Rob-Fresh-1-scaled.jpg\",\"width\":1500,\"height\":500,\"caption\":\"ROB'FRESH | Sac isotherme artisanal et 100% fran\u00e7ais\"},\"image\":{\"@id\":\"https:\\\/\\\/robfreshraffraichisseur.fr\\\/#\\\/schema\\\/logo\\\/image\\\/\"},\"sameAs\":[\"https:\\\/\\\/www.facebook.com\\\/profile.php?id=100089611600112\",\"https:\\\/\\\/www.instagram.com\\\/stories\\\/fka_creations_rob_fresh\\\/3128058353593416974\\\/\"]}]}<\/script>\n<!-- \/ Yoast SEO plugin. -->","yoast_head_json":{"title":"L'odyss\u00e9e d'une hirondelle - ROB&#039;FRESH | Sac isotherme artisanal et 100% fran\u00e7ais","robots":{"index":"index","follow":"follow","max-snippet":"max-snippet:-1","max-image-preview":"max-image-preview:large","max-video-preview":"max-video-preview:-1"},"canonical":"https:\/\/robfreshraffraichisseur.fr\/index.php\/produit\/lodyssee-dune-hirondelle\/","og_locale":"fr_FR","og_type":"article","og_title":"L'odyss\u00e9e d'une hirondelle - ROB&#039;FRESH | Sac isotherme artisanal et 100% fran\u00e7ais","og_description":"D\u00e9couvrez mon autobiographie \u00e9dit\u00e9e \u00e0 compte d'auteur, imprim\u00e9e en France et en Imprim'Vert. Ecrite \u00e0 partir de mars 2020, suite \u00e0 un accident domestique et immobilis\u00e9e des deux pieds. Et bien s\u00fbr pour nous tous le premier confinement. Native de Sicile, je suis arriv\u00e9e en France \u00e0 l'\u00e2ge de 8 ans. A\u00een\u00e9e d'une fratrie de 8 enfants, j'ai \u00e9t\u00e9 responsabilis\u00e9e tr\u00e8s t\u00f4t, ce qui m'a donn\u00e9 ce caract\u00e8re et cette d\u00e9termination. C'est mon t\u00e9moignage de cette France des ann\u00e9es 1960 \u00e0 nos jours.","og_url":"https:\/\/robfreshraffraichisseur.fr\/index.php\/produit\/lodyssee-dune-hirondelle\/","og_site_name":"ROB&#039;FRESH | Sac isotherme artisanal et 100% fran\u00e7ais","article_publisher":"https:\/\/www.facebook.com\/profile.php?id=100089611600112","article_modified_time":"2025-09-12T11:24:54+00:00","og_image":[{"width":600,"height":600,"url":"http:\/\/robfreshraffraichisseur.fr\/wp-content\/uploads\/2024\/01\/l-odyssee-d-une-hirondelle-miniature.webp","type":"image\/webp"}],"twitter_card":"summary_large_image","twitter_misc":{"Dur\u00e9e de lecture estim\u00e9e":"2 minutes"},"schema":{"@context":"https:\/\/schema.org","@graph":[{"@type":"WebPage","@id":"https:\/\/robfreshraffraichisseur.fr\/index.php\/produit\/lodyssee-dune-hirondelle\/","url":"https:\/\/robfreshraffraichisseur.fr\/index.php\/produit\/lodyssee-dune-hirondelle\/","name":"L'odyss\u00e9e d'une hirondelle - ROB&#039;FRESH | Sac isotherme artisanal et 100% fran\u00e7ais","isPartOf":{"@id":"https:\/\/robfreshraffraichisseur.fr\/#website"},"primaryImageOfPage":{"@id":"https:\/\/robfreshraffraichisseur.fr\/index.php\/produit\/lodyssee-dune-hirondelle\/#primaryimage"},"image":{"@id":"https:\/\/robfreshraffraichisseur.fr\/index.php\/produit\/lodyssee-dune-hirondelle\/#primaryimage"},"thumbnailUrl":"https:\/\/robfreshraffraichisseur.fr\/wp-content\/uploads\/2024\/01\/l-odyssee-d-une-hirondelle-miniature.webp","datePublished":"2024-01-22T14:32:14+00:00","dateModified":"2025-09-12T11:24:54+00:00","breadcrumb":{"@id":"https:\/\/robfreshraffraichisseur.fr\/index.php\/produit\/lodyssee-dune-hirondelle\/#breadcrumb"},"inLanguage":"fr-FR","potentialAction":[{"@type":"ReadAction","target":["https:\/\/robfreshraffraichisseur.fr\/index.php\/produit\/lodyssee-dune-hirondelle\/"]}]},{"@type":"ImageObject","inLanguage":"fr-FR","@id":"https:\/\/robfreshraffraichisseur.fr\/index.php\/produit\/lodyssee-dune-hirondelle\/#primaryimage","url":"https:\/\/robfreshraffraichisseur.fr\/wp-content\/uploads\/2024\/01\/l-odyssee-d-une-hirondelle-miniature.webp","contentUrl":"https:\/\/robfreshraffraichisseur.fr\/wp-content\/uploads\/2024\/01\/l-odyssee-d-une-hirondelle-miniature.webp","width":600,"height":600,"caption":"L'odyss\u00e9e-d'une-hirondelle-miniature"},{"@type":"BreadcrumbList","@id":"https:\/\/robfreshraffraichisseur.fr\/index.php\/produit\/lodyssee-dune-hirondelle\/#breadcrumb","itemListElement":[{"@type":"ListItem","position":1,"name":"Accueil","item":"https:\/\/robfreshraffraichisseur.fr\/"},{"@type":"ListItem","position":2,"name":"Ma boutique","item":"https:\/\/robfreshraffraichisseur.fr\/index.php\/ma-boutique\/"},{"@type":"ListItem","position":3,"name":"L&rsquo;odyss\u00e9e d&rsquo;une hirondelle"}]},{"@type":"WebSite","@id":"https:\/\/robfreshraffraichisseur.fr\/#website","url":"https:\/\/robfreshraffraichisseur.fr\/","name":"ROB'FRESH | Sac isotherme artisanal et 100% fran\u00e7ais","description":"Rob&#039;Fresh un rafraichisseur \u00e0 bouteilles , original et chic","publisher":{"@id":"https:\/\/robfreshraffraichisseur.fr\/#organization"},"alternateName":"Rob'Fresh","potentialAction":[{"@type":"SearchAction","target":{"@type":"EntryPoint","urlTemplate":"https:\/\/robfreshraffraichisseur.fr\/?s={search_term_string}"},"query-input":{"@type":"PropertyValueSpecification","valueRequired":true,"valueName":"search_term_string"}}],"inLanguage":"fr-FR"},{"@type":"Organization","@id":"https:\/\/robfreshraffraichisseur.fr\/#organization","name":"ROB'FRESH | Sac isotherme artisanal et 100% fran\u00e7ais","url":"https:\/\/robfreshraffraichisseur.fr\/","logo":{"@type":"ImageObject","inLanguage":"fr-FR","@id":"https:\/\/robfreshraffraichisseur.fr\/#\/schema\/logo\/image\/","url":"https:\/\/robfreshraffraichisseur.fr\/wp-content\/uploads\/2023\/05\/cropped-logo-Rob-Fresh-1-scaled.jpg","contentUrl":"https:\/\/robfreshraffraichisseur.fr\/wp-content\/uploads\/2023\/05\/cropped-logo-Rob-Fresh-1-scaled.jpg","width":1500,"height":500,"caption":"ROB'FRESH | Sac isotherme artisanal et 100% fran\u00e7ais"},"image":{"@id":"https:\/\/robfreshraffraichisseur.fr\/#\/schema\/logo\/image\/"},"sameAs":["https:\/\/www.facebook.com\/profile.php?id=100089611600112","https:\/\/www.instagram.com\/stories\/fka_creations_rob_fresh\/3128058353593416974\/"]}]}},"uagb_featured_image_src":{"full":["https:\/\/robfreshraffraichisseur.fr\/wp-content\/uploads\/2024\/01\/l-odyssee-d-une-hirondelle-miniature.webp",600,600,false],"thumbnail":["https:\/\/robfreshraffraichisseur.fr\/wp-content\/uploads\/2024\/01\/l-odyssee-d-une-hirondelle-miniature-150x150.webp",150,150,true],"medium":["https:\/\/robfreshraffraichisseur.fr\/wp-content\/uploads\/2024\/01\/l-odyssee-d-une-hirondelle-miniature-300x300.webp",300,300,true],"medium_large":["https:\/\/robfreshraffraichisseur.fr\/wp-content\/uploads\/2024\/01\/l-odyssee-d-une-hirondelle-miniature.webp",600,600,false],"large":["https:\/\/robfreshraffraichisseur.fr\/wp-content\/uploads\/2024\/01\/l-odyssee-d-une-hirondelle-miniature.webp",600,600,false],"1536x1536":["https:\/\/robfreshraffraichisseur.fr\/wp-content\/uploads\/2024\/01\/l-odyssee-d-une-hirondelle-miniature.webp",600,600,false],"2048x2048":["https:\/\/robfreshraffraichisseur.fr\/wp-content\/uploads\/2024\/01\/l-odyssee-d-une-hirondelle-miniature.webp",600,600,false],"woocommerce_thumbnail":["https:\/\/robfreshraffraichisseur.fr\/wp-content\/uploads\/2024\/01\/l-odyssee-d-une-hirondelle-miniature-300x300.webp",300,300,true],"woocommerce_single":["https:\/\/robfreshraffraichisseur.fr\/wp-content\/uploads\/2024\/01\/l-odyssee-d-une-hirondelle-miniature.webp",600,600,false],"woocommerce_gallery_thumbnail":["https:\/\/robfreshraffraichisseur.fr\/wp-content\/uploads\/2024\/01\/l-odyssee-d-une-hirondelle-miniature-100x100.webp",100,100,true],"variation_swatches_image_size":["https:\/\/robfreshraffraichisseur.fr\/wp-content\/uploads\/2024\/01\/l-odyssee-d-une-hirondelle-miniature-50x50.webp",50,50,true],"variation_swatches_tooltip_size":["https:\/\/robfreshraffraichisseur.fr\/wp-content\/uploads\/2024\/01\/l-odyssee-d-une-hirondelle-miniature-100x100.webp",100,100,true]},"uagb_author_info":{"display_name":"84.robfresh@gmail.com","author_link":"https:\/\/robfreshraffraichisseur.fr\/index.php\/author\/"},"uagb_comment_info":0,"uagb_excerpt":"D\u00e9couvrez mon autobiographie \u00e9dit\u00e9e \u00e0 compte d'auteur, imprim\u00e9e en France et en Imprim'Vert. Ecrite \u00e0 partir de mars 2020, suite \u00e0 un accident domestique et immobilis\u00e9e des deux pieds. Et bien s\u00fbr pour nous tous le premier confinement. Native de Sicile, je suis arriv\u00e9e en France \u00e0 l'\u00e2ge de 8 ans. A\u00een\u00e9e d'une fratrie de\u2026","_links":{"self":[{"href":"https:\/\/robfreshraffraichisseur.fr\/index.php\/wp-json\/wp\/v2\/product\/7244","targetHints":{"allow":["GET"]}}],"collection":[{"href":"https:\/\/robfreshraffraichisseur.fr\/index.php\/wp-json\/wp\/v2\/product"}],"about":[{"href":"https:\/\/robfreshraffraichisseur.fr\/index.php\/wp-json\/wp\/v2\/types\/product"}],"replies":[{"embeddable":true,"href":"https:\/\/robfreshraffraichisseur.fr\/index.php\/wp-json\/wp\/v2\/comments?post=7244"}],"wp:featuredmedia":[{"embeddable":true,"href":"https:\/\/robfreshraffraichisseur.fr\/index.php\/wp-json\/wp\/v2\/media\/8709"}],"wp:attachment":[{"href":"https:\/\/robfreshraffraichisseur.fr\/index.php\/wp-json\/wp\/v2\/media?parent=7244"}],"wp:term":[{"taxonomy":"product_brand","embeddable":true,"href":"https:\/\/robfreshraffraichisseur.fr\/index.php\/wp-json\/wp\/v2\/product_brand?post=7244"},{"taxonomy":"product_cat","embeddable":true,"href":"https:\/\/robfreshraffraichisseur.fr\/index.php\/wp-json\/wp\/v2\/product_cat?post=7244"},{"taxonomy":"product_tag","embeddable":true,"href":"https:\/\/robfreshraffraichisseur.fr\/index.php\/wp-json\/wp\/v2\/product_tag?post=7244"}],"curies":[{"name":"wp","href":"https:\/\/api.w.org\/{rel}","templated":true}]}}