{"id":7460,"date":"2024-01-28T11:13:55","date_gmt":"2024-01-28T10:13:55","guid":{"rendered":"https:\/\/robfreshraffraichisseur.fr\/?post_type=product&#038;p=7460"},"modified":"2025-11-07T22:10:56","modified_gmt":"2025-11-07T21:10:56","slug":"robfresh-tchin-provence-patchwork","status":"publish","type":"product","link":"https:\/\/robfreshraffraichisseur.fr\/index.php\/produit\/robfresh-tchin-provence-patchwork\/","title":{"rendered":"Rob&rsquo;Fresh Tchin Provence Patchwork"},"content":{"rendered":"<h3 data-start=\"180\" data-end=\"234\"><strong>Sac isotherme artisanal, chic et \u00e9co-responsable<\/strong><\/h3>\n<p data-start=\"235\" data-end=\"548\">Le sac isotherme <strong data-start=\"252\" data-end=\"276\">Rob\u2019Fresh Tchin Provence Patchwork<\/strong>\u00a0est le compagnon id\u00e9al pour transporter et garder au frais vos bouteilles de vin, champagne, eau ou autres boissons (hors glaces). Inspir\u00e9 de la maroquinerie, il associe \u00e9l\u00e9gance et praticit\u00e9 pour accompagner vos ap\u00e9ritifs, pique-niques ou sorties en toute originalit\u00e9.<\/p>\n<p data-start=\"550\" data-end=\"973\">\u00c9co-responsable et durable, il est fabriqu\u00e9 \u00e0 partir de tissus labellis\u00e9s <strong data-start=\"624\" data-end=\"636\">OEKO-TEX<\/strong> et est lavable en machine (cycle d\u00e9licat). Livr\u00e9 avec un <strong data-start=\"694\" data-end=\"735\">gel pack \u00e9cologique en kraft de 100 g<\/strong>, biod\u00e9gradable, recyclable et non toxique, il garantit une fra\u00eecheur de 5 \u00e0 6 heures apr\u00e8s cong\u00e9lation. L\u00e9ger et r\u00e9sistant, ce sac peut supporter jusqu\u2019\u00e0 <strong data-start=\"890\" data-end=\"900\">1,8 kg<\/strong> et se ferme facilement gr\u00e2ce \u00e0 ses <strong data-start=\"936\" data-end=\"961\">pressions magn\u00e9tiques<\/strong> ludiques.<\/p>\n<p data-start=\"975\" data-end=\"1127\">Confectionn\u00e9 artisanalement en Provence, ce mod\u00e8le unique refl\u00e8te le savoir-faire local et l\u2019engagement de Rob\u2019Fresh pour la sant\u00e9 et l\u2019environnement.<\/p>\n<h3 data-start=\"1134\" data-end=\"1156\"><strong>Caract\u00e9ristiques<\/strong><\/h3>\n<ul>\n<li data-start=\"1159\" data-end=\"1192\"><strong data-start=\"1159\" data-end=\"1173\">Dimensions<\/strong> : 36 \u00d7 19 \u00d7 9 cm<\/li>\n<li data-start=\"1195\" data-end=\"1214\"><strong data-start=\"1195\" data-end=\"1204\">Poids<\/strong> : 200 g<\/li>\n<li data-start=\"1217\" data-end=\"1247\"><strong data-start=\"1217\" data-end=\"1236\">Charge maximale<\/strong> : 1,8 kg<\/li>\n<li data-start=\"1250\" data-end=\"1293\"><strong data-start=\"1250\" data-end=\"1263\">Fermeture<\/strong> : pressions magn\u00e9tiques (3)<\/li>\n<\/ul>\n<h3 data-start=\"1295\" data-end=\"1310\"><strong>Mat\u00e9riaux<\/strong><\/h3>\n<ul>\n<li data-start=\"1313\" data-end=\"1339\">Tissu coton <strong data-start=\"1325\" data-end=\"1337\">OEKO-TEX<\/strong><\/li>\n<li data-start=\"1342\" data-end=\"1406\">Film thermique isotherme (r\u00e9flecteur aluminium + poly\u00e9thyl\u00e8ne)<\/li>\n<li data-start=\"1409\" data-end=\"1455\">Sangles r\u00e9sistantes en polypropyl\u00e8ne (25 cm)<\/li>\n<li data-start=\"1458\" data-end=\"1471\">Coton serg\u00e9<\/li>\n<li data-start=\"1474\" data-end=\"1521\">Gel pack \u00e9cologique et biod\u00e9gradable de 100 g<\/li>\n<li data-start=\"1524\" data-end=\"1622\">Fabrication artisanale en Provence, r\u00e9alis\u00e9e en partie dans un atelier favorisant la r\u00e9insertion<\/li>\n<\/ul>\n<h3 data-start=\"1629\" data-end=\"1663\"><strong>Pourquoi choisir Rob\u2019Fresh ?<\/strong><\/h3>\n<p data-start=\"1664\" data-end=\"1948\">\u2705 <strong data-start=\"1666\" data-end=\"1685\">\u00c9co-responsable<\/strong> : mat\u00e9riaux certifi\u00e9s, biod\u00e9gradables et non toxiques<br data-start=\"1739\" data-end=\"1742\" \/>\u2705 <strong data-start=\"1744\" data-end=\"1770\">Fabrication artisanale<\/strong> en Provence avec souci du d\u00e9tail<br data-start=\"1803\" data-end=\"1806\" \/>\u2705 <strong data-start=\"1808\" data-end=\"1831\">Pratique et durable<\/strong> : jusqu\u2019\u00e0 6h de fra\u00eecheur, lavable et r\u00e9utilisable<br data-start=\"1882\" data-end=\"1885\" \/>\u2705 <strong data-start=\"1887\" data-end=\"1910\">\u00c9l\u00e9gant et original<\/strong> : design inspir\u00e9 de la maroquinerie<\/p>\n","protected":false},"excerpt":{"rendered":"<p>Avec le <strong>sac isotherme<\/strong> Rob&rsquo;Fresh<em>\u00a0Tchin<\/em> Provence Patchwork transportez au frais toutes vos boissons pour toutes vos escapades !<\/p>\n<ul>\n<li><em>Avec le pack gel kraft<\/em> congel\u00e9 pour vos vins blancs, ros\u00e9s et champagnes avec discr\u00e9tion (*\u00e0 consommer avec mod\u00e9ration), elle vous promet une dur\u00e9e de fra\u00eecheur de 5\/6 heures !<\/li>\n<li><em>Sans le gel pack kraft<\/em> pour tous vos vins rouges, d\u00e9placez-les en secret, afin de conserver leur temp\u00e9rature optimale pendant leur transport !<\/li>\n<\/ul>\n<p>Ce<strong style=\"font-size: 16px;\"> sac<\/strong> <strong style=\"font-size: 16px;\">isotherme\u00a0<\/strong><span style=\"font-size: 16px;\">rafra\u00eechisseur de boissons deviendra : votre complice<\/span><em style=\"font-size: 16px;\"> fra\u00eecheur !!<\/em><\/p>\n","protected":false},"featured_media":8679,"comment_status":"open","ping_status":"closed","template":"","meta":{"_uag_custom_page_level_css":"","_monsterinsights_skip_tracking":false,"_monsterinsights_sitenote_active":false,"_monsterinsights_sitenote_note":"","_monsterinsights_sitenote_category":0,"site-sidebar-layout":"default","site-content-layout":"","ast-site-content-layout":"default","site-content-style":"default","site-sidebar-style":"default","ast-global-header-display":"","ast-banner-title-visibility":"","ast-main-header-display":"","ast-hfb-above-header-display":"","ast-hfb-below-header-display":"","ast-hfb-mobile-header-display":"","site-post-title":"","ast-breadcrumbs-content":"","ast-featured-img":"","footer-sml-layout":"","theme-transparent-header-meta":"default","adv-header-id-meta":"","stick-header-meta":"","header-above-stick-meta":"","header-main-stick-meta":"","header-below-stick-meta":"","astra-migrate-meta-layouts":"set","ast-page-background-enabled":"default","ast-page-background-meta":{"desktop":{"background-color":"","background-image":"","background-repeat":"repeat","background-position":"center center","background-size":"auto","background-attachment":"scroll","background-type":"","background-media":"","overlay-type":"","overlay-color":"","overlay-opacity":"","overlay-gradient":""},"tablet":{"background-color":"","background-image":"","background-repeat":"repeat","background-position":"center center","background-size":"auto","background-attachment":"scroll","background-type":"","background-media":"","overlay-type":"","overlay-color":"","overlay-opacity":"","overlay-gradient":""},"mobile":{"background-color":"","background-image":"","background-repeat":"repeat","background-position":"center center","background-size":"auto","background-attachment":"scroll","background-type":"","background-media":"","overlay-type":"","overlay-color":"","overlay-opacity":"","overlay-gradient":""}},"ast-content-background-meta":{"desktop":{"background-color":"var(--ast-global-color-5)","background-image":"","background-repeat":"repeat","background-position":"center center","background-size":"auto","background-attachment":"scroll","background-type":"","background-media":"","overlay-type":"","overlay-color":"","overlay-opacity":"","overlay-gradient":""},"tablet":{"background-color":"var(--ast-global-color-5)","background-image":"","background-repeat":"repeat","background-position":"center center","background-size":"auto","background-attachment":"scroll","background-type":"","background-media":"","overlay-type":"","overlay-color":"","overlay-opacity":"","overlay-gradient":""},"mobile":{"background-color":"var(--ast-global-color-5)","background-image":"","background-repeat":"repeat","background-position":"center center","background-size":"auto","background-attachment":"scroll","background-type":"","background-media":"","overlay-type":"","overlay-color":"","overlay-opacity":"","overlay-gradient":""}}},"product_brand":[],"product_cat":[91],"product_tag":[],"class_list":{"0":"post-7460","1":"product","2":"type-product","3":"status-publish","4":"has-post-thumbnail","6":"product_cat-rob-fresh-rafraichisseur-a-bouteilles-tchin","7":"desktop-align-left","8":"tablet-align-center","9":"mobile-align-center","11":"first","12":"instock","13":"taxable","14":"shipping-taxable","15":"purchasable","16":"product-type-simple"},"yoast_head":"<!-- This site is optimized with the Yoast SEO plugin v27.3 - https:\/\/yoast.com\/product\/yoast-seo-wordpress\/ -->\n<title>Rob&#039;Fresh Tchin Provence Patchwork - ROB&#039;FRESH | Sac isotherme artisanal et 100% fran\u00e7ais<\/title>\n<meta name=\"robots\" content=\"index, follow, max-snippet:-1, max-image-preview:large, max-video-preview:-1\" \/>\n<link rel=\"canonical\" href=\"https:\/\/robfreshraffraichisseur.fr\/index.php\/produit\/robfresh-tchin-provence-patchwork\/\" \/>\n<meta property=\"og:locale\" content=\"fr_FR\" \/>\n<meta property=\"og:type\" content=\"article\" \/>\n<meta property=\"og:title\" content=\"Rob&#039;Fresh Tchin Provence Patchwork - ROB&#039;FRESH | Sac isotherme artisanal et 100% fran\u00e7ais\" \/>\n<meta property=\"og:description\" content=\"Avec le sac isotherme Rob&#039;Fresh\u00a0Tchin Provence Patchwork transportez au frais toutes vos boissons pour toutes vos escapades !   Avec le pack gel kraft congel\u00e9 pour vos vins blancs, ros\u00e9s et champagnes avec discr\u00e9tion (*\u00e0 consommer avec mod\u00e9ration), elle vous promet une dur\u00e9e de fra\u00eecheur de 5\/6 heures !  Sans le gel pack kraft pour tous vos vins rouges, d\u00e9placez-les en secret, afin de conserver leur temp\u00e9rature optimale pendant leur transport !  Ce sac isotherme\u00a0rafra\u00eechisseur de boissons deviendra : votre complice fra\u00eecheur !!\" \/>\n<meta property=\"og:url\" content=\"https:\/\/robfreshraffraichisseur.fr\/index.php\/produit\/robfresh-tchin-provence-patchwork\/\" \/>\n<meta property=\"og:site_name\" content=\"ROB&#039;FRESH | Sac isotherme artisanal et 100% fran\u00e7ais\" \/>\n<meta property=\"article:publisher\" content=\"https:\/\/www.facebook.com\/profile.php?id=100089611600112\" \/>\n<meta property=\"article:modified_time\" content=\"2025-11-07T21:10:56+00:00\" \/>\n<meta property=\"og:image\" content=\"http:\/\/robfreshraffraichisseur.fr\/wp-content\/uploads\/2024\/01\/sac-isotherme-provence_patchwork.webp\" \/>\n\t<meta property=\"og:image:width\" content=\"600\" \/>\n\t<meta property=\"og:image:height\" content=\"600\" \/>\n\t<meta property=\"og:image:type\" content=\"image\/webp\" \/>\n<meta name=\"twitter:card\" content=\"summary_large_image\" \/>\n<meta name=\"twitter:label1\" content=\"Dur\u00e9e de lecture estim\u00e9e\" \/>\n\t<meta name=\"twitter:data1\" content=\"2 minutes\" \/>\n<script type=\"application\/ld+json\" class=\"yoast-schema-graph\">{\"@context\":\"https:\\\/\\\/schema.org\",\"@graph\":[{\"@type\":\"WebPage\",\"@id\":\"https:\\\/\\\/robfreshraffraichisseur.fr\\\/index.php\\\/produit\\\/robfresh-tchin-provence-patchwork\\\/\",\"url\":\"https:\\\/\\\/robfreshraffraichisseur.fr\\\/index.php\\\/produit\\\/robfresh-tchin-provence-patchwork\\\/\",\"name\":\"Rob'Fresh Tchin Provence Patchwork - ROB&#039;FRESH | Sac isotherme artisanal et 100% fran\u00e7ais\",\"isPartOf\":{\"@id\":\"https:\\\/\\\/robfreshraffraichisseur.fr\\\/#website\"},\"primaryImageOfPage\":{\"@id\":\"https:\\\/\\\/robfreshraffraichisseur.fr\\\/index.php\\\/produit\\\/robfresh-tchin-provence-patchwork\\\/#primaryimage\"},\"image\":{\"@id\":\"https:\\\/\\\/robfreshraffraichisseur.fr\\\/index.php\\\/produit\\\/robfresh-tchin-provence-patchwork\\\/#primaryimage\"},\"thumbnailUrl\":\"https:\\\/\\\/robfreshraffraichisseur.fr\\\/wp-content\\\/uploads\\\/2024\\\/01\\\/sac-isotherme-provence_patchwork.webp\",\"datePublished\":\"2024-01-28T10:13:55+00:00\",\"dateModified\":\"2025-11-07T21:10:56+00:00\",\"breadcrumb\":{\"@id\":\"https:\\\/\\\/robfreshraffraichisseur.fr\\\/index.php\\\/produit\\\/robfresh-tchin-provence-patchwork\\\/#breadcrumb\"},\"inLanguage\":\"fr-FR\",\"potentialAction\":[{\"@type\":\"ReadAction\",\"target\":[\"https:\\\/\\\/robfreshraffraichisseur.fr\\\/index.php\\\/produit\\\/robfresh-tchin-provence-patchwork\\\/\"]}]},{\"@type\":\"ImageObject\",\"inLanguage\":\"fr-FR\",\"@id\":\"https:\\\/\\\/robfreshraffraichisseur.fr\\\/index.php\\\/produit\\\/robfresh-tchin-provence-patchwork\\\/#primaryimage\",\"url\":\"https:\\\/\\\/robfreshraffraichisseur.fr\\\/wp-content\\\/uploads\\\/2024\\\/01\\\/sac-isotherme-provence_patchwork.webp\",\"contentUrl\":\"https:\\\/\\\/robfreshraffraichisseur.fr\\\/wp-content\\\/uploads\\\/2024\\\/01\\\/sac-isotherme-provence_patchwork.webp\",\"width\":600,\"height\":600,\"caption\":\"sac-isotherme-provence_patchwork\"},{\"@type\":\"BreadcrumbList\",\"@id\":\"https:\\\/\\\/robfreshraffraichisseur.fr\\\/index.php\\\/produit\\\/robfresh-tchin-provence-patchwork\\\/#breadcrumb\",\"itemListElement\":[{\"@type\":\"ListItem\",\"position\":1,\"name\":\"Accueil\",\"item\":\"https:\\\/\\\/robfreshraffraichisseur.fr\\\/\"},{\"@type\":\"ListItem\",\"position\":2,\"name\":\"Ma boutique\",\"item\":\"https:\\\/\\\/robfreshraffraichisseur.fr\\\/index.php\\\/ma-boutique\\\/\"},{\"@type\":\"ListItem\",\"position\":3,\"name\":\"Rob&rsquo;Fresh Tchin Provence Patchwork\"}]},{\"@type\":\"WebSite\",\"@id\":\"https:\\\/\\\/robfreshraffraichisseur.fr\\\/#website\",\"url\":\"https:\\\/\\\/robfreshraffraichisseur.fr\\\/\",\"name\":\"ROB'FRESH | Sac isotherme artisanal et 100% fran\u00e7ais\",\"description\":\"Rob&#039;Fresh un rafraichisseur \u00e0 bouteilles , original et chic\",\"publisher\":{\"@id\":\"https:\\\/\\\/robfreshraffraichisseur.fr\\\/#organization\"},\"alternateName\":\"Rob'Fresh\",\"potentialAction\":[{\"@type\":\"SearchAction\",\"target\":{\"@type\":\"EntryPoint\",\"urlTemplate\":\"https:\\\/\\\/robfreshraffraichisseur.fr\\\/?s={search_term_string}\"},\"query-input\":{\"@type\":\"PropertyValueSpecification\",\"valueRequired\":true,\"valueName\":\"search_term_string\"}}],\"inLanguage\":\"fr-FR\"},{\"@type\":\"Organization\",\"@id\":\"https:\\\/\\\/robfreshraffraichisseur.fr\\\/#organization\",\"name\":\"ROB'FRESH | Sac isotherme artisanal et 100% fran\u00e7ais\",\"url\":\"https:\\\/\\\/robfreshraffraichisseur.fr\\\/\",\"logo\":{\"@type\":\"ImageObject\",\"inLanguage\":\"fr-FR\",\"@id\":\"https:\\\/\\\/robfreshraffraichisseur.fr\\\/#\\\/schema\\\/logo\\\/image\\\/\",\"url\":\"https:\\\/\\\/robfreshraffraichisseur.fr\\\/wp-content\\\/uploads\\\/2023\\\/05\\\/cropped-logo-Rob-Fresh-1-scaled.jpg\",\"contentUrl\":\"https:\\\/\\\/robfreshraffraichisseur.fr\\\/wp-content\\\/uploads\\\/2023\\\/05\\\/cropped-logo-Rob-Fresh-1-scaled.jpg\",\"width\":1500,\"height\":500,\"caption\":\"ROB'FRESH | Sac isotherme artisanal et 100% fran\u00e7ais\"},\"image\":{\"@id\":\"https:\\\/\\\/robfreshraffraichisseur.fr\\\/#\\\/schema\\\/logo\\\/image\\\/\"},\"sameAs\":[\"https:\\\/\\\/www.facebook.com\\\/profile.php?id=100089611600112\",\"https:\\\/\\\/www.instagram.com\\\/stories\\\/fka_creations_rob_fresh\\\/3128058353593416974\\\/\"]}]}<\/script>\n<!-- \/ Yoast SEO plugin. -->","yoast_head_json":{"title":"Rob'Fresh Tchin Provence Patchwork - ROB&#039;FRESH | Sac isotherme artisanal et 100% fran\u00e7ais","robots":{"index":"index","follow":"follow","max-snippet":"max-snippet:-1","max-image-preview":"max-image-preview:large","max-video-preview":"max-video-preview:-1"},"canonical":"https:\/\/robfreshraffraichisseur.fr\/index.php\/produit\/robfresh-tchin-provence-patchwork\/","og_locale":"fr_FR","og_type":"article","og_title":"Rob'Fresh Tchin Provence Patchwork - ROB&#039;FRESH | Sac isotherme artisanal et 100% fran\u00e7ais","og_description":"Avec le sac isotherme Rob'Fresh\u00a0Tchin Provence Patchwork transportez au frais toutes vos boissons pour toutes vos escapades !   Avec le pack gel kraft congel\u00e9 pour vos vins blancs, ros\u00e9s et champagnes avec discr\u00e9tion (*\u00e0 consommer avec mod\u00e9ration), elle vous promet une dur\u00e9e de fra\u00eecheur de 5\/6 heures !  Sans le gel pack kraft pour tous vos vins rouges, d\u00e9placez-les en secret, afin de conserver leur temp\u00e9rature optimale pendant leur transport !  Ce sac isotherme\u00a0rafra\u00eechisseur de boissons deviendra : votre complice fra\u00eecheur !!","og_url":"https:\/\/robfreshraffraichisseur.fr\/index.php\/produit\/robfresh-tchin-provence-patchwork\/","og_site_name":"ROB&#039;FRESH | Sac isotherme artisanal et 100% fran\u00e7ais","article_publisher":"https:\/\/www.facebook.com\/profile.php?id=100089611600112","article_modified_time":"2025-11-07T21:10:56+00:00","og_image":[{"width":600,"height":600,"url":"http:\/\/robfreshraffraichisseur.fr\/wp-content\/uploads\/2024\/01\/sac-isotherme-provence_patchwork.webp","type":"image\/webp"}],"twitter_card":"summary_large_image","twitter_misc":{"Dur\u00e9e de lecture estim\u00e9e":"2 minutes"},"schema":{"@context":"https:\/\/schema.org","@graph":[{"@type":"WebPage","@id":"https:\/\/robfreshraffraichisseur.fr\/index.php\/produit\/robfresh-tchin-provence-patchwork\/","url":"https:\/\/robfreshraffraichisseur.fr\/index.php\/produit\/robfresh-tchin-provence-patchwork\/","name":"Rob'Fresh Tchin Provence Patchwork - ROB&#039;FRESH | Sac isotherme artisanal et 100% fran\u00e7ais","isPartOf":{"@id":"https:\/\/robfreshraffraichisseur.fr\/#website"},"primaryImageOfPage":{"@id":"https:\/\/robfreshraffraichisseur.fr\/index.php\/produit\/robfresh-tchin-provence-patchwork\/#primaryimage"},"image":{"@id":"https:\/\/robfreshraffraichisseur.fr\/index.php\/produit\/robfresh-tchin-provence-patchwork\/#primaryimage"},"thumbnailUrl":"https:\/\/robfreshraffraichisseur.fr\/wp-content\/uploads\/2024\/01\/sac-isotherme-provence_patchwork.webp","datePublished":"2024-01-28T10:13:55+00:00","dateModified":"2025-11-07T21:10:56+00:00","breadcrumb":{"@id":"https:\/\/robfreshraffraichisseur.fr\/index.php\/produit\/robfresh-tchin-provence-patchwork\/#breadcrumb"},"inLanguage":"fr-FR","potentialAction":[{"@type":"ReadAction","target":["https:\/\/robfreshraffraichisseur.fr\/index.php\/produit\/robfresh-tchin-provence-patchwork\/"]}]},{"@type":"ImageObject","inLanguage":"fr-FR","@id":"https:\/\/robfreshraffraichisseur.fr\/index.php\/produit\/robfresh-tchin-provence-patchwork\/#primaryimage","url":"https:\/\/robfreshraffraichisseur.fr\/wp-content\/uploads\/2024\/01\/sac-isotherme-provence_patchwork.webp","contentUrl":"https:\/\/robfreshraffraichisseur.fr\/wp-content\/uploads\/2024\/01\/sac-isotherme-provence_patchwork.webp","width":600,"height":600,"caption":"sac-isotherme-provence_patchwork"},{"@type":"BreadcrumbList","@id":"https:\/\/robfreshraffraichisseur.fr\/index.php\/produit\/robfresh-tchin-provence-patchwork\/#breadcrumb","itemListElement":[{"@type":"ListItem","position":1,"name":"Accueil","item":"https:\/\/robfreshraffraichisseur.fr\/"},{"@type":"ListItem","position":2,"name":"Ma boutique","item":"https:\/\/robfreshraffraichisseur.fr\/index.php\/ma-boutique\/"},{"@type":"ListItem","position":3,"name":"Rob&rsquo;Fresh Tchin Provence Patchwork"}]},{"@type":"WebSite","@id":"https:\/\/robfreshraffraichisseur.fr\/#website","url":"https:\/\/robfreshraffraichisseur.fr\/","name":"ROB'FRESH | Sac isotherme artisanal et 100% fran\u00e7ais","description":"Rob&#039;Fresh un rafraichisseur \u00e0 bouteilles , original et chic","publisher":{"@id":"https:\/\/robfreshraffraichisseur.fr\/#organization"},"alternateName":"Rob'Fresh","potentialAction":[{"@type":"SearchAction","target":{"@type":"EntryPoint","urlTemplate":"https:\/\/robfreshraffraichisseur.fr\/?s={search_term_string}"},"query-input":{"@type":"PropertyValueSpecification","valueRequired":true,"valueName":"search_term_string"}}],"inLanguage":"fr-FR"},{"@type":"Organization","@id":"https:\/\/robfreshraffraichisseur.fr\/#organization","name":"ROB'FRESH | Sac isotherme artisanal et 100% fran\u00e7ais","url":"https:\/\/robfreshraffraichisseur.fr\/","logo":{"@type":"ImageObject","inLanguage":"fr-FR","@id":"https:\/\/robfreshraffraichisseur.fr\/#\/schema\/logo\/image\/","url":"https:\/\/robfreshraffraichisseur.fr\/wp-content\/uploads\/2023\/05\/cropped-logo-Rob-Fresh-1-scaled.jpg","contentUrl":"https:\/\/robfreshraffraichisseur.fr\/wp-content\/uploads\/2023\/05\/cropped-logo-Rob-Fresh-1-scaled.jpg","width":1500,"height":500,"caption":"ROB'FRESH | Sac isotherme artisanal et 100% fran\u00e7ais"},"image":{"@id":"https:\/\/robfreshraffraichisseur.fr\/#\/schema\/logo\/image\/"},"sameAs":["https:\/\/www.facebook.com\/profile.php?id=100089611600112","https:\/\/www.instagram.com\/stories\/fka_creations_rob_fresh\/3128058353593416974\/"]}]}},"uagb_featured_image_src":{"full":["https:\/\/robfreshraffraichisseur.fr\/wp-content\/uploads\/2024\/01\/sac-isotherme-provence_patchwork.webp",600,600,false],"thumbnail":["https:\/\/robfreshraffraichisseur.fr\/wp-content\/uploads\/2024\/01\/sac-isotherme-provence_patchwork-150x150.webp",150,150,true],"medium":["https:\/\/robfreshraffraichisseur.fr\/wp-content\/uploads\/2024\/01\/sac-isotherme-provence_patchwork-300x300.webp",300,300,true],"medium_large":["https:\/\/robfreshraffraichisseur.fr\/wp-content\/uploads\/2024\/01\/sac-isotherme-provence_patchwork.webp",600,600,false],"large":["https:\/\/robfreshraffraichisseur.fr\/wp-content\/uploads\/2024\/01\/sac-isotherme-provence_patchwork.webp",600,600,false],"1536x1536":["https:\/\/robfreshraffraichisseur.fr\/wp-content\/uploads\/2024\/01\/sac-isotherme-provence_patchwork.webp",600,600,false],"2048x2048":["https:\/\/robfreshraffraichisseur.fr\/wp-content\/uploads\/2024\/01\/sac-isotherme-provence_patchwork.webp",600,600,false],"woocommerce_thumbnail":["https:\/\/robfreshraffraichisseur.fr\/wp-content\/uploads\/2024\/01\/sac-isotherme-provence_patchwork-300x300.webp",300,300,true],"woocommerce_single":["https:\/\/robfreshraffraichisseur.fr\/wp-content\/uploads\/2024\/01\/sac-isotherme-provence_patchwork.webp",600,600,false],"woocommerce_gallery_thumbnail":["https:\/\/robfreshraffraichisseur.fr\/wp-content\/uploads\/2024\/01\/sac-isotherme-provence_patchwork-100x100.webp",100,100,true],"variation_swatches_image_size":["https:\/\/robfreshraffraichisseur.fr\/wp-content\/uploads\/2024\/01\/sac-isotherme-provence_patchwork-50x50.webp",50,50,true],"variation_swatches_tooltip_size":["https:\/\/robfreshraffraichisseur.fr\/wp-content\/uploads\/2024\/01\/sac-isotherme-provence_patchwork-100x100.webp",100,100,true]},"uagb_author_info":{"display_name":"84.robfresh@gmail.com","author_link":"https:\/\/robfreshraffraichisseur.fr\/index.php\/author\/"},"uagb_comment_info":0,"uagb_excerpt":"Avec le sac isotherme Rob'Fresh\u00a0Tchin Provence Patchwork transportez au frais toutes vos boissons pour toutes vos escapades ! Avec le pack gel kraft congel\u00e9 pour vos vins blancs, ros\u00e9s et champagnes avec discr\u00e9tion (*\u00e0 consommer avec mod\u00e9ration), elle vous promet une dur\u00e9e de fra\u00eecheur de 5\/6 heures ! Sans le gel pack kraft pour tous\u2026","_links":{"self":[{"href":"https:\/\/robfreshraffraichisseur.fr\/index.php\/wp-json\/wp\/v2\/product\/7460","targetHints":{"allow":["GET"]}}],"collection":[{"href":"https:\/\/robfreshraffraichisseur.fr\/index.php\/wp-json\/wp\/v2\/product"}],"about":[{"href":"https:\/\/robfreshraffraichisseur.fr\/index.php\/wp-json\/wp\/v2\/types\/product"}],"replies":[{"embeddable":true,"href":"https:\/\/robfreshraffraichisseur.fr\/index.php\/wp-json\/wp\/v2\/comments?post=7460"}],"wp:featuredmedia":[{"embeddable":true,"href":"https:\/\/robfreshraffraichisseur.fr\/index.php\/wp-json\/wp\/v2\/media\/8679"}],"wp:attachment":[{"href":"https:\/\/robfreshraffraichisseur.fr\/index.php\/wp-json\/wp\/v2\/media?parent=7460"}],"wp:term":[{"taxonomy":"product_brand","embeddable":true,"href":"https:\/\/robfreshraffraichisseur.fr\/index.php\/wp-json\/wp\/v2\/product_brand?post=7460"},{"taxonomy":"product_cat","embeddable":true,"href":"https:\/\/robfreshraffraichisseur.fr\/index.php\/wp-json\/wp\/v2\/product_cat?post=7460"},{"taxonomy":"product_tag","embeddable":true,"href":"https:\/\/robfreshraffraichisseur.fr\/index.php\/wp-json\/wp\/v2\/product_tag?post=7460"}],"curies":[{"name":"wp","href":"https:\/\/api.w.org\/{rel}","templated":true}]}}