{"id":7981,"date":"2024-09-24T02:39:53","date_gmt":"2024-09-24T00:39:53","guid":{"rendered":"https:\/\/robfreshraffraichisseur.fr\/?post_type=product&#038;p=7981"},"modified":"2025-11-07T22:24:14","modified_gmt":"2025-11-07T21:24:14","slug":"sac-isotherme-robfresh-up-vespa","status":"publish","type":"product","link":"https:\/\/robfreshraffraichisseur.fr\/index.php\/produit\/sac-isotherme-robfresh-up-vespa\/","title":{"rendered":"Sac isotherme Rob&rsquo;Fresh UP Vespa"},"content":{"rendered":"<h3 data-start=\"193\" data-end=\"264\"><strong>Sac isotherme artisanal et \u00e9co-responsable<\/strong><\/h3>\n<p data-start=\"266\" data-end=\"543\">Le sac isotherme <strong data-start=\"283\" data-end=\"307\">Rob\u2019Fresh UP Vespa<\/strong>\u00a0est l\u2019alli\u00e9 id\u00e9al de vos d\u00e9placements : pratique, \u00e9l\u00e9gant et original avec son design d\u2019inspiration marine (corde et \u0153illets), il garde vos boissons, vins, champagnes ou bouteilles d\u2019eau \u00e0 la bonne temp\u00e9rature, partout o\u00f9 vous allez.<\/p>\n<p data-start=\"545\" data-end=\"1005\">Confectionn\u00e9 de mani\u00e8re artisanale en Provence, il allie esth\u00e9tisme et respect de l\u2019environnement. Fabriqu\u00e9 \u00e0 partir de tissus certifi\u00e9s <strong data-start=\"682\" data-end=\"694\">OEKO-TEX<\/strong>, il est lavable en machine (cycle d\u00e9licat) et livr\u00e9 avec un <strong data-start=\"755\" data-end=\"810\">gel pack kraft \u00e9cologique et biod\u00e9gradable de 100 g<\/strong>. Congel\u00e9, ce dernier assure 4 \u00e0 5 heures de fra\u00eecheur selon la temp\u00e9rature ext\u00e9rieure. Non toxique, r\u00e9sistant aux chocs et r\u00e9utilisable, il compl\u00e8te parfaitement ce sac durable et responsable.<\/p>\n<p data-start=\"1007\" data-end=\"1269\">Gr\u00e2ce \u00e0 sa fermeture auto-agrippante et sa conception robuste, le <strong data-start=\"1073\" data-end=\"1097\">Rob\u2019Fresh UP<\/strong>\u00a0peut supporter jusqu\u2019\u00e0 <strong data-start=\"1121\" data-end=\"1131\">1,8 kg<\/strong> de charge. L\u00e9ger et pratique, il vous accompagne aussi bien \u00e0 la maison qu\u2019au bureau, \u00e0 la plage, au sport, \u00e0 la montagne ou en voyage.<\/p>\n<h3 data-start=\"1276\" data-end=\"1298\"><strong>Caract\u00e9ristiques<\/strong><\/h3>\n<ul>\n<li data-start=\"1301\" data-end=\"1349\"><strong data-start=\"1301\" data-end=\"1315\">Dimensions<\/strong> : 22 \u00d7 35 \u00d7 10 cm (c\u00f4t\u00e9s 12 cm)<\/li>\n<li data-start=\"1352\" data-end=\"1371\"><strong data-start=\"1352\" data-end=\"1361\">Poids<\/strong> : 220 g<\/li>\n<li data-start=\"1374\" data-end=\"1404\"><strong data-start=\"1374\" data-end=\"1393\">Charge maximale<\/strong> : 1,8 kg<\/li>\n<li data-start=\"1407\" data-end=\"1440\"><strong data-start=\"1407\" data-end=\"1420\">Fermeture<\/strong> : auto-agrippante<\/li>\n<\/ul>\n<h3 data-start=\"1447\" data-end=\"1462\"><strong>Mat\u00e9riaux<\/strong><\/h3>\n<ul>\n<li data-start=\"1465\" data-end=\"1491\">Tissu coton <strong data-start=\"1477\" data-end=\"1489\">OEKO-TEX<\/strong><\/li>\n<li data-start=\"1494\" data-end=\"1558\">Film thermique isotherme (r\u00e9flecteur aluminium + poly\u00e9thyl\u00e8ne)<\/li>\n<li data-start=\"1561\" data-end=\"1616\">Corde noire r\u00e9sistante (66 cm) avec \u0153illets (\u00d8 21 mm)<\/li>\n<li data-start=\"1619\" data-end=\"1632\">Coton serg\u00e9<\/li>\n<li data-start=\"1635\" data-end=\"1691\">Gel pack isotherme \u00e9cologique et biod\u00e9gradable (100 g)<\/li>\n<li data-start=\"1694\" data-end=\"1758\">Fabrication en partie confi\u00e9e \u00e0 un atelier d\u2019insertion sociale<\/li>\n<\/ul>\n<h3 data-start=\"1765\" data-end=\"1810\"><strong>Pourquoi choisir Rob\u2019Fresh ?<\/strong><\/h3>\n<p data-start=\"1811\" data-end=\"2115\">\u2705 <strong data-start=\"1813\" data-end=\"1832\">\u00c9co-responsable<\/strong> : tissus certifi\u00e9s, gel pack biod\u00e9gradable et recyclable<br data-start=\"1889\" data-end=\"1892\" \/>\u2705 <strong data-start=\"1894\" data-end=\"1920\">Fabrication artisanale<\/strong> : fait main en Provence, avec souci du d\u00e9tail<br data-start=\"1966\" data-end=\"1969\" \/>\u2705 <strong data-start=\"1971\" data-end=\"1994\">Pratique et durable<\/strong> : lavable, r\u00e9sistant, jusqu\u2019\u00e0 5 h de fra\u00eecheur<br data-start=\"2041\" data-end=\"2044\" \/>\u2705 <strong data-start=\"2046\" data-end=\"2069\">Original et \u00e9l\u00e9gant<\/strong> : design marin unique avec corde et \u0153illets<\/p>\n","protected":false},"excerpt":{"rendered":"<p>Avec le <strong>sac isotherme<\/strong> <em>Rob&rsquo;Fresh<\/em> <em>UP Vespa <\/em>transportez au frais toutes vos boissons pour toutes vos escapades !<\/p>\n<ul>\n<li><em>Avec le pack gel kraft<\/em> congel\u00e9 pour vos vins blancs, ros\u00e9s et champagnes\u00a0 (*\u00e0 consommer avec mod\u00e9ration) et autres boissons. Elle vous promet une dur\u00e9e de fra\u00eecheur de 4\/5 heures !<\/li>\n<li>Sans le pack gel kraft pour\u00a0 tous vos vins rouges, afin de conserver leur temp\u00e9rature optimale\u00a0 pendant leur transport !<\/li>\n<li>Sans le pack gel kraft pour garder au chaud dans un bocal soupes et autres denr\u00e9es alimentaires (environ 2 h)<\/li>\n<\/ul>\n<p style=\"text-align: left;\">Ce sac isotherme, rafra\u00eechisseur de boissons deviendra : votre alli\u00e9 fra\u00eecheur !<br \/>\nOffrez-vous ou offrez autour de vous un caract\u00e8re baroudeur !<\/p>\n","protected":false},"featured_media":8684,"comment_status":"open","ping_status":"closed","template":"","meta":{"_uag_custom_page_level_css":"","_monsterinsights_skip_tracking":false,"_monsterinsights_sitenote_active":false,"_monsterinsights_sitenote_note":"","_monsterinsights_sitenote_category":0,"site-sidebar-layout":"default","site-content-layout":"","ast-site-content-layout":"default","site-content-style":"default","site-sidebar-style":"default","ast-global-header-display":"","ast-banner-title-visibility":"","ast-main-header-display":"","ast-hfb-above-header-display":"","ast-hfb-below-header-display":"","ast-hfb-mobile-header-display":"","site-post-title":"","ast-breadcrumbs-content":"","ast-featured-img":"","footer-sml-layout":"","theme-transparent-header-meta":"default","adv-header-id-meta":"","stick-header-meta":"","header-above-stick-meta":"","header-main-stick-meta":"","header-below-stick-meta":"","astra-migrate-meta-layouts":"set","ast-page-background-enabled":"default","ast-page-background-meta":{"desktop":{"background-color":"","background-image":"","background-repeat":"repeat","background-position":"center center","background-size":"auto","background-attachment":"scroll","background-type":"","background-media":"","overlay-type":"","overlay-color":"","overlay-opacity":"","overlay-gradient":""},"tablet":{"background-color":"","background-image":"","background-repeat":"repeat","background-position":"center center","background-size":"auto","background-attachment":"scroll","background-type":"","background-media":"","overlay-type":"","overlay-color":"","overlay-opacity":"","overlay-gradient":""},"mobile":{"background-color":"","background-image":"","background-repeat":"repeat","background-position":"center center","background-size":"auto","background-attachment":"scroll","background-type":"","background-media":"","overlay-type":"","overlay-color":"","overlay-opacity":"","overlay-gradient":""}},"ast-content-background-meta":{"desktop":{"background-color":"var(--ast-global-color-5)","background-image":"","background-repeat":"repeat","background-position":"center center","background-size":"auto","background-attachment":"scroll","background-type":"","background-media":"","overlay-type":"","overlay-color":"","overlay-opacity":"","overlay-gradient":""},"tablet":{"background-color":"var(--ast-global-color-5)","background-image":"","background-repeat":"repeat","background-position":"center center","background-size":"auto","background-attachment":"scroll","background-type":"","background-media":"","overlay-type":"","overlay-color":"","overlay-opacity":"","overlay-gradient":""},"mobile":{"background-color":"var(--ast-global-color-5)","background-image":"","background-repeat":"repeat","background-position":"center center","background-size":"auto","background-attachment":"scroll","background-type":"","background-media":"","overlay-type":"","overlay-color":"","overlay-opacity":"","overlay-gradient":""}}},"product_brand":[],"product_cat":[96],"product_tag":[],"class_list":{"0":"post-7981","1":"product","2":"type-product","3":"status-publish","4":"has-post-thumbnail","6":"product_cat-rafraichisseur-a-bouteilles-up","7":"desktop-align-left","8":"tablet-align-center","9":"mobile-align-center","11":"first","12":"instock","13":"taxable","14":"shipping-taxable","15":"purchasable","16":"product-type-simple"},"yoast_head":"<!-- This site is optimized with the Yoast SEO plugin v27.5 - https:\/\/yoast.com\/product\/yoast-seo-wordpress\/ -->\n<title>Sac isotherme Rob&#039;Fresh UP Vespa<\/title>\n<meta name=\"description\" content=\"La Dolce Vita avec ce sac isotherme et \u00e9co-responsable ,Vespa de la gamme Rob&#039;Fresh UP, Il sera votre alli\u00e9 fra\u00eecheur. Cr\u00e9\u00e9 dans mon atelier en Provence.\" \/>\n<meta name=\"robots\" content=\"index, follow, max-snippet:-1, max-image-preview:large, max-video-preview:-1\" \/>\n<link rel=\"canonical\" href=\"https:\/\/robfreshraffraichisseur.fr\/index.php\/produit\/sac-isotherme-robfresh-up-vespa\/\" \/>\n<meta property=\"og:locale\" content=\"fr_FR\" \/>\n<meta property=\"og:type\" content=\"article\" \/>\n<meta property=\"og:title\" content=\"Sac isotherme Rob&#039;Fresh UP Vespa\" \/>\n<meta property=\"og:description\" content=\"La Dolce Vita avec ce sac isotherme et \u00e9co-responsable ,Vespa de la gamme Rob&#039;Fresh UP, Il sera votre alli\u00e9 fra\u00eecheur. Cr\u00e9\u00e9 dans mon atelier en Provence.\" \/>\n<meta property=\"og:url\" content=\"https:\/\/robfreshraffraichisseur.fr\/index.php\/produit\/sac-isotherme-robfresh-up-vespa\/\" \/>\n<meta property=\"og:site_name\" content=\"ROB&#039;FRESH | Sac isotherme artisanal et 100% fran\u00e7ais\" \/>\n<meta property=\"article:publisher\" content=\"https:\/\/www.facebook.com\/profile.php?id=100089611600112\" \/>\n<meta property=\"article:modified_time\" content=\"2025-11-07T21:24:14+00:00\" \/>\n<meta property=\"og:image\" content=\"http:\/\/robfreshraffraichisseur.fr\/wp-content\/uploads\/2025\/09\/sac-isotherme-up-vespa.webp\" \/>\n\t<meta property=\"og:image:width\" content=\"600\" \/>\n\t<meta property=\"og:image:height\" content=\"600\" \/>\n\t<meta property=\"og:image:type\" content=\"image\/webp\" \/>\n<meta name=\"twitter:card\" content=\"summary_large_image\" \/>\n<meta name=\"twitter:label1\" content=\"Dur\u00e9e de lecture estim\u00e9e\" \/>\n\t<meta name=\"twitter:data1\" content=\"2 minutes\" \/>\n<script type=\"application\/ld+json\" class=\"yoast-schema-graph\">{\"@context\":\"https:\\\/\\\/schema.org\",\"@graph\":[{\"@type\":\"WebPage\",\"@id\":\"https:\\\/\\\/robfreshraffraichisseur.fr\\\/index.php\\\/produit\\\/sac-isotherme-robfresh-up-vespa\\\/\",\"url\":\"https:\\\/\\\/robfreshraffraichisseur.fr\\\/index.php\\\/produit\\\/sac-isotherme-robfresh-up-vespa\\\/\",\"name\":\"Sac isotherme Rob'Fresh UP Vespa\",\"isPartOf\":{\"@id\":\"https:\\\/\\\/robfreshraffraichisseur.fr\\\/#website\"},\"primaryImageOfPage\":{\"@id\":\"https:\\\/\\\/robfreshraffraichisseur.fr\\\/index.php\\\/produit\\\/sac-isotherme-robfresh-up-vespa\\\/#primaryimage\"},\"image\":{\"@id\":\"https:\\\/\\\/robfreshraffraichisseur.fr\\\/index.php\\\/produit\\\/sac-isotherme-robfresh-up-vespa\\\/#primaryimage\"},\"thumbnailUrl\":\"https:\\\/\\\/robfreshraffraichisseur.fr\\\/wp-content\\\/uploads\\\/2025\\\/09\\\/sac-isotherme-up-vespa.webp\",\"datePublished\":\"2024-09-24T00:39:53+00:00\",\"dateModified\":\"2025-11-07T21:24:14+00:00\",\"description\":\"La Dolce Vita avec ce sac isotherme et \u00e9co-responsable ,Vespa de la gamme Rob'Fresh UP, Il sera votre alli\u00e9 fra\u00eecheur. Cr\u00e9\u00e9 dans mon atelier en Provence.\",\"breadcrumb\":{\"@id\":\"https:\\\/\\\/robfreshraffraichisseur.fr\\\/index.php\\\/produit\\\/sac-isotherme-robfresh-up-vespa\\\/#breadcrumb\"},\"inLanguage\":\"fr-FR\",\"potentialAction\":[{\"@type\":\"ReadAction\",\"target\":[\"https:\\\/\\\/robfreshraffraichisseur.fr\\\/index.php\\\/produit\\\/sac-isotherme-robfresh-up-vespa\\\/\"]}]},{\"@type\":\"ImageObject\",\"inLanguage\":\"fr-FR\",\"@id\":\"https:\\\/\\\/robfreshraffraichisseur.fr\\\/index.php\\\/produit\\\/sac-isotherme-robfresh-up-vespa\\\/#primaryimage\",\"url\":\"https:\\\/\\\/robfreshraffraichisseur.fr\\\/wp-content\\\/uploads\\\/2025\\\/09\\\/sac-isotherme-up-vespa.webp\",\"contentUrl\":\"https:\\\/\\\/robfreshraffraichisseur.fr\\\/wp-content\\\/uploads\\\/2025\\\/09\\\/sac-isotherme-up-vespa.webp\",\"width\":600,\"height\":600,\"caption\":\"sac-isotherme-up-vespa\"},{\"@type\":\"BreadcrumbList\",\"@id\":\"https:\\\/\\\/robfreshraffraichisseur.fr\\\/index.php\\\/produit\\\/sac-isotherme-robfresh-up-vespa\\\/#breadcrumb\",\"itemListElement\":[{\"@type\":\"ListItem\",\"position\":1,\"name\":\"Accueil\",\"item\":\"https:\\\/\\\/robfreshraffraichisseur.fr\\\/\"},{\"@type\":\"ListItem\",\"position\":2,\"name\":\"Ma boutique\",\"item\":\"https:\\\/\\\/robfreshraffraichisseur.fr\\\/index.php\\\/ma-boutique\\\/\"},{\"@type\":\"ListItem\",\"position\":3,\"name\":\"Sac isotherme Rob&rsquo;Fresh UP Vespa\"}]},{\"@type\":\"WebSite\",\"@id\":\"https:\\\/\\\/robfreshraffraichisseur.fr\\\/#website\",\"url\":\"https:\\\/\\\/robfreshraffraichisseur.fr\\\/\",\"name\":\"ROB'FRESH | Sac isotherme artisanal et 100% fran\u00e7ais\",\"description\":\"Rob&#039;Fresh un rafraichisseur \u00e0 bouteilles , original et chic\",\"publisher\":{\"@id\":\"https:\\\/\\\/robfreshraffraichisseur.fr\\\/#organization\"},\"alternateName\":\"Rob'Fresh\",\"potentialAction\":[{\"@type\":\"SearchAction\",\"target\":{\"@type\":\"EntryPoint\",\"urlTemplate\":\"https:\\\/\\\/robfreshraffraichisseur.fr\\\/?s={search_term_string}\"},\"query-input\":{\"@type\":\"PropertyValueSpecification\",\"valueRequired\":true,\"valueName\":\"search_term_string\"}}],\"inLanguage\":\"fr-FR\"},{\"@type\":\"Organization\",\"@id\":\"https:\\\/\\\/robfreshraffraichisseur.fr\\\/#organization\",\"name\":\"ROB'FRESH | Sac isotherme artisanal et 100% fran\u00e7ais\",\"url\":\"https:\\\/\\\/robfreshraffraichisseur.fr\\\/\",\"logo\":{\"@type\":\"ImageObject\",\"inLanguage\":\"fr-FR\",\"@id\":\"https:\\\/\\\/robfreshraffraichisseur.fr\\\/#\\\/schema\\\/logo\\\/image\\\/\",\"url\":\"https:\\\/\\\/robfreshraffraichisseur.fr\\\/wp-content\\\/uploads\\\/2023\\\/05\\\/cropped-logo-Rob-Fresh-1-scaled.jpg\",\"contentUrl\":\"https:\\\/\\\/robfreshraffraichisseur.fr\\\/wp-content\\\/uploads\\\/2023\\\/05\\\/cropped-logo-Rob-Fresh-1-scaled.jpg\",\"width\":1500,\"height\":500,\"caption\":\"ROB'FRESH | Sac isotherme artisanal et 100% fran\u00e7ais\"},\"image\":{\"@id\":\"https:\\\/\\\/robfreshraffraichisseur.fr\\\/#\\\/schema\\\/logo\\\/image\\\/\"},\"sameAs\":[\"https:\\\/\\\/www.facebook.com\\\/profile.php?id=100089611600112\",\"https:\\\/\\\/www.instagram.com\\\/stories\\\/fka_creations_rob_fresh\\\/3128058353593416974\\\/\"]}]}<\/script>\n<!-- \/ Yoast SEO plugin. -->","yoast_head_json":{"title":"Sac isotherme Rob'Fresh UP Vespa","description":"La Dolce Vita avec ce sac isotherme et \u00e9co-responsable ,Vespa de la gamme Rob'Fresh UP, Il sera votre alli\u00e9 fra\u00eecheur. Cr\u00e9\u00e9 dans mon atelier en Provence.","robots":{"index":"index","follow":"follow","max-snippet":"max-snippet:-1","max-image-preview":"max-image-preview:large","max-video-preview":"max-video-preview:-1"},"canonical":"https:\/\/robfreshraffraichisseur.fr\/index.php\/produit\/sac-isotherme-robfresh-up-vespa\/","og_locale":"fr_FR","og_type":"article","og_title":"Sac isotherme Rob'Fresh UP Vespa","og_description":"La Dolce Vita avec ce sac isotherme et \u00e9co-responsable ,Vespa de la gamme Rob'Fresh UP, Il sera votre alli\u00e9 fra\u00eecheur. Cr\u00e9\u00e9 dans mon atelier en Provence.","og_url":"https:\/\/robfreshraffraichisseur.fr\/index.php\/produit\/sac-isotherme-robfresh-up-vespa\/","og_site_name":"ROB&#039;FRESH | Sac isotherme artisanal et 100% fran\u00e7ais","article_publisher":"https:\/\/www.facebook.com\/profile.php?id=100089611600112","article_modified_time":"2025-11-07T21:24:14+00:00","og_image":[{"width":600,"height":600,"url":"http:\/\/robfreshraffraichisseur.fr\/wp-content\/uploads\/2025\/09\/sac-isotherme-up-vespa.webp","type":"image\/webp"}],"twitter_card":"summary_large_image","twitter_misc":{"Dur\u00e9e de lecture estim\u00e9e":"2 minutes"},"schema":{"@context":"https:\/\/schema.org","@graph":[{"@type":"WebPage","@id":"https:\/\/robfreshraffraichisseur.fr\/index.php\/produit\/sac-isotherme-robfresh-up-vespa\/","url":"https:\/\/robfreshraffraichisseur.fr\/index.php\/produit\/sac-isotherme-robfresh-up-vespa\/","name":"Sac isotherme Rob'Fresh UP Vespa","isPartOf":{"@id":"https:\/\/robfreshraffraichisseur.fr\/#website"},"primaryImageOfPage":{"@id":"https:\/\/robfreshraffraichisseur.fr\/index.php\/produit\/sac-isotherme-robfresh-up-vespa\/#primaryimage"},"image":{"@id":"https:\/\/robfreshraffraichisseur.fr\/index.php\/produit\/sac-isotherme-robfresh-up-vespa\/#primaryimage"},"thumbnailUrl":"https:\/\/robfreshraffraichisseur.fr\/wp-content\/uploads\/2025\/09\/sac-isotherme-up-vespa.webp","datePublished":"2024-09-24T00:39:53+00:00","dateModified":"2025-11-07T21:24:14+00:00","description":"La Dolce Vita avec ce sac isotherme et \u00e9co-responsable ,Vespa de la gamme Rob'Fresh UP, Il sera votre alli\u00e9 fra\u00eecheur. Cr\u00e9\u00e9 dans mon atelier en Provence.","breadcrumb":{"@id":"https:\/\/robfreshraffraichisseur.fr\/index.php\/produit\/sac-isotherme-robfresh-up-vespa\/#breadcrumb"},"inLanguage":"fr-FR","potentialAction":[{"@type":"ReadAction","target":["https:\/\/robfreshraffraichisseur.fr\/index.php\/produit\/sac-isotherme-robfresh-up-vespa\/"]}]},{"@type":"ImageObject","inLanguage":"fr-FR","@id":"https:\/\/robfreshraffraichisseur.fr\/index.php\/produit\/sac-isotherme-robfresh-up-vespa\/#primaryimage","url":"https:\/\/robfreshraffraichisseur.fr\/wp-content\/uploads\/2025\/09\/sac-isotherme-up-vespa.webp","contentUrl":"https:\/\/robfreshraffraichisseur.fr\/wp-content\/uploads\/2025\/09\/sac-isotherme-up-vespa.webp","width":600,"height":600,"caption":"sac-isotherme-up-vespa"},{"@type":"BreadcrumbList","@id":"https:\/\/robfreshraffraichisseur.fr\/index.php\/produit\/sac-isotherme-robfresh-up-vespa\/#breadcrumb","itemListElement":[{"@type":"ListItem","position":1,"name":"Accueil","item":"https:\/\/robfreshraffraichisseur.fr\/"},{"@type":"ListItem","position":2,"name":"Ma boutique","item":"https:\/\/robfreshraffraichisseur.fr\/index.php\/ma-boutique\/"},{"@type":"ListItem","position":3,"name":"Sac isotherme Rob&rsquo;Fresh UP Vespa"}]},{"@type":"WebSite","@id":"https:\/\/robfreshraffraichisseur.fr\/#website","url":"https:\/\/robfreshraffraichisseur.fr\/","name":"ROB'FRESH | Sac isotherme artisanal et 100% fran\u00e7ais","description":"Rob&#039;Fresh un rafraichisseur \u00e0 bouteilles , original et chic","publisher":{"@id":"https:\/\/robfreshraffraichisseur.fr\/#organization"},"alternateName":"Rob'Fresh","potentialAction":[{"@type":"SearchAction","target":{"@type":"EntryPoint","urlTemplate":"https:\/\/robfreshraffraichisseur.fr\/?s={search_term_string}"},"query-input":{"@type":"PropertyValueSpecification","valueRequired":true,"valueName":"search_term_string"}}],"inLanguage":"fr-FR"},{"@type":"Organization","@id":"https:\/\/robfreshraffraichisseur.fr\/#organization","name":"ROB'FRESH | Sac isotherme artisanal et 100% fran\u00e7ais","url":"https:\/\/robfreshraffraichisseur.fr\/","logo":{"@type":"ImageObject","inLanguage":"fr-FR","@id":"https:\/\/robfreshraffraichisseur.fr\/#\/schema\/logo\/image\/","url":"https:\/\/robfreshraffraichisseur.fr\/wp-content\/uploads\/2023\/05\/cropped-logo-Rob-Fresh-1-scaled.jpg","contentUrl":"https:\/\/robfreshraffraichisseur.fr\/wp-content\/uploads\/2023\/05\/cropped-logo-Rob-Fresh-1-scaled.jpg","width":1500,"height":500,"caption":"ROB'FRESH | Sac isotherme artisanal et 100% fran\u00e7ais"},"image":{"@id":"https:\/\/robfreshraffraichisseur.fr\/#\/schema\/logo\/image\/"},"sameAs":["https:\/\/www.facebook.com\/profile.php?id=100089611600112","https:\/\/www.instagram.com\/stories\/fka_creations_rob_fresh\/3128058353593416974\/"]}]}},"uagb_featured_image_src":{"full":["https:\/\/robfreshraffraichisseur.fr\/wp-content\/uploads\/2025\/09\/sac-isotherme-up-vespa.webp",600,600,false],"thumbnail":["https:\/\/robfreshraffraichisseur.fr\/wp-content\/uploads\/2025\/09\/sac-isotherme-up-vespa-150x150.webp",150,150,true],"medium":["https:\/\/robfreshraffraichisseur.fr\/wp-content\/uploads\/2025\/09\/sac-isotherme-up-vespa-300x300.webp",300,300,true],"medium_large":["https:\/\/robfreshraffraichisseur.fr\/wp-content\/uploads\/2025\/09\/sac-isotherme-up-vespa.webp",600,600,false],"large":["https:\/\/robfreshraffraichisseur.fr\/wp-content\/uploads\/2025\/09\/sac-isotherme-up-vespa.webp",600,600,false],"1536x1536":["https:\/\/robfreshraffraichisseur.fr\/wp-content\/uploads\/2025\/09\/sac-isotherme-up-vespa.webp",600,600,false],"2048x2048":["https:\/\/robfreshraffraichisseur.fr\/wp-content\/uploads\/2025\/09\/sac-isotherme-up-vespa.webp",600,600,false],"woocommerce_thumbnail":["https:\/\/robfreshraffraichisseur.fr\/wp-content\/uploads\/2025\/09\/sac-isotherme-up-vespa-300x300.webp",300,300,true],"woocommerce_single":["https:\/\/robfreshraffraichisseur.fr\/wp-content\/uploads\/2025\/09\/sac-isotherme-up-vespa.webp",600,600,false],"woocommerce_gallery_thumbnail":["https:\/\/robfreshraffraichisseur.fr\/wp-content\/uploads\/2025\/09\/sac-isotherme-up-vespa-100x100.webp",100,100,true],"variation_swatches_image_size":["https:\/\/robfreshraffraichisseur.fr\/wp-content\/uploads\/2025\/09\/sac-isotherme-up-vespa-50x50.webp",50,50,true],"variation_swatches_tooltip_size":["https:\/\/robfreshraffraichisseur.fr\/wp-content\/uploads\/2025\/09\/sac-isotherme-up-vespa-100x100.webp",100,100,true]},"uagb_author_info":{"display_name":"84.robfresh@gmail.com","author_link":"https:\/\/robfreshraffraichisseur.fr\/index.php\/author\/"},"uagb_comment_info":0,"uagb_excerpt":"Avec le sac isotherme Rob'Fresh UP Vespa transportez au frais toutes vos boissons pour toutes vos escapades ! Avec le pack gel kraft congel\u00e9 pour vos vins blancs, ros\u00e9s et champagnes\u00a0 (*\u00e0 consommer avec mod\u00e9ration) et autres boissons. Elle vous promet une dur\u00e9e de fra\u00eecheur de 4\/5 heures ! Sans le pack gel kraft pour\u00a0\u2026","_links":{"self":[{"href":"https:\/\/robfreshraffraichisseur.fr\/index.php\/wp-json\/wp\/v2\/product\/7981","targetHints":{"allow":["GET"]}}],"collection":[{"href":"https:\/\/robfreshraffraichisseur.fr\/index.php\/wp-json\/wp\/v2\/product"}],"about":[{"href":"https:\/\/robfreshraffraichisseur.fr\/index.php\/wp-json\/wp\/v2\/types\/product"}],"replies":[{"embeddable":true,"href":"https:\/\/robfreshraffraichisseur.fr\/index.php\/wp-json\/wp\/v2\/comments?post=7981"}],"wp:featuredmedia":[{"embeddable":true,"href":"https:\/\/robfreshraffraichisseur.fr\/index.php\/wp-json\/wp\/v2\/media\/8684"}],"wp:attachment":[{"href":"https:\/\/robfreshraffraichisseur.fr\/index.php\/wp-json\/wp\/v2\/media?parent=7981"}],"wp:term":[{"taxonomy":"product_brand","embeddable":true,"href":"https:\/\/robfreshraffraichisseur.fr\/index.php\/wp-json\/wp\/v2\/product_brand?post=7981"},{"taxonomy":"product_cat","embeddable":true,"href":"https:\/\/robfreshraffraichisseur.fr\/index.php\/wp-json\/wp\/v2\/product_cat?post=7981"},{"taxonomy":"product_tag","embeddable":true,"href":"https:\/\/robfreshraffraichisseur.fr\/index.php\/wp-json\/wp\/v2\/product_tag?post=7981"}],"curies":[{"name":"wp","href":"https:\/\/api.w.org\/{rel}","templated":true}]}}