{"id":8871,"date":"2025-11-01T11:17:14","date_gmt":"2025-11-01T10:17:14","guid":{"rendered":"https:\/\/robfreshraffraichisseur.fr\/?post_type=product&#038;p=8871"},"modified":"2025-12-01T19:12:26","modified_gmt":"2025-12-01T18:12:26","slug":"bib-musette-robfresh-grands-crus","status":"publish","type":"product","link":"https:\/\/robfreshraffraichisseur.fr\/index.php\/produit\/bib-musette-robfresh-grands-crus\/","title":{"rendered":"BiB Musette Rob\u2019Fresh &#8211; Grands Crus"},"content":{"rendered":"<h2 data-start=\"260\" data-end=\"330\"><strong data-start=\"263\" data-end=\"330\">BiB Musette Rob\u2019Fresh <span data-olk-copy-source=\"MessageBody\">Grands Crus <\/span>\u2013 Artisanal, ing\u00e9nieux et \u00e9co-responsable<\/strong><\/h2>\n<p data-start=\"332\" data-end=\"726\">Le <strong data-start=\"335\" data-end=\"360\">BiB Musette Rob\u2019Fresh <span data-olk-copy-source=\"MessageBody\">Grands Crus<\/span><\/strong> est l\u2019accessoire id\u00e9al pour vos moments conviviaux ! \u00c0 la fois <strong data-start=\"424\" data-end=\"446\">rigolo et pratique<\/strong>, il habille votre <strong data-start=\"465\" data-end=\"495\">cubi de vin (1 \u00e0 3 litres)<\/strong> tout en gardant vos boissons \u00e0 la temp\u00e9rature id\u00e9ale.<br data-start=\"549\" data-end=\"552\" \/>Inspir\u00e9e de la musette vintage que la cr\u00e9atrice voyait son p\u00e8re emporter pour son casse-cro\u00fbte, cette <strong data-start=\"653\" data-end=\"674\">version isotherme<\/strong> associe <strong data-start=\"683\" data-end=\"725\">authenticit\u00e9, durabilit\u00e9 et innovation<\/strong>.<\/p>\n<p data-start=\"728\" data-end=\"1023\">Gr\u00e2ce \u00e0 son <strong data-start=\"740\" data-end=\"769\">ouverture ronde de 5,5 cm<\/strong> adapt\u00e9e au robinet de votre poche \u00e0 vin et \u00e0 sa <strong data-start=\"818\" data-end=\"852\">fermeture \u00e0 glissi\u00e8re de 22 cm<\/strong>, la BiB Musette est aussi fonctionnelle qu\u2019originale.<br data-start=\"906\" data-end=\"909\" \/>Elle peut s\u2019accrocher \u00e0 un arbre ou \u00e0 une potence pour vos <strong data-start=\"968\" data-end=\"1022\">ap\u00e9ros au jardin, pique-niques ou f\u00eates entre amis<\/strong>.<\/p>\n<p data-start=\"1025\" data-end=\"1491\">\u00c9co-responsable et lavable, elle est fabriqu\u00e9e en <strong data-start=\"1075\" data-end=\"1108\">tissu coton certifi\u00e9 OEKO-TEX<\/strong> et \u00e9quip\u00e9e d\u2019un <strong data-start=\"1125\" data-end=\"1153\">film thermique isotherme<\/strong> (r\u00e9flecteur aluminium et poly\u00e9thyl\u00e8ne).<br data-start=\"1193\" data-end=\"1196\" \/>Livr\u00e9e avec un <strong data-start=\"1211\" data-end=\"1266\">gel pack kraft \u00e9cologique et biod\u00e9gradable de 100 g<\/strong>, elle assure jusqu\u2019\u00e0 <strong data-start=\"1288\" data-end=\"1313\">4 heures de fra\u00eecheur<\/strong> apr\u00e8s cong\u00e9lation.<br data-start=\"1332\" data-end=\"1335\" \/>Chaque mod\u00e8le est <strong data-start=\"1353\" data-end=\"1389\">enti\u00e8rement fabriqu\u00e9 en Provence<\/strong>, en collaboration avec un <strong data-start=\"1416\" data-end=\"1439\">atelier d\u2019insertion<\/strong>, garantissant un produit unique et porteur de sens.<\/p>\n<h3 data-start=\"1498\" data-end=\"1522\"><strong data-start=\"1502\" data-end=\"1522\">Caract\u00e9ristiques<\/strong><\/h3>\n<ul>\n<li data-start=\"1525\" data-end=\"1554\"><strong data-start=\"1525\" data-end=\"1541\">Dimensions :<\/strong> 32 \u00d7 42 cm<\/li>\n<li data-start=\"1557\" data-end=\"1576\"><strong data-start=\"1557\" data-end=\"1568\">Poids :<\/strong> 200 g<\/li>\n<li data-start=\"1579\" data-end=\"1624\"><strong data-start=\"1579\" data-end=\"1594\">Ouverture :<\/strong> fermeture \u00e0 glissi\u00e8re 22 cm<\/li>\n<li data-start=\"1627\" data-end=\"1681\"><strong data-start=\"1627\" data-end=\"1640\">\u0152illets :<\/strong> 4 (\u00d8 21 mm) + corde 26 cm (hors n\u0153uds)<\/li>\n<li data-start=\"1684\" data-end=\"1701\"><strong data-start=\"1684\" data-end=\"1699\">Mat\u00e9riaux : <\/strong>Tissu coton <strong style=\"font-size: 16px;\" data-start=\"1718\" data-end=\"1730\">OEKO-TEX \/ <\/strong>Film thermique isotherme (r\u00e9flecteur aluminium + poly\u00e9thyl\u00e8ne) \/ Gel pack kraft \u00e9cologique biod\u00e9gradable 100 g<\/li>\n<li data-start=\"1684\" data-end=\"1701\"><strong data-start=\"1856\" data-end=\"1871\">Entretien :<\/strong> lavable \u00e0 30\u00b0<\/li>\n<li data-start=\"1684\" data-end=\"1701\"><strong data-start=\"1890\" data-end=\"1907\">Fabrication :<\/strong> 100 % artisanale en Provence<\/li>\n<\/ul>\n<h3 data-start=\"1945\" data-end=\"1996\"><strong data-start=\"1949\" data-end=\"1996\">Pourquoi choisir la BiB Musette Rob\u2019Fresh ?<\/strong><\/h3>\n<p data-start=\"1997\" data-end=\"2329\">\ud83c\udf3f <strong data-start=\"2000\" data-end=\"2020\">\u00c9coresponsable :<\/strong> tissus labellis\u00e9s OEKO-TEX et gel pack biod\u00e9gradable<br data-start=\"2073\" data-end=\"2076\" \/>\u270b <strong data-start=\"2078\" data-end=\"2094\">Artisanale :<\/strong> confection 100 % Provence<br data-start=\"2120\" data-end=\"2123\" \/>\ud83c\udf77 <strong data-start=\"2126\" data-end=\"2142\">Ing\u00e9nieuse :<\/strong> con\u00e7ue pour accueillir vos poches \u00e0 vin de 1 \u00e0 3 L<br data-start=\"2193\" data-end=\"2196\" \/>\u2744\ufe0f <strong data-start=\"2199\" data-end=\"2214\">Isotherme :<\/strong> garde vos boissons fra\u00eeches ou \u00e0 temp\u00e9rature<br data-start=\"2259\" data-end=\"2262\" \/>\ud83c\udf89 <strong data-start=\"2265\" data-end=\"2281\">Conviviale :<\/strong> id\u00e9ale pour les ap\u00e9ros, f\u00eates et pique-niques<\/p>\n","protected":false},"excerpt":{"rendered":"<p>Avec la <strong data-start=\"2371\" data-end=\"2396\">BiB Musette Rob\u2019Fresh<\/strong>, donnez du style \u00e0 vos ap\u00e9ros !<br data-start=\"2428\" data-end=\"2431\" \/>Ce <strong data-start=\"2434\" data-end=\"2467\">habillage isotherme artisanal<\/strong> garde vos cubis de 1 \u00e0 3 L au frais jusqu\u2019\u00e0 4 heures gr\u00e2ce \u00e0 son <strong data-start=\"2533\" data-end=\"2556\">gel pack \u00e9cologique<\/strong>.<br data-start=\"2557\" data-end=\"2560\" \/>Accrochez-la \u00e0 un arbre ou emportez-la partout : <strong data-start=\"2609\" data-end=\"2671\">convivialit\u00e9, fra\u00eecheur et savoir-faire proven\u00e7al garantis<\/strong> !<\/p>\n","protected":false},"featured_media":8873,"comment_status":"open","ping_status":"closed","template":"","meta":{"_uag_custom_page_level_css":"","_monsterinsights_skip_tracking":false,"_monsterinsights_sitenote_active":false,"_monsterinsights_sitenote_note":"","_monsterinsights_sitenote_category":0,"site-sidebar-layout":"default","site-content-layout":"","ast-site-content-layout":"default","site-content-style":"default","site-sidebar-style":"default","ast-global-header-display":"","ast-banner-title-visibility":"","ast-main-header-display":"","ast-hfb-above-header-display":"","ast-hfb-below-header-display":"","ast-hfb-mobile-header-display":"","site-post-title":"","ast-breadcrumbs-content":"","ast-featured-img":"","footer-sml-layout":"","theme-transparent-header-meta":"default","adv-header-id-meta":"","stick-header-meta":"","header-above-stick-meta":"","header-main-stick-meta":"","header-below-stick-meta":"","astra-migrate-meta-layouts":"set","ast-page-background-enabled":"default","ast-page-background-meta":{"desktop":{"background-color":"","background-image":"","background-repeat":"repeat","background-position":"center center","background-size":"auto","background-attachment":"scroll","background-type":"","background-media":"","overlay-type":"","overlay-color":"","overlay-opacity":"","overlay-gradient":""},"tablet":{"background-color":"","background-image":"","background-repeat":"repeat","background-position":"center center","background-size":"auto","background-attachment":"scroll","background-type":"","background-media":"","overlay-type":"","overlay-color":"","overlay-opacity":"","overlay-gradient":""},"mobile":{"background-color":"","background-image":"","background-repeat":"repeat","background-position":"center center","background-size":"auto","background-attachment":"scroll","background-type":"","background-media":"","overlay-type":"","overlay-color":"","overlay-opacity":"","overlay-gradient":""}},"ast-content-background-meta":{"desktop":{"background-color":"var(--ast-global-color-5)","background-image":"","background-repeat":"repeat","background-position":"center center","background-size":"auto","background-attachment":"scroll","background-type":"","background-media":"","overlay-type":"","overlay-color":"","overlay-opacity":"","overlay-gradient":""},"tablet":{"background-color":"var(--ast-global-color-5)","background-image":"","background-repeat":"repeat","background-position":"center center","background-size":"auto","background-attachment":"scroll","background-type":"","background-media":"","overlay-type":"","overlay-color":"","overlay-opacity":"","overlay-gradient":""},"mobile":{"background-color":"var(--ast-global-color-5)","background-image":"","background-repeat":"repeat","background-position":"center center","background-size":"auto","background-attachment":"scroll","background-type":"","background-media":"","overlay-type":"","overlay-color":"","overlay-opacity":"","overlay-gradient":""}}},"product_brand":[],"product_cat":[104],"product_tag":[],"class_list":{"0":"post-8871","1":"product","2":"type-product","3":"status-publish","4":"has-post-thumbnail","6":"product_cat-bib-musette","7":"desktop-align-left","8":"tablet-align-center","9":"mobile-align-center","11":"first","12":"instock","13":"taxable","14":"shipping-taxable","15":"purchasable","16":"product-type-simple"},"yoast_head":"<!-- This site is optimized with the Yoast SEO plugin v27.5 - https:\/\/yoast.com\/product\/yoast-seo-wordpress\/ -->\n<title>BiB Musette Rob\u2019Fresh - Grands Crus<\/title>\n<meta name=\"description\" content=\"BiB Musette Rob\u2019Fresh, habillage isotherme artisanal pour cubis 1 \u00e0 3 L. Fabriqu\u00e9e en Provence, \u00e9cologique, durable et id\u00e9ale pour vos ap\u00e9ros frais !\" \/>\n<meta name=\"robots\" content=\"index, follow, max-snippet:-1, max-image-preview:large, max-video-preview:-1\" \/>\n<link rel=\"canonical\" href=\"https:\/\/robfreshraffraichisseur.fr\/index.php\/produit\/bib-musette-robfresh-grands-crus\/\" \/>\n<meta property=\"og:locale\" content=\"fr_FR\" \/>\n<meta property=\"og:type\" content=\"article\" \/>\n<meta property=\"og:title\" content=\"BiB Musette Rob\u2019Fresh - Grands Crus\" \/>\n<meta property=\"og:description\" content=\"BiB Musette Rob\u2019Fresh, habillage isotherme artisanal pour cubis 1 \u00e0 3 L. Fabriqu\u00e9e en Provence, \u00e9cologique, durable et id\u00e9ale pour vos ap\u00e9ros frais !\" \/>\n<meta property=\"og:url\" content=\"https:\/\/robfreshraffraichisseur.fr\/index.php\/produit\/bib-musette-robfresh-grands-crus\/\" \/>\n<meta property=\"og:site_name\" content=\"ROB&#039;FRESH | Sac isotherme artisanal et 100% fran\u00e7ais\" \/>\n<meta property=\"article:publisher\" content=\"https:\/\/www.facebook.com\/profile.php?id=100089611600112\" \/>\n<meta property=\"article:modified_time\" content=\"2025-12-01T18:12:26+00:00\" \/>\n<meta property=\"og:image\" content=\"http:\/\/robfreshraffraichisseur.fr\/wp-content\/uploads\/2025\/11\/bib-musette-rob-fresh-2.webp\" \/>\n\t<meta property=\"og:image:width\" content=\"600\" \/>\n\t<meta property=\"og:image:height\" content=\"600\" \/>\n\t<meta property=\"og:image:type\" content=\"image\/webp\" \/>\n<meta name=\"twitter:card\" content=\"summary_large_image\" \/>\n<meta name=\"twitter:label1\" content=\"Dur\u00e9e de lecture estim\u00e9e\" \/>\n\t<meta name=\"twitter:data1\" content=\"2 minutes\" \/>\n<script type=\"application\/ld+json\" class=\"yoast-schema-graph\">{\"@context\":\"https:\\\/\\\/schema.org\",\"@graph\":[{\"@type\":\"WebPage\",\"@id\":\"https:\\\/\\\/robfreshraffraichisseur.fr\\\/index.php\\\/produit\\\/bib-musette-robfresh-grands-crus\\\/\",\"url\":\"https:\\\/\\\/robfreshraffraichisseur.fr\\\/index.php\\\/produit\\\/bib-musette-robfresh-grands-crus\\\/\",\"name\":\"BiB Musette Rob\u2019Fresh - Grands Crus\",\"isPartOf\":{\"@id\":\"https:\\\/\\\/robfreshraffraichisseur.fr\\\/#website\"},\"primaryImageOfPage\":{\"@id\":\"https:\\\/\\\/robfreshraffraichisseur.fr\\\/index.php\\\/produit\\\/bib-musette-robfresh-grands-crus\\\/#primaryimage\"},\"image\":{\"@id\":\"https:\\\/\\\/robfreshraffraichisseur.fr\\\/index.php\\\/produit\\\/bib-musette-robfresh-grands-crus\\\/#primaryimage\"},\"thumbnailUrl\":\"https:\\\/\\\/robfreshraffraichisseur.fr\\\/wp-content\\\/uploads\\\/2025\\\/11\\\/bib-musette-rob-fresh-2.webp\",\"datePublished\":\"2025-11-01T10:17:14+00:00\",\"dateModified\":\"2025-12-01T18:12:26+00:00\",\"description\":\"BiB Musette Rob\u2019Fresh, habillage isotherme artisanal pour cubis 1 \u00e0 3 L. Fabriqu\u00e9e en Provence, \u00e9cologique, durable et id\u00e9ale pour vos ap\u00e9ros frais !\",\"breadcrumb\":{\"@id\":\"https:\\\/\\\/robfreshraffraichisseur.fr\\\/index.php\\\/produit\\\/bib-musette-robfresh-grands-crus\\\/#breadcrumb\"},\"inLanguage\":\"fr-FR\",\"potentialAction\":[{\"@type\":\"ReadAction\",\"target\":[\"https:\\\/\\\/robfreshraffraichisseur.fr\\\/index.php\\\/produit\\\/bib-musette-robfresh-grands-crus\\\/\"]}]},{\"@type\":\"ImageObject\",\"inLanguage\":\"fr-FR\",\"@id\":\"https:\\\/\\\/robfreshraffraichisseur.fr\\\/index.php\\\/produit\\\/bib-musette-robfresh-grands-crus\\\/#primaryimage\",\"url\":\"https:\\\/\\\/robfreshraffraichisseur.fr\\\/wp-content\\\/uploads\\\/2025\\\/11\\\/bib-musette-rob-fresh-2.webp\",\"contentUrl\":\"https:\\\/\\\/robfreshraffraichisseur.fr\\\/wp-content\\\/uploads\\\/2025\\\/11\\\/bib-musette-rob-fresh-2.webp\",\"width\":600,\"height\":600,\"caption\":\"BiB Musette Rob\u2019Fresh 2\"},{\"@type\":\"BreadcrumbList\",\"@id\":\"https:\\\/\\\/robfreshraffraichisseur.fr\\\/index.php\\\/produit\\\/bib-musette-robfresh-grands-crus\\\/#breadcrumb\",\"itemListElement\":[{\"@type\":\"ListItem\",\"position\":1,\"name\":\"Accueil\",\"item\":\"https:\\\/\\\/robfreshraffraichisseur.fr\\\/\"},{\"@type\":\"ListItem\",\"position\":2,\"name\":\"Ma boutique\",\"item\":\"https:\\\/\\\/robfreshraffraichisseur.fr\\\/index.php\\\/ma-boutique\\\/\"},{\"@type\":\"ListItem\",\"position\":3,\"name\":\"BiB Musette Rob\u2019Fresh &#8211; Grands Crus\"}]},{\"@type\":\"WebSite\",\"@id\":\"https:\\\/\\\/robfreshraffraichisseur.fr\\\/#website\",\"url\":\"https:\\\/\\\/robfreshraffraichisseur.fr\\\/\",\"name\":\"ROB'FRESH | Sac isotherme artisanal et 100% fran\u00e7ais\",\"description\":\"Rob&#039;Fresh un rafraichisseur \u00e0 bouteilles , original et chic\",\"publisher\":{\"@id\":\"https:\\\/\\\/robfreshraffraichisseur.fr\\\/#organization\"},\"alternateName\":\"Rob'Fresh\",\"potentialAction\":[{\"@type\":\"SearchAction\",\"target\":{\"@type\":\"EntryPoint\",\"urlTemplate\":\"https:\\\/\\\/robfreshraffraichisseur.fr\\\/?s={search_term_string}\"},\"query-input\":{\"@type\":\"PropertyValueSpecification\",\"valueRequired\":true,\"valueName\":\"search_term_string\"}}],\"inLanguage\":\"fr-FR\"},{\"@type\":\"Organization\",\"@id\":\"https:\\\/\\\/robfreshraffraichisseur.fr\\\/#organization\",\"name\":\"ROB'FRESH | Sac isotherme artisanal et 100% fran\u00e7ais\",\"url\":\"https:\\\/\\\/robfreshraffraichisseur.fr\\\/\",\"logo\":{\"@type\":\"ImageObject\",\"inLanguage\":\"fr-FR\",\"@id\":\"https:\\\/\\\/robfreshraffraichisseur.fr\\\/#\\\/schema\\\/logo\\\/image\\\/\",\"url\":\"https:\\\/\\\/robfreshraffraichisseur.fr\\\/wp-content\\\/uploads\\\/2023\\\/05\\\/cropped-logo-Rob-Fresh-1-scaled.jpg\",\"contentUrl\":\"https:\\\/\\\/robfreshraffraichisseur.fr\\\/wp-content\\\/uploads\\\/2023\\\/05\\\/cropped-logo-Rob-Fresh-1-scaled.jpg\",\"width\":1500,\"height\":500,\"caption\":\"ROB'FRESH | Sac isotherme artisanal et 100% fran\u00e7ais\"},\"image\":{\"@id\":\"https:\\\/\\\/robfreshraffraichisseur.fr\\\/#\\\/schema\\\/logo\\\/image\\\/\"},\"sameAs\":[\"https:\\\/\\\/www.facebook.com\\\/profile.php?id=100089611600112\",\"https:\\\/\\\/www.instagram.com\\\/stories\\\/fka_creations_rob_fresh\\\/3128058353593416974\\\/\"]}]}<\/script>\n<!-- \/ Yoast SEO plugin. -->","yoast_head_json":{"title":"BiB Musette Rob\u2019Fresh - Grands Crus","description":"BiB Musette Rob\u2019Fresh, habillage isotherme artisanal pour cubis 1 \u00e0 3 L. Fabriqu\u00e9e en Provence, \u00e9cologique, durable et id\u00e9ale pour vos ap\u00e9ros frais !","robots":{"index":"index","follow":"follow","max-snippet":"max-snippet:-1","max-image-preview":"max-image-preview:large","max-video-preview":"max-video-preview:-1"},"canonical":"https:\/\/robfreshraffraichisseur.fr\/index.php\/produit\/bib-musette-robfresh-grands-crus\/","og_locale":"fr_FR","og_type":"article","og_title":"BiB Musette Rob\u2019Fresh - Grands Crus","og_description":"BiB Musette Rob\u2019Fresh, habillage isotherme artisanal pour cubis 1 \u00e0 3 L. Fabriqu\u00e9e en Provence, \u00e9cologique, durable et id\u00e9ale pour vos ap\u00e9ros frais !","og_url":"https:\/\/robfreshraffraichisseur.fr\/index.php\/produit\/bib-musette-robfresh-grands-crus\/","og_site_name":"ROB&#039;FRESH | Sac isotherme artisanal et 100% fran\u00e7ais","article_publisher":"https:\/\/www.facebook.com\/profile.php?id=100089611600112","article_modified_time":"2025-12-01T18:12:26+00:00","og_image":[{"width":600,"height":600,"url":"http:\/\/robfreshraffraichisseur.fr\/wp-content\/uploads\/2025\/11\/bib-musette-rob-fresh-2.webp","type":"image\/webp"}],"twitter_card":"summary_large_image","twitter_misc":{"Dur\u00e9e de lecture estim\u00e9e":"2 minutes"},"schema":{"@context":"https:\/\/schema.org","@graph":[{"@type":"WebPage","@id":"https:\/\/robfreshraffraichisseur.fr\/index.php\/produit\/bib-musette-robfresh-grands-crus\/","url":"https:\/\/robfreshraffraichisseur.fr\/index.php\/produit\/bib-musette-robfresh-grands-crus\/","name":"BiB Musette Rob\u2019Fresh - Grands Crus","isPartOf":{"@id":"https:\/\/robfreshraffraichisseur.fr\/#website"},"primaryImageOfPage":{"@id":"https:\/\/robfreshraffraichisseur.fr\/index.php\/produit\/bib-musette-robfresh-grands-crus\/#primaryimage"},"image":{"@id":"https:\/\/robfreshraffraichisseur.fr\/index.php\/produit\/bib-musette-robfresh-grands-crus\/#primaryimage"},"thumbnailUrl":"https:\/\/robfreshraffraichisseur.fr\/wp-content\/uploads\/2025\/11\/bib-musette-rob-fresh-2.webp","datePublished":"2025-11-01T10:17:14+00:00","dateModified":"2025-12-01T18:12:26+00:00","description":"BiB Musette Rob\u2019Fresh, habillage isotherme artisanal pour cubis 1 \u00e0 3 L. Fabriqu\u00e9e en Provence, \u00e9cologique, durable et id\u00e9ale pour vos ap\u00e9ros frais !","breadcrumb":{"@id":"https:\/\/robfreshraffraichisseur.fr\/index.php\/produit\/bib-musette-robfresh-grands-crus\/#breadcrumb"},"inLanguage":"fr-FR","potentialAction":[{"@type":"ReadAction","target":["https:\/\/robfreshraffraichisseur.fr\/index.php\/produit\/bib-musette-robfresh-grands-crus\/"]}]},{"@type":"ImageObject","inLanguage":"fr-FR","@id":"https:\/\/robfreshraffraichisseur.fr\/index.php\/produit\/bib-musette-robfresh-grands-crus\/#primaryimage","url":"https:\/\/robfreshraffraichisseur.fr\/wp-content\/uploads\/2025\/11\/bib-musette-rob-fresh-2.webp","contentUrl":"https:\/\/robfreshraffraichisseur.fr\/wp-content\/uploads\/2025\/11\/bib-musette-rob-fresh-2.webp","width":600,"height":600,"caption":"BiB Musette Rob\u2019Fresh 2"},{"@type":"BreadcrumbList","@id":"https:\/\/robfreshraffraichisseur.fr\/index.php\/produit\/bib-musette-robfresh-grands-crus\/#breadcrumb","itemListElement":[{"@type":"ListItem","position":1,"name":"Accueil","item":"https:\/\/robfreshraffraichisseur.fr\/"},{"@type":"ListItem","position":2,"name":"Ma boutique","item":"https:\/\/robfreshraffraichisseur.fr\/index.php\/ma-boutique\/"},{"@type":"ListItem","position":3,"name":"BiB Musette Rob\u2019Fresh &#8211; Grands Crus"}]},{"@type":"WebSite","@id":"https:\/\/robfreshraffraichisseur.fr\/#website","url":"https:\/\/robfreshraffraichisseur.fr\/","name":"ROB'FRESH | Sac isotherme artisanal et 100% fran\u00e7ais","description":"Rob&#039;Fresh un rafraichisseur \u00e0 bouteilles , original et chic","publisher":{"@id":"https:\/\/robfreshraffraichisseur.fr\/#organization"},"alternateName":"Rob'Fresh","potentialAction":[{"@type":"SearchAction","target":{"@type":"EntryPoint","urlTemplate":"https:\/\/robfreshraffraichisseur.fr\/?s={search_term_string}"},"query-input":{"@type":"PropertyValueSpecification","valueRequired":true,"valueName":"search_term_string"}}],"inLanguage":"fr-FR"},{"@type":"Organization","@id":"https:\/\/robfreshraffraichisseur.fr\/#organization","name":"ROB'FRESH | Sac isotherme artisanal et 100% fran\u00e7ais","url":"https:\/\/robfreshraffraichisseur.fr\/","logo":{"@type":"ImageObject","inLanguage":"fr-FR","@id":"https:\/\/robfreshraffraichisseur.fr\/#\/schema\/logo\/image\/","url":"https:\/\/robfreshraffraichisseur.fr\/wp-content\/uploads\/2023\/05\/cropped-logo-Rob-Fresh-1-scaled.jpg","contentUrl":"https:\/\/robfreshraffraichisseur.fr\/wp-content\/uploads\/2023\/05\/cropped-logo-Rob-Fresh-1-scaled.jpg","width":1500,"height":500,"caption":"ROB'FRESH | Sac isotherme artisanal et 100% fran\u00e7ais"},"image":{"@id":"https:\/\/robfreshraffraichisseur.fr\/#\/schema\/logo\/image\/"},"sameAs":["https:\/\/www.facebook.com\/profile.php?id=100089611600112","https:\/\/www.instagram.com\/stories\/fka_creations_rob_fresh\/3128058353593416974\/"]}]}},"uagb_featured_image_src":{"full":["https:\/\/robfreshraffraichisseur.fr\/wp-content\/uploads\/2025\/11\/bib-musette-rob-fresh-2.webp",600,600,false],"thumbnail":["https:\/\/robfreshraffraichisseur.fr\/wp-content\/uploads\/2025\/11\/bib-musette-rob-fresh-2-150x150.webp",150,150,true],"medium":["https:\/\/robfreshraffraichisseur.fr\/wp-content\/uploads\/2025\/11\/bib-musette-rob-fresh-2-300x300.webp",300,300,true],"medium_large":["https:\/\/robfreshraffraichisseur.fr\/wp-content\/uploads\/2025\/11\/bib-musette-rob-fresh-2.webp",600,600,false],"large":["https:\/\/robfreshraffraichisseur.fr\/wp-content\/uploads\/2025\/11\/bib-musette-rob-fresh-2.webp",600,600,false],"1536x1536":["https:\/\/robfreshraffraichisseur.fr\/wp-content\/uploads\/2025\/11\/bib-musette-rob-fresh-2.webp",600,600,false],"2048x2048":["https:\/\/robfreshraffraichisseur.fr\/wp-content\/uploads\/2025\/11\/bib-musette-rob-fresh-2.webp",600,600,false],"woocommerce_thumbnail":["https:\/\/robfreshraffraichisseur.fr\/wp-content\/uploads\/2025\/11\/bib-musette-rob-fresh-2-300x300.webp",300,300,true],"woocommerce_single":["https:\/\/robfreshraffraichisseur.fr\/wp-content\/uploads\/2025\/11\/bib-musette-rob-fresh-2.webp",600,600,false],"woocommerce_gallery_thumbnail":["https:\/\/robfreshraffraichisseur.fr\/wp-content\/uploads\/2025\/11\/bib-musette-rob-fresh-2-100x100.webp",100,100,true],"variation_swatches_image_size":["https:\/\/robfreshraffraichisseur.fr\/wp-content\/uploads\/2025\/11\/bib-musette-rob-fresh-2-50x50.webp",50,50,true],"variation_swatches_tooltip_size":["https:\/\/robfreshraffraichisseur.fr\/wp-content\/uploads\/2025\/11\/bib-musette-rob-fresh-2-100x100.webp",100,100,true]},"uagb_author_info":{"display_name":"84.robfresh@gmail.com","author_link":"https:\/\/robfreshraffraichisseur.fr\/index.php\/author\/"},"uagb_comment_info":0,"uagb_excerpt":"Avec la BiB Musette Rob\u2019Fresh, donnez du style \u00e0 vos ap\u00e9ros !Ce habillage isotherme artisanal garde vos cubis de 1 \u00e0 3 L au frais jusqu\u2019\u00e0 4 heures gr\u00e2ce \u00e0 son gel pack \u00e9cologique.Accrochez-la \u00e0 un arbre ou emportez-la partout : convivialit\u00e9, fra\u00eecheur et savoir-faire proven\u00e7al garantis !","_links":{"self":[{"href":"https:\/\/robfreshraffraichisseur.fr\/index.php\/wp-json\/wp\/v2\/product\/8871","targetHints":{"allow":["GET"]}}],"collection":[{"href":"https:\/\/robfreshraffraichisseur.fr\/index.php\/wp-json\/wp\/v2\/product"}],"about":[{"href":"https:\/\/robfreshraffraichisseur.fr\/index.php\/wp-json\/wp\/v2\/types\/product"}],"replies":[{"embeddable":true,"href":"https:\/\/robfreshraffraichisseur.fr\/index.php\/wp-json\/wp\/v2\/comments?post=8871"}],"wp:featuredmedia":[{"embeddable":true,"href":"https:\/\/robfreshraffraichisseur.fr\/index.php\/wp-json\/wp\/v2\/media\/8873"}],"wp:attachment":[{"href":"https:\/\/robfreshraffraichisseur.fr\/index.php\/wp-json\/wp\/v2\/media?parent=8871"}],"wp:term":[{"taxonomy":"product_brand","embeddable":true,"href":"https:\/\/robfreshraffraichisseur.fr\/index.php\/wp-json\/wp\/v2\/product_brand?post=8871"},{"taxonomy":"product_cat","embeddable":true,"href":"https:\/\/robfreshraffraichisseur.fr\/index.php\/wp-json\/wp\/v2\/product_cat?post=8871"},{"taxonomy":"product_tag","embeddable":true,"href":"https:\/\/robfreshraffraichisseur.fr\/index.php\/wp-json\/wp\/v2\/product_tag?post=8871"}],"curies":[{"name":"wp","href":"https:\/\/api.w.org\/{rel}","templated":true}]}}