{"id":8908,"date":"2025-11-11T10:20:01","date_gmt":"2025-11-11T09:20:01","guid":{"rendered":"https:\/\/robfreshraffraichisseur.fr\/?post_type=product&#038;p=8908"},"modified":"2025-11-11T13:44:51","modified_gmt":"2025-11-11T12:44:51","slug":"robfresh-up-slogans-encourage","status":"publish","type":"product","link":"https:\/\/robfreshraffraichisseur.fr\/index.php\/produit\/robfresh-up-slogans-encourage\/","title":{"rendered":"Rob\u2019Fresh UP Slogans &#8211; Encourag\u00e9"},"content":{"rendered":"<h3 data-start=\"202\" data-end=\"265\">Sac isotherme artisanal et engag\u00e9 \u2013 <em data-start=\"242\" data-end=\"263\">Rob\u2019Fresh UP Slogans<\/em><\/h3>\n<p data-start=\"266\" data-end=\"583\">Le sac isotherme <strong data-start=\"283\" data-end=\"306\">Rob\u2019Fresh UP Slogan<\/strong> incarne \u00e0 la fois l\u2019\u00e9l\u00e9gance, la fra\u00eecheur et l\u2019engagement.<br data-start=\"366\" data-end=\"369\" \/>Pratique et esth\u00e9tique, il est <strong data-start=\"400\" data-end=\"437\">l\u2019alli\u00e9 id\u00e9al de vos d\u00e9placements<\/strong> : qu\u2019il s\u2019agisse de transporter vos bouteilles de vin, champagnes, boissons fra\u00eeches ou repas, il garde tout \u00e0 la bonne temp\u00e9rature avec style.<\/p>\n<p data-start=\"585\" data-end=\"657\">Son design unique porte fi\u00e8rement le message imprim\u00e9 <strong data-start=\"638\" data-end=\"653\">recto verso<\/strong> :<\/p>\n<blockquote data-start=\"658\" data-end=\"718\">\n<p data-start=\"660\" data-end=\"718\"><strong data-start=\"660\" data-end=\"716\">\u00ab \u00c0 chaque verre lev\u00e9\u2026 c\u2019est un vigneron encourag\u00e9 \u00bb<\/strong><\/p>\n<\/blockquote>\n<p data-start=\"720\" data-end=\"851\">Un slogan fort, symbole de <strong data-start=\"747\" data-end=\"790\">soutien \u00e0 la fili\u00e8re viticole fran\u00e7aise<\/strong>, qui transforme chaque instant partag\u00e9 en geste solidaire.<\/p>\n<p data-start=\"853\" data-end=\"1331\">Confectionn\u00e9 <strong data-start=\"866\" data-end=\"896\">artisanalement en Provence<\/strong>, ce sac allie <strong data-start=\"911\" data-end=\"963\">savoir-faire local et respect de l\u2019environnement<\/strong>.<br data-start=\"964\" data-end=\"967\" \/>Fabriqu\u00e9 \u00e0 partir de <strong data-start=\"988\" data-end=\"1017\">tissus certifi\u00e9s OEKO-TEX<\/strong>, il est <strong data-start=\"1026\" data-end=\"1064\">lavable en machine (cycle d\u00e9licat)<\/strong> et livr\u00e9 avec un <strong data-start=\"1082\" data-end=\"1137\">gel pack kraft \u00e9cologique et biod\u00e9gradable de 100 g<\/strong>.<br data-start=\"1138\" data-end=\"1141\" \/>Congel\u00e9, ce dernier assure <strong data-start=\"1168\" data-end=\"1197\">4 \u00e0 5 heures de fra\u00eecheur<\/strong> selon la temp\u00e9rature ext\u00e9rieure. Non toxique, r\u00e9utilisable et r\u00e9sistant, il compl\u00e8te \u00e0 merveille ce sac <strong data-start=\"1302\" data-end=\"1328\">durable et responsable<\/strong>.<\/p>\n<p data-start=\"1333\" data-end=\"1585\">Gr\u00e2ce \u00e0 sa <strong data-start=\"1344\" data-end=\"1373\">fermeture auto-agrippante<\/strong> et sa <strong data-start=\"1380\" data-end=\"1402\">conception robuste<\/strong>, le <strong data-start=\"1407\" data-end=\"1430\">Rob\u2019Fresh UP Slogan<\/strong> peut supporter jusqu\u2019\u00e0 <strong data-start=\"1454\" data-end=\"1464\">1,8 kg<\/strong> de charge. L\u00e9ger et pratique, il vous accompagne au bureau, en voyage, \u00e0 la plage ou lors de vos escapades viticoles !<\/p>\n<h3 data-start=\"1592\" data-end=\"1614\">Caract\u00e9ristiques<\/h3>\n<ul>\n<li data-start=\"1617\" data-end=\"1665\"><strong data-start=\"1617\" data-end=\"1633\">Dimensions :<\/strong> 22 \u00d7 35 \u00d7 10 cm (c\u00f4t\u00e9s 12 cm)<\/li>\n<li data-start=\"1668\" data-end=\"1687\"><strong data-start=\"1668\" data-end=\"1679\">Poids :<\/strong> 220 g<\/li>\n<li data-start=\"1690\" data-end=\"1720\"><strong data-start=\"1690\" data-end=\"1711\">Charge maximale :<\/strong> 1,8 kg<\/li>\n<li data-start=\"1723\" data-end=\"1756\"><strong data-start=\"1723\" data-end=\"1738\">Fermeture :<\/strong> auto-agrippante<\/li>\n<\/ul>\n<h3 data-start=\"1758\" data-end=\"1773\">Mat\u00e9riaux<\/h3>\n<ul>\n<li data-start=\"1776\" data-end=\"1811\">Tissu coton <strong data-start=\"1788\" data-end=\"1809\">certifi\u00e9 OEKO-TEX<\/strong><\/li>\n<li data-start=\"1814\" data-end=\"1878\">Film thermique isotherme (r\u00e9flecteur aluminium + poly\u00e9thyl\u00e8ne)<\/li>\n<li data-start=\"1881\" data-end=\"1936\">Corde noire r\u00e9sistante (66 cm) avec \u0153illets (\u00d8 21 mm)<\/li>\n<li data-start=\"1939\" data-end=\"1952\">Coton serg\u00e9<\/li>\n<li data-start=\"1955\" data-end=\"2015\"><strong data-start=\"1955\" data-end=\"2013\">Gel pack isotherme \u00e9cologique et biod\u00e9gradable (100 g)<\/strong><\/li>\n<li data-start=\"2018\" data-end=\"2088\"><strong data-start=\"2018\" data-end=\"2088\">Fabrication partiellement confi\u00e9e \u00e0 un atelier d\u2019insertion sociale<\/strong><\/li>\n<\/ul>\n<h3 data-start=\"2095\" data-end=\"2139\">Pourquoi choisir Rob\u2019Fresh UP Slogan ?<\/h3>\n<p data-start=\"2140\" data-end=\"2531\">\u2705 <strong data-start=\"2142\" data-end=\"2165\">Engag\u00e9 et solidaire<\/strong> \u2013 un sac qui soutient la fili\u00e8re viticole fran\u00e7aise<br data-start=\"2217\" data-end=\"2220\" \/>\u2705 <strong data-start=\"2222\" data-end=\"2241\">\u00c9co-responsable<\/strong> \u2013 mat\u00e9riaux certifi\u00e9s, gel pack biod\u00e9gradable et recyclable<br data-start=\"2301\" data-end=\"2304\" \/>\u2705 <strong data-start=\"2306\" data-end=\"2332\">Fabrication artisanale<\/strong> \u2013 fait main en Provence, avec soin et authenticit\u00e9<br data-start=\"2383\" data-end=\"2386\" \/>\u2705 <strong data-start=\"2388\" data-end=\"2411\">Pratique et durable<\/strong> \u2013 lavable, r\u00e9sistant, jusqu\u2019\u00e0 5 h de fra\u00eecheur<br data-start=\"2458\" data-end=\"2461\" \/>\u2705 <strong data-start=\"2463\" data-end=\"2493\">\u00c9l\u00e9gant et porteur de sens<\/strong> \u2013 slogan inspirant et design soign\u00e9<\/p>\n","protected":false},"excerpt":{"rendered":"<p data-start=\"130\" data-end=\"263\">Avec le sac isotherme <strong data-start=\"152\" data-end=\"177\">Rob\u2019Fresh UP \u2013 Slogans<\/strong>, transportez au frais toutes vos bouteilles et boissons pour toutes vos escapades !<\/p>\n<p data-start=\"265\" data-end=\"458\">Con\u00e7u pour les amateurs de bons vins et les d\u00e9fenseurs du terroir, ce mod\u00e8le porte fi\u00e8rement son message imprim\u00e9 <strong data-start=\"378\" data-end=\"393\">recto verso<\/strong> :<br data-start=\"395\" data-end=\"398\" \/><strong data-start=\"398\" data-end=\"456\">\u00ab \u00c0 chaque verre lev\u00e9\u2026 c\u2019est un vigneron encourag\u00e9 ! \u00bb<\/strong><\/p>\n<ul>\n<li><em>Avec le pack gel kraft<\/em> congel\u00e9 pour vos vins blancs, ros\u00e9s et champagnes (*\u00e0 consommer avec mod\u00e9ration) et autres boissons. Elle vous promet une dur\u00e9e de fra\u00eecheur de 4\/5 heures !<\/li>\n<li>Sans le pack gel kraft pour\u00a0 tous vos vins rouges, afin de conserver leur temp\u00e9rature optimale pendant leur transport !<\/li>\n<li>Sans le pack gel kraft pour garder au chaud dans un bocal soupes et autres denr\u00e9es alimentaires (environ 2 h)<\/li>\n<\/ul>\n<p>Ce sac isotherme, v\u00e9ritable <strong data-start=\"916\" data-end=\"958\">ambassadeur du go\u00fbt et de la fra\u00eecheur<\/strong>, deviendra votre compagnon des moments conviviaux.<br data-start=\"1009\" data-end=\"1012\" \/><strong data-start=\"1012\" data-end=\"1072\">Soutenez la fili\u00e8re viticole, avec style et engagement !<\/strong><\/p>\n","protected":false},"featured_media":8909,"comment_status":"open","ping_status":"closed","template":"","meta":{"_uag_custom_page_level_css":"","_monsterinsights_skip_tracking":false,"_monsterinsights_sitenote_active":false,"_monsterinsights_sitenote_note":"","_monsterinsights_sitenote_category":0,"site-sidebar-layout":"default","site-content-layout":"","ast-site-content-layout":"default","site-content-style":"default","site-sidebar-style":"default","ast-global-header-display":"","ast-banner-title-visibility":"","ast-main-header-display":"","ast-hfb-above-header-display":"","ast-hfb-below-header-display":"","ast-hfb-mobile-header-display":"","site-post-title":"","ast-breadcrumbs-content":"","ast-featured-img":"","footer-sml-layout":"","theme-transparent-header-meta":"default","adv-header-id-meta":"","stick-header-meta":"","header-above-stick-meta":"","header-main-stick-meta":"","header-below-stick-meta":"","astra-migrate-meta-layouts":"set","ast-page-background-enabled":"default","ast-page-background-meta":{"desktop":{"background-color":"","background-image":"","background-repeat":"repeat","background-position":"center center","background-size":"auto","background-attachment":"scroll","background-type":"","background-media":"","overlay-type":"","overlay-color":"","overlay-opacity":"","overlay-gradient":""},"tablet":{"background-color":"","background-image":"","background-repeat":"repeat","background-position":"center center","background-size":"auto","background-attachment":"scroll","background-type":"","background-media":"","overlay-type":"","overlay-color":"","overlay-opacity":"","overlay-gradient":""},"mobile":{"background-color":"","background-image":"","background-repeat":"repeat","background-position":"center center","background-size":"auto","background-attachment":"scroll","background-type":"","background-media":"","overlay-type":"","overlay-color":"","overlay-opacity":"","overlay-gradient":""}},"ast-content-background-meta":{"desktop":{"background-color":"var(--ast-global-color-5)","background-image":"","background-repeat":"repeat","background-position":"center center","background-size":"auto","background-attachment":"scroll","background-type":"","background-media":"","overlay-type":"","overlay-color":"","overlay-opacity":"","overlay-gradient":""},"tablet":{"background-color":"var(--ast-global-color-5)","background-image":"","background-repeat":"repeat","background-position":"center center","background-size":"auto","background-attachment":"scroll","background-type":"","background-media":"","overlay-type":"","overlay-color":"","overlay-opacity":"","overlay-gradient":""},"mobile":{"background-color":"var(--ast-global-color-5)","background-image":"","background-repeat":"repeat","background-position":"center center","background-size":"auto","background-attachment":"scroll","background-type":"","background-media":"","overlay-type":"","overlay-color":"","overlay-opacity":"","overlay-gradient":""}}},"product_brand":[],"product_cat":[96],"product_tag":[],"class_list":{"0":"post-8908","1":"product","2":"type-product","3":"status-publish","4":"has-post-thumbnail","6":"product_cat-rafraichisseur-a-bouteilles-up","7":"desktop-align-left","8":"tablet-align-center","9":"mobile-align-center","11":"first","12":"instock","13":"taxable","14":"shipping-taxable","15":"purchasable","16":"product-type-variable"},"yoast_head":"<!-- This site is optimized with the Yoast SEO plugin v27.5 - https:\/\/yoast.com\/product\/yoast-seo-wordpress\/ -->\n<title>Rob\u2019Fresh UP Slogans - Encourag\u00e9<\/title>\n<meta name=\"description\" content=\"Sac isotherme artisanal Rob\u2019Fresh UP Slogan \u2013 \u00e9co-responsable, fabriqu\u00e9 en Provence. Soutenez la fili\u00e8re viticole avec style et fra\u00eecheur\" \/>\n<meta name=\"robots\" content=\"index, follow, max-snippet:-1, max-image-preview:large, max-video-preview:-1\" \/>\n<link rel=\"canonical\" href=\"https:\/\/robfreshraffraichisseur.fr\/index.php\/produit\/robfresh-up-slogans-encourage\/\" \/>\n<meta property=\"og:locale\" content=\"fr_FR\" \/>\n<meta property=\"og:type\" content=\"article\" \/>\n<meta property=\"og:title\" content=\"Rob\u2019Fresh UP Slogans - Encourag\u00e9\" \/>\n<meta property=\"og:description\" content=\"Sac isotherme artisanal Rob\u2019Fresh UP Slogan \u2013 \u00e9co-responsable, fabriqu\u00e9 en Provence. Soutenez la fili\u00e8re viticole avec style et fra\u00eecheur\" \/>\n<meta property=\"og:url\" content=\"https:\/\/robfreshraffraichisseur.fr\/index.php\/produit\/robfresh-up-slogans-encourage\/\" \/>\n<meta property=\"og:site_name\" content=\"ROB&#039;FRESH | Sac isotherme artisanal et 100% fran\u00e7ais\" \/>\n<meta property=\"article:publisher\" content=\"https:\/\/www.facebook.com\/profile.php?id=100089611600112\" \/>\n<meta property=\"article:modified_time\" content=\"2025-11-11T12:44:51+00:00\" \/>\n<meta property=\"og:image\" content=\"http:\/\/robfreshraffraichisseur.fr\/wp-content\/uploads\/2025\/11\/up_slogan_encourage_apero.webp\" \/>\n\t<meta property=\"og:image:width\" content=\"600\" \/>\n\t<meta property=\"og:image:height\" content=\"600\" \/>\n\t<meta property=\"og:image:type\" content=\"image\/webp\" \/>\n<meta name=\"twitter:card\" content=\"summary_large_image\" \/>\n<meta name=\"twitter:label1\" content=\"Dur\u00e9e de lecture estim\u00e9e\" \/>\n\t<meta name=\"twitter:data1\" content=\"2 minutes\" \/>\n<script type=\"application\/ld+json\" class=\"yoast-schema-graph\">{\"@context\":\"https:\\\/\\\/schema.org\",\"@graph\":[{\"@type\":\"WebPage\",\"@id\":\"https:\\\/\\\/robfreshraffraichisseur.fr\\\/index.php\\\/produit\\\/robfresh-up-slogans-encourage\\\/\",\"url\":\"https:\\\/\\\/robfreshraffraichisseur.fr\\\/index.php\\\/produit\\\/robfresh-up-slogans-encourage\\\/\",\"name\":\"Rob\u2019Fresh UP Slogans - Encourag\u00e9\",\"isPartOf\":{\"@id\":\"https:\\\/\\\/robfreshraffraichisseur.fr\\\/#website\"},\"primaryImageOfPage\":{\"@id\":\"https:\\\/\\\/robfreshraffraichisseur.fr\\\/index.php\\\/produit\\\/robfresh-up-slogans-encourage\\\/#primaryimage\"},\"image\":{\"@id\":\"https:\\\/\\\/robfreshraffraichisseur.fr\\\/index.php\\\/produit\\\/robfresh-up-slogans-encourage\\\/#primaryimage\"},\"thumbnailUrl\":\"https:\\\/\\\/robfreshraffraichisseur.fr\\\/wp-content\\\/uploads\\\/2025\\\/11\\\/up_slogan_encourage_apero.webp\",\"datePublished\":\"2025-11-11T09:20:01+00:00\",\"dateModified\":\"2025-11-11T12:44:51+00:00\",\"description\":\"Sac isotherme artisanal Rob\u2019Fresh UP Slogan \u2013 \u00e9co-responsable, fabriqu\u00e9 en Provence. Soutenez la fili\u00e8re viticole avec style et fra\u00eecheur\",\"breadcrumb\":{\"@id\":\"https:\\\/\\\/robfreshraffraichisseur.fr\\\/index.php\\\/produit\\\/robfresh-up-slogans-encourage\\\/#breadcrumb\"},\"inLanguage\":\"fr-FR\",\"potentialAction\":[{\"@type\":\"ReadAction\",\"target\":[\"https:\\\/\\\/robfreshraffraichisseur.fr\\\/index.php\\\/produit\\\/robfresh-up-slogans-encourage\\\/\"]}]},{\"@type\":\"ImageObject\",\"inLanguage\":\"fr-FR\",\"@id\":\"https:\\\/\\\/robfreshraffraichisseur.fr\\\/index.php\\\/produit\\\/robfresh-up-slogans-encourage\\\/#primaryimage\",\"url\":\"https:\\\/\\\/robfreshraffraichisseur.fr\\\/wp-content\\\/uploads\\\/2025\\\/11\\\/up_slogan_encourage_apero.webp\",\"contentUrl\":\"https:\\\/\\\/robfreshraffraichisseur.fr\\\/wp-content\\\/uploads\\\/2025\\\/11\\\/up_slogan_encourage_apero.webp\",\"width\":600,\"height\":600,\"caption\":\"Up_Slogan_encourag\u00e9_ap\u00e9ro\"},{\"@type\":\"BreadcrumbList\",\"@id\":\"https:\\\/\\\/robfreshraffraichisseur.fr\\\/index.php\\\/produit\\\/robfresh-up-slogans-encourage\\\/#breadcrumb\",\"itemListElement\":[{\"@type\":\"ListItem\",\"position\":1,\"name\":\"Accueil\",\"item\":\"https:\\\/\\\/robfreshraffraichisseur.fr\\\/\"},{\"@type\":\"ListItem\",\"position\":2,\"name\":\"Ma boutique\",\"item\":\"https:\\\/\\\/robfreshraffraichisseur.fr\\\/index.php\\\/ma-boutique\\\/\"},{\"@type\":\"ListItem\",\"position\":3,\"name\":\"Rob\u2019Fresh UP Slogans &#8211; Encourag\u00e9\"}]},{\"@type\":\"WebSite\",\"@id\":\"https:\\\/\\\/robfreshraffraichisseur.fr\\\/#website\",\"url\":\"https:\\\/\\\/robfreshraffraichisseur.fr\\\/\",\"name\":\"ROB'FRESH | Sac isotherme artisanal et 100% fran\u00e7ais\",\"description\":\"Rob&#039;Fresh un rafraichisseur \u00e0 bouteilles , original et chic\",\"publisher\":{\"@id\":\"https:\\\/\\\/robfreshraffraichisseur.fr\\\/#organization\"},\"alternateName\":\"Rob'Fresh\",\"potentialAction\":[{\"@type\":\"SearchAction\",\"target\":{\"@type\":\"EntryPoint\",\"urlTemplate\":\"https:\\\/\\\/robfreshraffraichisseur.fr\\\/?s={search_term_string}\"},\"query-input\":{\"@type\":\"PropertyValueSpecification\",\"valueRequired\":true,\"valueName\":\"search_term_string\"}}],\"inLanguage\":\"fr-FR\"},{\"@type\":\"Organization\",\"@id\":\"https:\\\/\\\/robfreshraffraichisseur.fr\\\/#organization\",\"name\":\"ROB'FRESH | Sac isotherme artisanal et 100% fran\u00e7ais\",\"url\":\"https:\\\/\\\/robfreshraffraichisseur.fr\\\/\",\"logo\":{\"@type\":\"ImageObject\",\"inLanguage\":\"fr-FR\",\"@id\":\"https:\\\/\\\/robfreshraffraichisseur.fr\\\/#\\\/schema\\\/logo\\\/image\\\/\",\"url\":\"https:\\\/\\\/robfreshraffraichisseur.fr\\\/wp-content\\\/uploads\\\/2023\\\/05\\\/cropped-logo-Rob-Fresh-1-scaled.jpg\",\"contentUrl\":\"https:\\\/\\\/robfreshraffraichisseur.fr\\\/wp-content\\\/uploads\\\/2023\\\/05\\\/cropped-logo-Rob-Fresh-1-scaled.jpg\",\"width\":1500,\"height\":500,\"caption\":\"ROB'FRESH | Sac isotherme artisanal et 100% fran\u00e7ais\"},\"image\":{\"@id\":\"https:\\\/\\\/robfreshraffraichisseur.fr\\\/#\\\/schema\\\/logo\\\/image\\\/\"},\"sameAs\":[\"https:\\\/\\\/www.facebook.com\\\/profile.php?id=100089611600112\",\"https:\\\/\\\/www.instagram.com\\\/stories\\\/fka_creations_rob_fresh\\\/3128058353593416974\\\/\"]}]}<\/script>\n<!-- \/ Yoast SEO plugin. -->","yoast_head_json":{"title":"Rob\u2019Fresh UP Slogans - Encourag\u00e9","description":"Sac isotherme artisanal Rob\u2019Fresh UP Slogan \u2013 \u00e9co-responsable, fabriqu\u00e9 en Provence. Soutenez la fili\u00e8re viticole avec style et fra\u00eecheur","robots":{"index":"index","follow":"follow","max-snippet":"max-snippet:-1","max-image-preview":"max-image-preview:large","max-video-preview":"max-video-preview:-1"},"canonical":"https:\/\/robfreshraffraichisseur.fr\/index.php\/produit\/robfresh-up-slogans-encourage\/","og_locale":"fr_FR","og_type":"article","og_title":"Rob\u2019Fresh UP Slogans - Encourag\u00e9","og_description":"Sac isotherme artisanal Rob\u2019Fresh UP Slogan \u2013 \u00e9co-responsable, fabriqu\u00e9 en Provence. Soutenez la fili\u00e8re viticole avec style et fra\u00eecheur","og_url":"https:\/\/robfreshraffraichisseur.fr\/index.php\/produit\/robfresh-up-slogans-encourage\/","og_site_name":"ROB&#039;FRESH | Sac isotherme artisanal et 100% fran\u00e7ais","article_publisher":"https:\/\/www.facebook.com\/profile.php?id=100089611600112","article_modified_time":"2025-11-11T12:44:51+00:00","og_image":[{"width":600,"height":600,"url":"http:\/\/robfreshraffraichisseur.fr\/wp-content\/uploads\/2025\/11\/up_slogan_encourage_apero.webp","type":"image\/webp"}],"twitter_card":"summary_large_image","twitter_misc":{"Dur\u00e9e de lecture estim\u00e9e":"2 minutes"},"schema":{"@context":"https:\/\/schema.org","@graph":[{"@type":"WebPage","@id":"https:\/\/robfreshraffraichisseur.fr\/index.php\/produit\/robfresh-up-slogans-encourage\/","url":"https:\/\/robfreshraffraichisseur.fr\/index.php\/produit\/robfresh-up-slogans-encourage\/","name":"Rob\u2019Fresh UP Slogans - Encourag\u00e9","isPartOf":{"@id":"https:\/\/robfreshraffraichisseur.fr\/#website"},"primaryImageOfPage":{"@id":"https:\/\/robfreshraffraichisseur.fr\/index.php\/produit\/robfresh-up-slogans-encourage\/#primaryimage"},"image":{"@id":"https:\/\/robfreshraffraichisseur.fr\/index.php\/produit\/robfresh-up-slogans-encourage\/#primaryimage"},"thumbnailUrl":"https:\/\/robfreshraffraichisseur.fr\/wp-content\/uploads\/2025\/11\/up_slogan_encourage_apero.webp","datePublished":"2025-11-11T09:20:01+00:00","dateModified":"2025-11-11T12:44:51+00:00","description":"Sac isotherme artisanal Rob\u2019Fresh UP Slogan \u2013 \u00e9co-responsable, fabriqu\u00e9 en Provence. Soutenez la fili\u00e8re viticole avec style et fra\u00eecheur","breadcrumb":{"@id":"https:\/\/robfreshraffraichisseur.fr\/index.php\/produit\/robfresh-up-slogans-encourage\/#breadcrumb"},"inLanguage":"fr-FR","potentialAction":[{"@type":"ReadAction","target":["https:\/\/robfreshraffraichisseur.fr\/index.php\/produit\/robfresh-up-slogans-encourage\/"]}]},{"@type":"ImageObject","inLanguage":"fr-FR","@id":"https:\/\/robfreshraffraichisseur.fr\/index.php\/produit\/robfresh-up-slogans-encourage\/#primaryimage","url":"https:\/\/robfreshraffraichisseur.fr\/wp-content\/uploads\/2025\/11\/up_slogan_encourage_apero.webp","contentUrl":"https:\/\/robfreshraffraichisseur.fr\/wp-content\/uploads\/2025\/11\/up_slogan_encourage_apero.webp","width":600,"height":600,"caption":"Up_Slogan_encourag\u00e9_ap\u00e9ro"},{"@type":"BreadcrumbList","@id":"https:\/\/robfreshraffraichisseur.fr\/index.php\/produit\/robfresh-up-slogans-encourage\/#breadcrumb","itemListElement":[{"@type":"ListItem","position":1,"name":"Accueil","item":"https:\/\/robfreshraffraichisseur.fr\/"},{"@type":"ListItem","position":2,"name":"Ma boutique","item":"https:\/\/robfreshraffraichisseur.fr\/index.php\/ma-boutique\/"},{"@type":"ListItem","position":3,"name":"Rob\u2019Fresh UP Slogans &#8211; Encourag\u00e9"}]},{"@type":"WebSite","@id":"https:\/\/robfreshraffraichisseur.fr\/#website","url":"https:\/\/robfreshraffraichisseur.fr\/","name":"ROB'FRESH | Sac isotherme artisanal et 100% fran\u00e7ais","description":"Rob&#039;Fresh un rafraichisseur \u00e0 bouteilles , original et chic","publisher":{"@id":"https:\/\/robfreshraffraichisseur.fr\/#organization"},"alternateName":"Rob'Fresh","potentialAction":[{"@type":"SearchAction","target":{"@type":"EntryPoint","urlTemplate":"https:\/\/robfreshraffraichisseur.fr\/?s={search_term_string}"},"query-input":{"@type":"PropertyValueSpecification","valueRequired":true,"valueName":"search_term_string"}}],"inLanguage":"fr-FR"},{"@type":"Organization","@id":"https:\/\/robfreshraffraichisseur.fr\/#organization","name":"ROB'FRESH | Sac isotherme artisanal et 100% fran\u00e7ais","url":"https:\/\/robfreshraffraichisseur.fr\/","logo":{"@type":"ImageObject","inLanguage":"fr-FR","@id":"https:\/\/robfreshraffraichisseur.fr\/#\/schema\/logo\/image\/","url":"https:\/\/robfreshraffraichisseur.fr\/wp-content\/uploads\/2023\/05\/cropped-logo-Rob-Fresh-1-scaled.jpg","contentUrl":"https:\/\/robfreshraffraichisseur.fr\/wp-content\/uploads\/2023\/05\/cropped-logo-Rob-Fresh-1-scaled.jpg","width":1500,"height":500,"caption":"ROB'FRESH | Sac isotherme artisanal et 100% fran\u00e7ais"},"image":{"@id":"https:\/\/robfreshraffraichisseur.fr\/#\/schema\/logo\/image\/"},"sameAs":["https:\/\/www.facebook.com\/profile.php?id=100089611600112","https:\/\/www.instagram.com\/stories\/fka_creations_rob_fresh\/3128058353593416974\/"]}]}},"uagb_featured_image_src":{"full":["https:\/\/robfreshraffraichisseur.fr\/wp-content\/uploads\/2025\/11\/up_slogan_encourage_apero.webp",600,600,false],"thumbnail":["https:\/\/robfreshraffraichisseur.fr\/wp-content\/uploads\/2025\/11\/up_slogan_encourage_apero-150x150.webp",150,150,true],"medium":["https:\/\/robfreshraffraichisseur.fr\/wp-content\/uploads\/2025\/11\/up_slogan_encourage_apero-300x300.webp",300,300,true],"medium_large":["https:\/\/robfreshraffraichisseur.fr\/wp-content\/uploads\/2025\/11\/up_slogan_encourage_apero.webp",600,600,false],"large":["https:\/\/robfreshraffraichisseur.fr\/wp-content\/uploads\/2025\/11\/up_slogan_encourage_apero.webp",600,600,false],"1536x1536":["https:\/\/robfreshraffraichisseur.fr\/wp-content\/uploads\/2025\/11\/up_slogan_encourage_apero.webp",600,600,false],"2048x2048":["https:\/\/robfreshraffraichisseur.fr\/wp-content\/uploads\/2025\/11\/up_slogan_encourage_apero.webp",600,600,false],"woocommerce_thumbnail":["https:\/\/robfreshraffraichisseur.fr\/wp-content\/uploads\/2025\/11\/up_slogan_encourage_apero-300x300.webp",300,300,true],"woocommerce_single":["https:\/\/robfreshraffraichisseur.fr\/wp-content\/uploads\/2025\/11\/up_slogan_encourage_apero.webp",600,600,false],"woocommerce_gallery_thumbnail":["https:\/\/robfreshraffraichisseur.fr\/wp-content\/uploads\/2025\/11\/up_slogan_encourage_apero-100x100.webp",100,100,true],"variation_swatches_image_size":["https:\/\/robfreshraffraichisseur.fr\/wp-content\/uploads\/2025\/11\/up_slogan_encourage_apero-50x50.webp",50,50,true],"variation_swatches_tooltip_size":["https:\/\/robfreshraffraichisseur.fr\/wp-content\/uploads\/2025\/11\/up_slogan_encourage_apero-100x100.webp",100,100,true]},"uagb_author_info":{"display_name":"84.robfresh@gmail.com","author_link":"https:\/\/robfreshraffraichisseur.fr\/index.php\/author\/"},"uagb_comment_info":0,"uagb_excerpt":"Avec le sac isotherme Rob\u2019Fresh UP \u2013 Slogans, transportez au frais toutes vos bouteilles et boissons pour toutes vos escapades ! Con\u00e7u pour les amateurs de bons vins et les d\u00e9fenseurs du terroir, ce mod\u00e8le porte fi\u00e8rement son message imprim\u00e9 recto verso :\u00ab \u00c0 chaque verre lev\u00e9\u2026 c\u2019est un vigneron encourag\u00e9 ! \u00bb Avec le\u2026","_links":{"self":[{"href":"https:\/\/robfreshraffraichisseur.fr\/index.php\/wp-json\/wp\/v2\/product\/8908","targetHints":{"allow":["GET"]}}],"collection":[{"href":"https:\/\/robfreshraffraichisseur.fr\/index.php\/wp-json\/wp\/v2\/product"}],"about":[{"href":"https:\/\/robfreshraffraichisseur.fr\/index.php\/wp-json\/wp\/v2\/types\/product"}],"replies":[{"embeddable":true,"href":"https:\/\/robfreshraffraichisseur.fr\/index.php\/wp-json\/wp\/v2\/comments?post=8908"}],"wp:featuredmedia":[{"embeddable":true,"href":"https:\/\/robfreshraffraichisseur.fr\/index.php\/wp-json\/wp\/v2\/media\/8909"}],"wp:attachment":[{"href":"https:\/\/robfreshraffraichisseur.fr\/index.php\/wp-json\/wp\/v2\/media?parent=8908"}],"wp:term":[{"taxonomy":"product_brand","embeddable":true,"href":"https:\/\/robfreshraffraichisseur.fr\/index.php\/wp-json\/wp\/v2\/product_brand?post=8908"},{"taxonomy":"product_cat","embeddable":true,"href":"https:\/\/robfreshraffraichisseur.fr\/index.php\/wp-json\/wp\/v2\/product_cat?post=8908"},{"taxonomy":"product_tag","embeddable":true,"href":"https:\/\/robfreshraffraichisseur.fr\/index.php\/wp-json\/wp\/v2\/product_tag?post=8908"}],"curies":[{"name":"wp","href":"https:\/\/api.w.org\/{rel}","templated":true}]}}